{"id":189,"date":"2016-03-24T13:52:45","date_gmt":"2016-03-24T13:52:45","guid":{"rendered":"http:\/\/uniblaga.eu\/?page_id=189"},"modified":"2016-03-28T15:02:58","modified_gmt":"2016-03-28T15:02:58","slug":"vol-11-1999","status":"publish","type":"page","link":"https:\/\/uniblaga.eu\/ro\/germanistische-beitrage\/vol-11-1999\/","title":{"rendered":"Vol. 11, 1999"},"content":{"rendered":"<p class=\"style1\">Vorwort (5)<\/p>\n<p>Gerhard Konnerth : Laudatio f\u00fcr Prof. Dr. Dr.h.c. Siegfried Grosse (7)<\/p>\n<p>Siegfried Grosse : Politik und Sprachentwicklung 12-22<br \/>\nRolf Willaredt : Goethes naturwissenschaftliches Denken<br \/>\nund Handeln heute (22)<\/p>\n<p>Walter Seifert: Goethes Genieauffassung und Bildungsidee<br \/>\nals Grundlagen seiner und sp\u00e4terer Konzepte von Litraturvermittlung (44)<\/p>\n<p>Gundula-Ulrike Fleischer : Texttypologische Merkmale der \u201eZueignung\u201c\u00a0aus Goethes Faust und Maiorescus \u00dcbertragung ins Rumanische &#8211; \u00a0Eine Fehleranalyse (65)<\/p>\n<p>Miorita Ulrich : Die \u00dcbersetzung in der Sackgasse :<br \/>\nDas Problem der \u201emarginalen\u201c Semantik (74)<\/p>\n<p>Nora Capat\u00e2na : Des is wohl gspa\u00dfig, gell ? Das \u00dcbersetzen von Dialekt\u00a0in humoristischen Texten (89)<\/p>\n<p>Karla Lupsan : Erwin Wittstocks Erz\u00e4hlung Der falsche Malvasier<br \/>\nin rum\u00e4nischer Fassung. Eine \u00dcbersetzungskritik (101)<\/p>\n<p>Laura Fota : Kurzgeschichten von Wolfgang Borchert\u00a0in rum\u00e4nischer \u00dcbersetzung (115)<\/p>\n<p>Mihaela Zaharia : Hermann Hesses Siddharta \u2013 ein moderner Buddha? (122)<\/p>\n<p>Eleonora Pascu : Versuch \u00fcber das \u201ereine Erz\u00e4hlen\u201c :<br \/>\nPeter Handkes Roman Mein Jahr in der Niemandsbucht (130)<\/p>\n<p>Sigrid Haldenwang : Zu den Bedeutungen und zur Etymologie<br \/>\ndes Wortes \u201eF\u00fcllfass\u201c in den binnendeutschen und<br \/>\nsiebenb\u00fcrgisch-s\u00e4chsischen Mundarten (139)<\/p>\n","protected":false},"excerpt":{"rendered":"<p>Vorwort (5) Gerhard Konnerth : Laudatio f\u00fcr Prof. Dr. Dr.h.c. Siegfried Grosse (7) Siegfried Grosse : Politik und Sprachentwicklung 12-22 Rolf Willaredt : Goethes naturwissenschaftliches Denken und Handeln heute (22) Walter Seifert: Goethes Genieauffassung und Bildungsidee als Grundlagen seiner und sp\u00e4terer Konzepte von Litraturvermittlung (44) Gundula-Ulrike Fleischer : Texttypologische Merkmale der \u201eZueignung\u201c\u00a0aus Goethes Faust und &hellip; <a href=\"https:\/\/uniblaga.eu\/ro\/germanistische-beitrage\/vol-11-1999\/\" class=\"more-link\">Continuarea <span class=\"screen-reader-text\">Vol. 11, 1999<\/span> <span class=\"meta-nav\">&rarr;<\/span><\/a><\/p>\n","protected":false},"author":1,"featured_media":0,"parent":7,"menu_order":0,"comment_status":"closed","ping_status":"closed","template":"","meta":[],"_links":{"self":[{"href":"https:\/\/uniblaga.eu\/ro\/wp-json\/wp\/v2\/pages\/189"}],"collection":[{"href":"https:\/\/uniblaga.eu\/ro\/wp-json\/wp\/v2\/pages"}],"about":[{"href":"https:\/\/uniblaga.eu\/ro\/wp-json\/wp\/v2\/types\/page"}],"author":[{"embeddable":true,"href":"https:\/\/uniblaga.eu\/ro\/wp-json\/wp\/v2\/users\/1"}],"replies":[{"embeddable":true,"href":"https:\/\/uniblaga.eu\/ro\/wp-json\/wp\/v2\/comments?post=189"}],"version-history":[{"count":4,"href":"https:\/\/uniblaga.eu\/ro\/wp-json\/wp\/v2\/pages\/189\/revisions"}],"predecessor-version":[{"id":632,"href":"https:\/\/uniblaga.eu\/ro\/wp-json\/wp\/v2\/pages\/189\/revisions\/632"}],"up":[{"embeddable":true,"href":"https:\/\/uniblaga.eu\/ro\/wp-json\/wp\/v2\/pages\/7"}],"wp:attachment":[{"href":"https:\/\/uniblaga.eu\/ro\/wp-json\/wp\/v2\/media?parent=189"}],"curies":[{"name":"wp","href":"https:\/\/api.w.org\/{rel}","templated":true}]}}