{"id":187,"date":"2016-03-24T13:52:18","date_gmt":"2016-03-24T13:52:18","guid":{"rendered":"http:\/\/uniblaga.eu\/?page_id=187"},"modified":"2016-03-28T15:02:26","modified_gmt":"2016-03-28T15:02:26","slug":"vol-12-2000","status":"publish","type":"page","link":"https:\/\/uniblaga.eu\/ro\/germanistische-beitrage\/vol-12-2000\/","title":{"rendered":"Vol. 12, 2000"},"content":{"rendered":"<p class=\"style1\">Vorwort (5)<\/p>\n<p>Horst Schuller: LAUDATIO zur Verleihung des Ehrendoktors der<br \/>\nHermannst\u00e4dter Lucian-Blaga-Universit\u00e4t an Joachim Wittstock (6)<\/p>\n<p>Joachim Wittstock: Utopien des Geistes und des Wortes im Hermannst\u00e4dter\u00a0Horizont (10)<\/p>\n<p>Bibliographie Joachim Wittstock (30)<\/p>\n<p>Maria Sass: Literarische Beziehung und Originalit\u00e4t<br \/>\nProsodische Aspekte der Lyrik von George Cosbuc (70)<\/p>\n<p>Monica Wikete: Goethe-Rezeption bei Erwin Wittstock (79)<\/p>\n<p>Rolf Willaredt: \u201eGegenwart ist ihr Ewigkeit\u201c. Ein fach\u00fcbergreifendes<br \/>\nUnterrichtsprojekt zum Naturerleben mit Goethe f\u00fcr Schulen und Universit\u00e4t (102)<\/p>\n<p>PROTOKOLL der Seminar-Arbeiten zur Hochschuldidaktik Mediasch,\u00a031.Mai \u2013 2. Juni 1999, im Fortbildungszentrum Schuller-Haus (113)<\/p>\n","protected":false},"excerpt":{"rendered":"<p>Vorwort (5) Horst Schuller: LAUDATIO zur Verleihung des Ehrendoktors der Hermannst\u00e4dter Lucian-Blaga-Universit\u00e4t an Joachim Wittstock (6) Joachim Wittstock: Utopien des Geistes und des Wortes im Hermannst\u00e4dter\u00a0Horizont (10) Bibliographie Joachim Wittstock (30) Maria Sass: Literarische Beziehung und Originalit\u00e4t Prosodische Aspekte der Lyrik von George Cosbuc (70) Monica Wikete: Goethe-Rezeption bei Erwin Wittstock (79) Rolf Willaredt: \u201eGegenwart &hellip; <a href=\"https:\/\/uniblaga.eu\/ro\/germanistische-beitrage\/vol-12-2000\/\" class=\"more-link\">Continuarea <span class=\"screen-reader-text\">Vol. 12, 2000<\/span> <span class=\"meta-nav\">&rarr;<\/span><\/a><\/p>\n","protected":false},"author":1,"featured_media":0,"parent":7,"menu_order":0,"comment_status":"closed","ping_status":"closed","template":"","meta":[],"_links":{"self":[{"href":"https:\/\/uniblaga.eu\/ro\/wp-json\/wp\/v2\/pages\/187"}],"collection":[{"href":"https:\/\/uniblaga.eu\/ro\/wp-json\/wp\/v2\/pages"}],"about":[{"href":"https:\/\/uniblaga.eu\/ro\/wp-json\/wp\/v2\/types\/page"}],"author":[{"embeddable":true,"href":"https:\/\/uniblaga.eu\/ro\/wp-json\/wp\/v2\/users\/1"}],"replies":[{"embeddable":true,"href":"https:\/\/uniblaga.eu\/ro\/wp-json\/wp\/v2\/comments?post=187"}],"version-history":[{"count":4,"href":"https:\/\/uniblaga.eu\/ro\/wp-json\/wp\/v2\/pages\/187\/revisions"}],"predecessor-version":[{"id":631,"href":"https:\/\/uniblaga.eu\/ro\/wp-json\/wp\/v2\/pages\/187\/revisions\/631"}],"up":[{"embeddable":true,"href":"https:\/\/uniblaga.eu\/ro\/wp-json\/wp\/v2\/pages\/7"}],"wp:attachment":[{"href":"https:\/\/uniblaga.eu\/ro\/wp-json\/wp\/v2\/media?parent=187"}],"curies":[{"name":"wp","href":"https:\/\/api.w.org\/{rel}","templated":true}]}}