{"id":155,"date":"2016-03-24T13:27:09","date_gmt":"2016-03-24T13:27:09","guid":{"rendered":"http:\/\/uniblaga.eu\/?page_id=155"},"modified":"2025-11-07T08:47:10","modified_gmt":"2025-11-07T08:47:10","slug":"for-authors","status":"publish","type":"page","link":"https:\/\/uniblaga.eu\/ro\/germanistische-beitrage\/for-authors\/","title":{"rendered":"Pentru autori"},"content":{"rendered":"<p><\/p>\n<p><strong>Trimiterea articolelor<\/strong><\/p>\n<p>Termenul-limit\u0103 pentru transmiterea articolelor sau a recenziilor este 1 aprilie a anului \u00een curs.<br \/>Nu se percep taxe de publicare.<br \/>Autorii sunt ruga\u021bi s\u0103 redacteze articolele (maximum 10 pagini) \u00eenso\u021bite de rezumat (200 cuvinte), cuvinte-cheie, traducerea titlului \u00een limba englez\u0103 conform <a href=\"http:\/\/uniblaga.eu\/wp-content\/uploads\/2025\/10\/FormaIia.pdf\">ghidului de redactare<\/a> \u0219i s\u0103 le trimit\u0103 \u00eempreun\u0103 cu <a href=\"https:\/\/uniblaga.eu\/wp-content\/uploads\/2025\/10\/OA_License_GB.doc\">formularul Open Access<\/a> la adresa de e-mail <a href=\"mailto:revista.germanistischebeitrage@ulbsibiu.ro\">revista.germanistischebeitrage@ulbsibiu.ro<\/a> .<br \/>Manuscrisele trimise trebuie s\u0103 fie \u00eenso\u0163ite de date personale (titlul \u015ftiin\u0163ific\/func\u0163ia actual\u0103 \/institu\u0163ia, date de contact pentru coresponden\u0163\u0103 electronic\u0103).<\/p>\n<p><\/p>\n\n\n<p><\/p>","protected":false},"excerpt":{"rendered":"<p>Trimiterea articolelor Termenul-limit\u0103 pentru transmiterea articolelor sau a recenziilor este 1 aprilie a anului \u00een curs.Nu se percep taxe de publicare.Autorii sunt ruga\u021bi s\u0103 redacteze articolele (maximum 10 pagini) \u00eenso\u021bite de rezumat (200 cuvinte), cuvinte-cheie, traducerea titlului \u00een limba englez\u0103 conform ghidului de redactare \u0219i s\u0103 le trimit\u0103 \u00eempreun\u0103 cu formularul Open Access la adresa &hellip; <a href=\"https:\/\/uniblaga.eu\/ro\/germanistische-beitrage\/for-authors\/\" class=\"more-link\">Continuarea <span class=\"screen-reader-text\">Pentru autori<\/span> <span class=\"meta-nav\">&rarr;<\/span><\/a><\/p>\n","protected":false},"author":1,"featured_media":0,"parent":7,"menu_order":0,"comment_status":"closed","ping_status":"closed","template":"","meta":[],"_links":{"self":[{"href":"https:\/\/uniblaga.eu\/ro\/wp-json\/wp\/v2\/pages\/155"}],"collection":[{"href":"https:\/\/uniblaga.eu\/ro\/wp-json\/wp\/v2\/pages"}],"about":[{"href":"https:\/\/uniblaga.eu\/ro\/wp-json\/wp\/v2\/types\/page"}],"author":[{"embeddable":true,"href":"https:\/\/uniblaga.eu\/ro\/wp-json\/wp\/v2\/users\/1"}],"replies":[{"embeddable":true,"href":"https:\/\/uniblaga.eu\/ro\/wp-json\/wp\/v2\/comments?post=155"}],"version-history":[{"count":86,"href":"https:\/\/uniblaga.eu\/ro\/wp-json\/wp\/v2\/pages\/155\/revisions"}],"predecessor-version":[{"id":2114,"href":"https:\/\/uniblaga.eu\/ro\/wp-json\/wp\/v2\/pages\/155\/revisions\/2114"}],"up":[{"embeddable":true,"href":"https:\/\/uniblaga.eu\/ro\/wp-json\/wp\/v2\/pages\/7"}],"wp:attachment":[{"href":"https:\/\/uniblaga.eu\/ro\/wp-json\/wp\/v2\/media?parent=155"}],"curies":[{"name":"wp","href":"https:\/\/api.w.org\/{rel}","templated":true}]}}