{"id":1127,"date":"2022-01-24T12:03:19","date_gmt":"2022-01-24T12:03:19","guid":{"rendered":"http:\/\/uniblaga.eu\/?page_id=1127"},"modified":"2026-04-28T11:57:31","modified_gmt":"2026-04-28T11:57:31","slug":"about","status":"publish","type":"page","link":"https:\/\/uniblaga.eu\/ro\/about\/","title":{"rendered":"Despre noi"},"content":{"rendered":"<p><\/p>\n<p>Revista <em>Germanistische Beitr\u00e4ge<\/em> (ISSN 1454\u20135144), CNCS 2020 cat. A, este una dintre cele mai vechi reviste de profil din \u021bar\u0103 fiind fondat\u0103 \u00een 1993. Revista are ca obiectiv principal difuzarea rezultatelor cercet\u0103rii din domeniul filologie german\u0103 (literatura \u0219i cultura german\u0103 din Rom\u00e2nia \u0219i Europa de Sud-Est, lingvistic\u0103 aplicat\u0103, studii culturale, teoria \u0219i practica traducerii). Av\u00e2nd un profil specific \u00een peisajul autohton, revista se bucur\u0103, totodat\u0103, de o solid\u0103 reputa\u021bie.<\/p>\n<p>Continuitatea revistei se datoreaz\u0103 viziunii, angajamentului \u0219i efortului multor colaboratori \u0219i colegi \u2013 cadre didactice universitare sau cercet\u0103tori, doctoranzi \u0219i tineri cercet\u0103tori din toate centrele universitare de la noi \u0219i din str\u0103in\u0103tate, interesa\u021bi de rela\u021biile culturale \u00een spa\u021biul Europei de Sud-Est ori de promovarea literaturii, limbii \u0219i culturii germane din Rom\u00e2nia sau a literaturii \u0219i culturii rom\u00e2ne \u00een spa\u021biul germanofon \u2013 care au sporit calitatea con\u021binutului \u0219tiin\u021bific \u0219i prestigiul publica\u021biei.<\/p>\n<p>Prin con\u021binut \u0219i continuitate revista contribuie la promovarea cercet\u0103rii filologice asigur\u00e2nd o mai bun\u0103 vizibilitate a germanisticii din Rom\u00e2nia \u00een mediul \u015ftiin\u0163ific interna\u0163ional. \u00cen cele peste trei decenii de activitate editorial\u0103 de succes editorii revistei s-au implicat activ \u00een promovarea schimbului \u0219tiin\u021bific \u0219i intercultural, astfel \u00eenc\u00e2t revista \u0219i-a extins constant orientarea tematic\u0103 \u0219i \u0219i-a \u00eembun\u0103t\u0103\u021bit indexarea \u00een baze de date academice recunoscute.<\/p>\n<p>\u00cencep\u00e2nd cu num\u0103rul 51\/2025 revista <em>Germanistische Beitr\u00e4ge<\/em> se prezint\u0103 \u00eentr-un nou format grafic, ce marcheaz\u0103 \u00eenceputul unei noi etape \u00een istoria publica\u021biei. Astfel, revista \u00eencurajeaz\u0103 publicarea de studii interdisciplinare (interferen\u021be literare, lingvistice \u0219i culturale, literatura \u0219i cultura minorit\u0103\u021bilor germanofone, istoria \u0219i receptarea literaturii germane din Rom\u00e2nia, schimbul cultural \u0219i formarea identit\u0103\u021bii colective \u00een regiuni multietnice, fenomenele de contact lingvistic) pentru a impulsiona dezbaterea academic\u0103 a unor teme specifice germanisticii \u00een context regional \u0219i european.<\/p>\n<p>Revista public\u0103 \u00een format tip\u0103rit \u0219i \u00een regim Open Access doar articole originale \u0219i recenzii \u00een limba german\u0103. Solicit\u0103rile de publicare \u0219i articolele propuse (maxim 10 pagini) \u0219i formularul Open Access se primesc la adresa de e-mail <a href=\"mailto:revista.germanistischebeitrage@ulbsibiu.ro\">revista.germanistischebeitrage@ulbsibiu.ro<\/a>. Revista nu percepe taxe de publicare, este disponibil\u0103 online \u0219i este gratuit\u0103.<\/p>\n<p>Revista a ap\u0103rut bianual \u00een format tip\u0103rit \u015fi online p\u00e2n\u0103 \u00een 2019. \u00cencep\u00e2nd cu anul 2019 revista este distribuit\u0103 prin platforma Sciendo (De Gruyter), ceea ce i-a sporit vizibilitatea interna\u021bional\u0103, iar din anul 2020 apare un singur num\u0103r pe an. Dup\u0103 reorganizarea \u00een anul 2017 a centrului de cercetare din Facultatea de Litere \u0219i Arte, Centrul de Studii lingvistice, literare \u0219i culturale (CSLLC), revista apare sub egida acestui centru recunoscut la nivelul universit\u0103\u021bii.<\/p>\n<p>Revista este indexat\u0103 \u00een mai multe baze de date academice recunoscute \u00een domeniul \u0219tiin\u021belor umaniste: ERIH PLUS (din 2014), EBSCO (din 2010), Index Copernicus (din 2009), DOAJ (din 2022).<\/p>\n<p>Articolele publicate sunt licen\u021biate conform licen\u021bei Attribution-NonCommercial-NoDerivatives 4.0 International (CC BY-NC-ND 4.0).<\/p>\n<p><img loading=\"lazy\" class=\"alignnone size-medium wp-image-949 aligncenter\" src=\"http:\/\/uniblaga.eu\/wp-content\/uploads\/2016\/03\/Logo-CSLLC-300x153.jpg\" alt=\"Logo CSLLC\" width=\"300\" height=\"153\" srcset=\"https:\/\/uniblaga.eu\/wp-content\/uploads\/2016\/03\/Logo-CSLLC-300x153.jpg 300w, https:\/\/uniblaga.eu\/wp-content\/uploads\/2016\/03\/Logo-CSLLC-768x391.jpg 768w, https:\/\/uniblaga.eu\/wp-content\/uploads\/2016\/03\/Logo-CSLLC-1024x522.jpg 1024w\" sizes=\"(max-width: 300px) 100vw, 300px\" \/><\/p>\n<hr \/>\n<p><strong>Consiliul de redac\u0163ie\u00a0<\/strong><\/p>\n<p>Prof. Dr. Mathias Bauer<br \/>\nUniversit\u00e4t Flensburg<\/p>\n<p>Prof. Dr. Matja\u017e Birk<br \/>\nUniversit\u00e4t Maribor<\/p>\n<p>Dr. Oxana Chira<br \/>\nStaatliche Universit\u00e4t \u201eAlecu Russo\u201c B\u0103l\u021bi<\/p>\n<p>Dr. Delia Cot\u00e2rlea<br \/>\nTransilvania-Universit\u00e4t Kronstadt<\/p>\n<p>Prof. Dr. habil. Beata Grzeszczakowska-Pawlikowska<br \/>\nUniversit\u00e4t \u0141\u00f3d\u017a<\/p>\n<p>Dr. Oliver Herbst<br \/>\nJulius-Maximilians-Universit\u00e4t W\u00fcrzburg<\/p>\n<p>Prof. Dr. Biljana Ivanovska<br \/>\nGoce-Del\u010dev-Universit\u00e4t \u0160tip<\/p>\n<p>Prof. Dr. Torsten Leuschner<br \/>\nUniversit\u00e4t Gent<\/p>\n<p>Prof. Dr. Iulia-Karin Patrut<br \/>\nUniversit\u00e4t Flensburg<\/p>\n<p>Prof. Dr. habil. Daniela Pelka<br \/>\nUniversit\u00e4t Oppeln<\/p>\n<p>Dr. habil. Roberta V. Rada<br \/>\nE\u00f6tv\u00f6s-Lor\u00e1nd-Universit\u00e4t Budapest<\/p>\n<p>Prof. Dr. habil. Raluca R\u0103dulescu<br \/>\nUniversit\u00e4t Bukarest<\/p>\n<p>Dr. Olivia Spiridon<br \/>\nInstitut f\u00fcr donauschw\u00e4bische Geschichte und Landeskunde T\u00fcbingen<\/p>\n<p>Dr. Holger Wochele<br \/>\nJohannes Gutenberg-Universit\u00e4t Mainz<\/p>\n<hr \/>\n<p><strong>Consiliul academic<\/strong><\/p>\n<p>Prof. Dr. Andr\u00e1s F. Balogh<br \/>\nBabe\u0219-Bolyai-Universit\u00e4t Klausenburg<\/p>\n<p>Prof. Dr. Marina Petrovi\u0107-J\u00fclich<br \/>\nUniversit\u00e4t Kragujevac<\/p>\n<p>Dr. Gordana Risti\u0107<br \/>\nUniversit\u00e4t Novi Sad<\/p>\n<p>Dr. Nadjib Sadikou<br \/>\nEuropa-Universit\u00e4t Flensburg<\/p>\n<p>Prof. Dr. Dr. h.c. Thede Kahl<br \/>\nFriedrich-Schiller-Universit\u00e4t Jena<\/p>\n<hr \/>\n<p><strong>Secretari de redac\u0163ie<\/strong><\/p>\n<p>Dr. Marius Stroia<br \/>\nDr. Ovio Olaru<br \/>\nLucian-Blaga-Universit\u00e4t Hermannstadt<\/p>\n<p style=\"text-align: justify;\">\n<p><\/p>","protected":false},"excerpt":{"rendered":"<p>Revista Germanistische Beitr\u00e4ge (ISSN 1454\u20135144), CNCS 2020 cat. A, este una dintre cele mai vechi reviste de profil din \u021bar\u0103 fiind fondat\u0103 \u00een 1993. Revista are ca obiectiv principal difuzarea rezultatelor cercet\u0103rii din domeniul filologie german\u0103 (literatura \u0219i cultura german\u0103 din Rom\u00e2nia \u0219i Europa de Sud-Est, lingvistic\u0103 aplicat\u0103, studii culturale, teoria \u0219i practica traducerii). Av\u00e2nd &hellip; <a href=\"https:\/\/uniblaga.eu\/ro\/about\/\" class=\"more-link\">Continuarea <span class=\"screen-reader-text\">Despre noi<\/span> <span class=\"meta-nav\">&rarr;<\/span><\/a><\/p>\n","protected":false},"author":1,"featured_media":0,"parent":0,"menu_order":0,"comment_status":"closed","ping_status":"closed","template":"","meta":[],"_links":{"self":[{"href":"https:\/\/uniblaga.eu\/ro\/wp-json\/wp\/v2\/pages\/1127"}],"collection":[{"href":"https:\/\/uniblaga.eu\/ro\/wp-json\/wp\/v2\/pages"}],"about":[{"href":"https:\/\/uniblaga.eu\/ro\/wp-json\/wp\/v2\/types\/page"}],"author":[{"embeddable":true,"href":"https:\/\/uniblaga.eu\/ro\/wp-json\/wp\/v2\/users\/1"}],"replies":[{"embeddable":true,"href":"https:\/\/uniblaga.eu\/ro\/wp-json\/wp\/v2\/comments?post=1127"}],"version-history":[{"count":100,"href":"https:\/\/uniblaga.eu\/ro\/wp-json\/wp\/v2\/pages\/1127\/revisions"}],"predecessor-version":[{"id":2167,"href":"https:\/\/uniblaga.eu\/ro\/wp-json\/wp\/v2\/pages\/1127\/revisions\/2167"}],"wp:attachment":[{"href":"https:\/\/uniblaga.eu\/ro\/wp-json\/wp\/v2\/media?parent=1127"}],"curies":[{"name":"wp","href":"https:\/\/api.w.org\/{rel}","templated":true}]}}