{"id":808,"date":"2018-08-27T18:13:28","date_gmt":"2018-08-27T18:13:28","guid":{"rendered":"http:\/\/uniblaga.eu\/?page_id=808"},"modified":"2018-09-02T21:28:57","modified_gmt":"2018-09-02T21:28:57","slug":"vol-42-2018","status":"publish","type":"page","link":"https:\/\/uniblaga.eu\/de\/vol-42-2018\/","title":{"rendered":"Band 42, 2018"},"content":{"rendered":"<p><strong>Inhalt<\/strong><\/p>\n<p><a href=\"http:\/\/uniblaga.eu\/wp-content\/uploads\/2018\/42\/Doris_Sava_Haldewang.pdf\">Doris Sava (Hermannstadt\/Sibiu): Erinnerndes Bewahren:<\/a><br \/>\n<a href=\"http:\/\/uniblaga.eu\/wp-content\/uploads\/2018\/42\/Doris_Sava_Haldewang.pdf\"> Vergessenes der Vergessenheit entrei\u00dfen.<\/a><br \/>\n<a href=\"http:\/\/uniblaga.eu\/wp-content\/uploads\/2018\/42\/Doris_Sava_Haldewang.pdf\"> Dr. Sigrid Haldenwang zum Geburtstag gewidmet&#8230;&#8230;&#8230;&#8230;&#8230;&#8230;.. 11<\/a><\/p>\n<p><strong>I. Literaturwissenschaft und Landeskunde<\/strong><\/p>\n<p><a href=\"http:\/\/uniblaga.eu\/wp-content\/uploads\/2018\/42\/Nubert.pdf\">Roxana Nubert (Temeswar): Interkulturelle Aspekte der<\/a><br \/>\n<a href=\"http:\/\/uniblaga.eu\/wp-content\/uploads\/2018\/42\/Nubert.pdf\"> Banater Heimatliteratur \u2013 Mit besonderer Ber\u00fccksichtigung<\/a><br \/>\n<a href=\"http:\/\/uniblaga.eu\/wp-content\/uploads\/2018\/42\/Nubert.pdf\"> von Adam M\u00fcller-Guttenbrunn&#8230;&#8230;&#8230;&#8230;&#8230;&#8230;&#8230;&#8230;&#8230;&#8230;&#8230;&#8230;&#8230;&#8230;&#8230;&#8230;&#8230; 27<\/a><\/p>\n<p><a href=\"http:\/\/uniblaga.eu\/wp-content\/uploads\/2018\/42\/Cotarlea_Puchianu.pdf\">Delia Cot\u00e2rlea \/ Carmen Elisabeth Puchianu (Kronstadt\/<\/a><br \/>\n<a href=\"http:\/\/uniblaga.eu\/wp-content\/uploads\/2018\/42\/Cotarlea_Puchianu.pdf\"> Bra\u015fov): Zwischen politischem Kompromiss und \u00e4sthetischem<\/a><br \/>\n<a href=\"http:\/\/uniblaga.eu\/wp-content\/uploads\/2018\/42\/Cotarlea_Puchianu.pdf\"> Anspruch: Rum\u00e4niendeutsche Lyrik der 1980er und 1990er<\/a><br \/>\n<a href=\"http:\/\/uniblaga.eu\/wp-content\/uploads\/2018\/42\/Cotarlea_Puchianu.pdf\"> Jahre im Spiegel der Kronst\u00e4dter Wochenschrift<\/a><br \/>\n<a href=\"http:\/\/uniblaga.eu\/wp-content\/uploads\/2018\/42\/Cotarlea_Puchianu.pdf\"> Karpatenrundschau Teil I&#8230;&#8230;&#8230;&#8230;&#8230;&#8230;&#8230;&#8230;&#8230;&#8230;&#8230;&#8230;&#8230;&#8230;&#8230;&#8230;&#8230;&#8230;&#8230;.. 48<\/a><\/p>\n<p><a href=\"http:\/\/uniblaga.eu\/wp-content\/uploads\/2018\/42\/Cotarlea_Puchianu2.pdf\">Delia Cot\u00e2rlea \/ Carmen Elisabeth Puchianu (Kronstadt\/<\/a><br \/>\n<a href=\"http:\/\/uniblaga.eu\/wp-content\/uploads\/2018\/42\/Cotarlea_Puchianu2.pdf\"> Bra\u015fov): Zwischen politischem Kompromiss und \u00e4sthetischem<\/a><br \/>\n<a href=\"http:\/\/uniblaga.eu\/wp-content\/uploads\/2018\/42\/Cotarlea_Puchianu2.pdf\"> Anspruch: Rum\u00e4niendeutsche Lyrik der 1980er und 1990er<\/a><br \/>\n<a href=\"http:\/\/uniblaga.eu\/wp-content\/uploads\/2018\/42\/Cotarlea_Puchianu2.pdf\"> Jahre im Spiegel der Kronst\u00e4dter Wochenschrift<\/a><br \/>\n<a href=\"http:\/\/uniblaga.eu\/wp-content\/uploads\/2018\/42\/Cotarlea_Puchianu2.pdf\"> Karpatenrundschau Teil II&#8230;&#8230;&#8230;&#8230;&#8230;&#8230;&#8230;&#8230;&#8230;&#8230;&#8230;&#8230;&#8230;&#8230;&#8230;&#8230;&#8230;&#8230;&#8230;. 65<\/a><\/p>\n<p><a href=\"http:\/\/uniblaga.eu\/wp-content\/uploads\/2018\/42\/Buciu.pdf\">Lucian Buciu (Bukarest): Erinnerungskultur und Kollaboration<\/a><br \/>\n<a href=\"http:\/\/uniblaga.eu\/wp-content\/uploads\/2018\/42\/Buciu.pdf\"> bei den Siebenb\u00fcrger Sachsen unter der Milit\u00e4rdiktatur<\/a><br \/>\n<a href=\"http:\/\/uniblaga.eu\/wp-content\/uploads\/2018\/42\/Buciu.pdf\"> Antonescus. Zu Ursula Ackrills Roman Zeiden, im Januar&#8230;&#8230;.. 79<\/a><\/p>\n<p><a href=\"http:\/\/uniblaga.eu\/wp-content\/uploads\/2018\/42\/Dumitru.pdf\">Andreea Dumitru (Sibiu\/Hermannstadt): Mischehen<\/a><br \/>\n<a href=\"http:\/\/uniblaga.eu\/wp-content\/uploads\/2018\/42\/Dumitru.pdf\"> in Siebenb\u00fcrgen. Der Dialog zwischen den Kulturen<\/a><br \/>\n<a href=\"http:\/\/uniblaga.eu\/wp-content\/uploads\/2018\/42\/Dumitru.pdf\"> in der eigenen Familie&#8230;&#8230;&#8230;&#8230;&#8230;&#8230;&#8230;&#8230;&#8230;&#8230;&#8230;&#8230;&#8230;&#8230;&#8230;&#8230;&#8230;&#8230;&#8230;&#8230;&#8230;.. 91<\/a><\/p>\n<p><a href=\"http:\/\/uniblaga.eu\/wp-content\/uploads\/2018\/42\/Berdie.pdf\">Adeline-Alexandra Berdie (Hermannstadt\/Sibiu):<\/a><br \/>\n<a href=\"http:\/\/uniblaga.eu\/wp-content\/uploads\/2018\/42\/Berdie.pdf\"> Die Kopftuchdebatte in Deutschland&#8230;&#8230;&#8230;&#8230;&#8230;&#8230;&#8230;&#8230;&#8230;&#8230;&#8230;&#8230;&#8230;. 108<\/a><\/p>\n<p><strong>II. Sprachwissenschaft<\/strong><\/p>\n<p><a href=\"http:\/\/uniblaga.eu\/wp-content\/uploads\/2018\/42\/Amin.pdf\">Amira Amin (Kairo): Das phraseologische Potenzial<\/a><br \/>\n<a href=\"http:\/\/uniblaga.eu\/wp-content\/uploads\/2018\/42\/Amin.pdf\"> innovativer metaphorischer Wendungen<\/a><br \/>\n<a href=\"http:\/\/uniblaga.eu\/wp-content\/uploads\/2018\/42\/Amin.pdf\"> in den Kurzgeschichten von Christoph Peters&#8230;&#8230;&#8230;&#8230;&#8230;&#8230;&#8230;&#8230;.. 117<\/a><\/p>\n<p><a href=\"http:\/\/uniblaga.eu\/wp-content\/uploads\/2018\/42\/Smereka.pdf\">Joanna Smereka (Breslau): Die Konvention und Variet\u00e4t<\/a><br \/>\n<a href=\"http:\/\/uniblaga.eu\/wp-content\/uploads\/2018\/42\/Smereka.pdf\"> der Anredeformen im Roman Simplicissimus (1669)<\/a><br \/>\n<a href=\"http:\/\/uniblaga.eu\/wp-content\/uploads\/2018\/42\/Smereka.pdf\"> von H. J. C. Grimmelshausen&#8230;&#8230;&#8230;&#8230;&#8230;&#8230;&#8230;&#8230;&#8230;&#8230;&#8230;&#8230;&#8230;&#8230;&#8230;&#8230;&#8230; 131<\/a><\/p>\n<p><a href=\"http:\/\/uniblaga.eu\/wp-content\/uploads\/2018\/42\/Haldewang.pdf\">Sigrid Haldenwang (Hermannstadt\/Sibiu): Wortbildungen,<\/a><br \/>\n<a href=\"http:\/\/uniblaga.eu\/wp-content\/uploads\/2018\/42\/Haldewang.pdf\"> die im Siebenb\u00fcrgisch-S\u00e4chsischen aufgrund<\/a><br \/>\n<a href=\"http:\/\/uniblaga.eu\/wp-content\/uploads\/2018\/42\/Haldewang.pdf\"> von lateinischen Lexemen entstanden sind&#8230;&#8230;&#8230;&#8230;&#8230;&#8230;&#8230;&#8230;&#8230;&#8230;. 151<\/a><\/p>\n<p><a href=\"http:\/\/uniblaga.eu\/wp-content\/uploads\/2018\/42\/Nistor.pdf\">Adina Lucia Nistor (Jassy): Der Name Fle\u015fer<\/a><br \/>\n<a href=\"http:\/\/uniblaga.eu\/wp-content\/uploads\/2018\/42\/Nistor.pdf\"> und seine Varianten in Rum\u00e4nien. Herkunft, Bildung<\/a><br \/>\n<a href=\"http:\/\/uniblaga.eu\/wp-content\/uploads\/2018\/42\/Nistor.pdf\"> und Verbreitung&#8230;&#8230;&#8230;&#8230;&#8230;&#8230;&#8230;&#8230;&#8230;&#8230;&#8230;&#8230;&#8230;&#8230;&#8230;&#8230;&#8230;&#8230;&#8230;&#8230;&#8230;&#8230;&#8230;&#8230;. 170<\/a><\/p>\n<p><a href=\"http:\/\/uniblaga.eu\/wp-content\/uploads\/2018\/42\/Sava.pdf\">Doris Sava (Hermannstadt\/Sibiu): Gehegt und gepflegt:<\/a><br \/>\n<a href=\"http:\/\/uniblaga.eu\/wp-content\/uploads\/2018\/42\/Sava.pdf\"> Das Rum\u00e4niendeutsche in der Neuauflage (2016)<\/a><br \/>\n<a href=\"http:\/\/uniblaga.eu\/wp-content\/uploads\/2018\/42\/Sava.pdf\"> des Variantenw\u00f6rterbuchs des Deutschen&#8230;&#8230;&#8230;&#8230;&#8230;&#8230;&#8230;&#8230;&#8230;&#8230;&#8230; 180<\/a><\/p>\n<p><a href=\"http:\/\/uniblaga.eu\/wp-content\/uploads\/2018\/42\/Danila.pdf\">Adriana D\u0103nil\u0103 (Bukarest): Sanktionierung<\/a><br \/>\n<a href=\"http:\/\/uniblaga.eu\/wp-content\/uploads\/2018\/42\/Danila.pdf\"> des Fehlverhaltens in den Online-Diskussionsbeitr\u00e4gen&#8230;&#8230;&#8230;. 198<\/a><\/p>\n<p><a href=\"http:\/\/uniblaga.eu\/wp-content\/uploads\/2018\/42\/Lobin_Konnerth.pdf\">G\u00fcnter Lobin (Paderborn) \/ Sara Konnerth (Hermannstadt\/<\/a><br \/>\n<a href=\"http:\/\/uniblaga.eu\/wp-content\/uploads\/2018\/42\/Lobin_Konnerth.pdf\"> Sibiu): Ein Sprachmodell f\u00fcr den Fremdsprachenunterricht&#8230;. 214<\/a><\/p>\n<p><strong>III. \u00dcbersetzungswissenschaft<\/strong><\/p>\n<p><a href=\"http:\/\/uniblaga.eu\/wp-content\/uploads\/2018\/42\/Wittstock.pdf\">Joachim Wittstock (Sibiu\/Hermannstadt): Als \u00dcbersetzer<\/a><br \/>\n<a href=\"http:\/\/uniblaga.eu\/wp-content\/uploads\/2018\/42\/Wittstock.pdf\"> zugange in den literarischen Best\u00e4nden Rum\u00e4niens&#8230;&#8230;&#8230;&#8230;&#8230;.. 231<\/a><\/p>\n<p><strong>IV. B\u00fccherschau<\/strong><\/p>\n<p><a href=\"http:\/\/uniblaga.eu\/wp-content\/uploads\/2018\/42\/Tudor.pdf\">Alexandra Tudor (Kronstadt\/Bra\u015fov): Rezension&#8230;&#8230;&#8230;&#8230;&#8230;&#8230; 249<\/a><\/p>\n<p><strong>Verzeichnis der AutorInnen&#8230;&#8230;&#8230;&#8230;&#8230;&#8230;&#8230;&#8230;&#8230;&#8230;&#8230;&#8230;&#8230;&#8230;&#8230;&#8230;&#8230; 255<\/strong><\/p>","protected":false},"excerpt":{"rendered":"<p>Inhalt Doris Sava (Hermannstadt\/Sibiu): Erinnerndes Bewahren: Vergessenes der Vergessenheit entrei\u00dfen. Dr. Sigrid Haldenwang zum Geburtstag gewidmet&#8230;&#8230;&#8230;&#8230;&#8230;&#8230;.. 11 I. Literaturwissenschaft und Landeskunde Roxana Nubert (Temeswar): Interkulturelle Aspekte der Banater Heimatliteratur \u2013 Mit besonderer Ber\u00fccksichtigung von Adam M\u00fcller-Guttenbrunn&#8230;&#8230;&#8230;&#8230;&#8230;&#8230;&#8230;&#8230;&#8230;&#8230;&#8230;&#8230;&#8230;&#8230;&#8230;&#8230;&#8230; 27 Delia Cot\u00e2rlea \/ Carmen Elisabeth Puchianu (Kronstadt\/ Bra\u015fov): Zwischen politischem Kompromiss und \u00e4sthetischem Anspruch: Rum\u00e4niendeutsche Lyrik der 1980er &hellip; <a href=\"https:\/\/uniblaga.eu\/de\/vol-42-2018\/\" class=\"more-link\"><span class=\"screen-reader-text\">Band 42, 2018<\/span> weiterlesen <span class=\"meta-nav\">&rarr;<\/span><\/a><\/p>\n","protected":false},"author":1,"featured_media":0,"parent":0,"menu_order":0,"comment_status":"closed","ping_status":"closed","template":"","meta":[],"_links":{"self":[{"href":"https:\/\/uniblaga.eu\/de\/wp-json\/wp\/v2\/pages\/808"}],"collection":[{"href":"https:\/\/uniblaga.eu\/de\/wp-json\/wp\/v2\/pages"}],"about":[{"href":"https:\/\/uniblaga.eu\/de\/wp-json\/wp\/v2\/types\/page"}],"author":[{"embeddable":true,"href":"https:\/\/uniblaga.eu\/de\/wp-json\/wp\/v2\/users\/1"}],"replies":[{"embeddable":true,"href":"https:\/\/uniblaga.eu\/de\/wp-json\/wp\/v2\/comments?post=808"}],"version-history":[{"count":14,"href":"https:\/\/uniblaga.eu\/de\/wp-json\/wp\/v2\/pages\/808\/revisions"}],"predecessor-version":[{"id":828,"href":"https:\/\/uniblaga.eu\/de\/wp-json\/wp\/v2\/pages\/808\/revisions\/828"}],"wp:attachment":[{"href":"https:\/\/uniblaga.eu\/de\/wp-json\/wp\/v2\/media?parent=808"}],"curies":[{"name":"wp","href":"https:\/\/api.w.org\/{rel}","templated":true}]}}