{"id":1127,"date":"2022-01-24T12:03:19","date_gmt":"2022-01-24T12:03:19","guid":{"rendered":"http:\/\/uniblaga.eu\/?page_id=1127"},"modified":"2026-04-28T11:57:31","modified_gmt":"2026-04-28T11:57:31","slug":"about","status":"publish","type":"page","link":"https:\/\/uniblaga.eu\/de\/about\/","title":{"rendered":"\u00dcber uns"},"content":{"rendered":"<p><\/p>\n<p>Seit \u00fcber drei\u00dfig Jahren engagiert sich die Zeitschrift <em>Germanistische Beitr\u00e4ge<\/em> (ISSN 1454\u20135144) f\u00fcr den wissenschaftlichen und interkulturellen Austausch. Als eine der \u00e4ltesten Fachzeitschriften weist sie ein deutliches wissenschaftliches Profil auf. Vor dem Hintergrund der historischen Verwurzelung der deutschen Sprache und Kultur in Siebenb\u00fcrgen hat die 1993 gegr\u00fcndete Publikation ihre inhaltliche Ausrichtung kontinuierlich erweitert und sich thematisch an den Forschungsschwerpunkten der rum\u00e4nischen Germanistik orientiert.<\/p>\n<p>In den vergangenen drei Jahrzehnten widmete sich die Zeitschrift vielf\u00e4ltigen Fragestellungen aus unterschiedlichen Perspektiven: literarische, sprachliche und kulturelle \u00dcberschneidungen, identit\u00e4tsstiftende Infrastrukturen der deutschen Minderheit Rum\u00e4niens, Geschichte und Rezeption der rum\u00e4niendeutschen Literatur, Interkulturalit\u00e4t, Kulturaustausch und kollektive Identit\u00e4tsbildung in multiethnischen Regionen, geschichtliche und regionale Verankerung des Deutschen, Sprachkontaktph\u00e4nomene, kommunikative Praktiken im Sprachvergleich sowie Vermittlung des Deutschen in der Lehre.<\/p>\n<p>Dass die <em>Germanistischen Beitr\u00e4ge<\/em> heute auf \u00fcber drei Jahrzehnte erfolgreicher Publikationst\u00e4tigkeit zur\u00fcckblicken k\u00f6nnen, ist der Weitsicht und dem Engagement ihrer Herausgeber und Wegbegleiter (Autorinnen und Autoren, Mitglieder der Redaktionsbeirats, Gutachterinnen und Gutachter) zu verdanken. Sie haben die Qualit\u00e4t und das Ansehen der Publikation ma\u00dfgeblich gesteigert. In Zeiten tiefgreifender Umbr\u00fcche bleibt die Zeitschrift ihrer inhaltlichen Ausrichtung und dem Grundsatz, dass Deutsch als Publikationssprache f\u00fcr die kulturelle Selbstverortung pr\u00e4gend ist, weiterhin treu. Zu den Schwerpunkten der\u00a0<em>Germanistischen Beitr\u00e4ge\u00a0<\/em>geh\u00f6ren daher auch k\u00fcnftig die rum\u00e4niendeutsche Literatur, das Rum\u00e4niendeutsche als Standardvariet\u00e4t und Regionalsprache und die deutsche Kultur in Rum\u00e4nien.<\/p>\n<p>Die Zeitschrift ver\u00f6ffentlicht in gedruckter Form und im Open-Access-Modell ausschlie\u00dflich Originalbeitr\u00e4ge und Rezensionen in deutscher Sprache. Die Aufs\u00e4tze (max. 10 Seiten) sind unter dem Dokumenttitel Nachname_Vorname_GB_Bandnummer.doc zusammen mit dem Open Access-Formular an die Mailadresse revista.germanistischebeitrage@ulbsibiu.ro zu schicken. Es werden keine Publikationsgeb\u00fchren erhoben; die Zeitschrift ist online verf\u00fcgbar und kostenlos zug\u00e4nglich.<\/p>\n<p>Die Zeitschrift erscheint jeweils im November unter der Schirmherrschaft des Zentrums f\u00fcr linguistische, literarische und kulturelle Forschung (ZLLKF) der Philologischen Fakult\u00e4t in Hermannstadt. Bis 2019 erschien sie halbj\u00e4hrlich in gedruckter und digitaler Form. Seit 2019 wird sie \u00fcber die Plattform Sciendo (De Gruyter) verbreitet, was ihre internationale Sichtbarkeit erh\u00f6ht hat. Gegenw\u00e4rtig erscheint die Zeitschrift in folgenden Datenbanken: ERIH PLUS (seit 2014), EBSCO (seit 2010), Index Copernicus (seit 2009) und DOAJ (seit 2022).<\/p>\n<p>Die Zeitschrift wurde 2020 vom Nationalen Rat f\u00fcr Wissenschaft und Forschung mit der h\u00f6chsten Einstufung (A) ausgezeichnet.<\/p>\n<p>Die ver\u00f6ffentlichten Aufs\u00e4tze sind gem\u00e4\u00df der\u00a0<a href=\"https:\/\/creativecommons.org\/licenses\/by\/4.0\/\">Attribution-NonCommercial-NoDerivatives 4.0 International (CC BY-NC-ND 4.0) License<\/a>\u00a0lizenziert.<\/p>\n<p><img loading=\"lazy\" class=\"alignnone size-medium wp-image-949 aligncenter\" src=\"http:\/\/uniblaga.eu\/wp-content\/uploads\/2016\/03\/Logo-CSLLC-300x153.jpg\" alt=\"Logo CSLLC\" width=\"300\" height=\"153\" srcset=\"https:\/\/uniblaga.eu\/wp-content\/uploads\/2016\/03\/Logo-CSLLC-300x153.jpg 300w, https:\/\/uniblaga.eu\/wp-content\/uploads\/2016\/03\/Logo-CSLLC-768x391.jpg 768w, https:\/\/uniblaga.eu\/wp-content\/uploads\/2016\/03\/Logo-CSLLC-1024x522.jpg 1024w\" sizes=\"(max-width: 300px) 100vw, 300px\" \/><\/p>\n<hr \/>\n<p><strong>Redaktionsbeirat<\/strong><\/p>\n<p>Prof. Dr. Mathias Bauer<br \/>\nUniversit\u00e4t Flensburg<\/p>\n<p>Prof. Dr. Matja\u017e Birk<br \/>\nUniversit\u00e4t Maribor<\/p>\n<p>Dr. Oxana Chira<br \/>\nStaatliche Universit\u00e4t \u201eAlecu Russo\u201c B\u0103l\u021bi<\/p>\n<p>Dr. Delia Cot\u00e2rlea<br \/>\nTransilvania-Universit\u00e4t Kronstadt<\/p>\n<p>Prof. Dr. habil. Beata Grzeszczakowska-Pawlikowska<br \/>\nUniversit\u00e4t \u0141\u00f3d\u017a<\/p>\n<p>Dr. Oliver Herbst<br \/>\nJulius-Maximilians-Universit\u00e4t W\u00fcrzburg<\/p>\n<p>Prof. Dr. Biljana Ivanovska<br \/>\nGoce-Del\u010dev-Universit\u00e4t \u0160tip<\/p>\n<p>Prof. Dr. Torsten Leuschner<br \/>\nUniversit\u00e4t Gent<\/p>\n<p>Prof. Dr. Iulia-Karin Patrut<br \/>\nUniversit\u00e4t Flensburg<\/p>\n<p>Prof. Dr. habil. Daniela Pelka<br \/>\nUniversit\u00e4t Oppeln<\/p>\n<p>Dr. habil. Roberta V. Rada<br \/>\nE\u00f6tv\u00f6s-Lor\u00e1nd-Universit\u00e4t Budapest<\/p>\n<p>Prof. Dr. habil. Raluca R\u0103dulescu<br \/>\nUniversit\u00e4t Bukarest<\/p>\n<p>Dr. Olivia Spiridon<br \/>\nInstitut f\u00fcr donauschw\u00e4bische Geschichte und Landeskunde T\u00fcbingen<\/p>\n<p>Dr. Holger Wochele<br \/>\nJohannes Gutenberg-Universit\u00e4t Mainz<\/p>\n<hr \/>\n<p><strong>Wissenschaftlicher Beirat<\/strong><\/p>\n<p>Prof. Dr. Andr\u00e1s F. Balogh<br \/>\nBabe\u0219-Bolyai-Universit\u00e4t Klausenburg<\/p>\n<p>Prof. Dr. Marina Petrovi\u0107-J\u00fclich<br \/>\nUniversit\u00e4t Kragujevac<\/p>\n<p>Dr. Gordana Risti\u0107<br \/>\nUniversit\u00e4t Novi Sad<\/p>\n<p>Dr. Nadjib Sadikou<br \/>\nEuropa-Universit\u00e4t Flensburg<\/p>\n<p>Prof. Dr. Dr. h.c. Thede Kahl<br \/>\nFriedrich-Schiller-Universit\u00e4t Jena<\/p>\n<hr \/>\n<p><strong>Redaktionssekretariat<\/strong><\/p>\n<p>Dr. Marius Stroia<br \/>\nDr. Ovio Olaru<br \/>\nLucian-Blaga-Universit\u00e4t Hermannstadt<\/p>\n<p><\/p>","protected":false},"excerpt":{"rendered":"<p>Seit \u00fcber drei\u00dfig Jahren engagiert sich die Zeitschrift Germanistische Beitr\u00e4ge (ISSN 1454\u20135144) f\u00fcr den wissenschaftlichen und interkulturellen Austausch. Als eine der \u00e4ltesten Fachzeitschriften weist sie ein deutliches wissenschaftliches Profil auf. Vor dem Hintergrund der historischen Verwurzelung der deutschen Sprache und Kultur in Siebenb\u00fcrgen hat die 1993 gegr\u00fcndete Publikation ihre inhaltliche Ausrichtung kontinuierlich erweitert und sich &hellip; <a href=\"https:\/\/uniblaga.eu\/de\/about\/\" class=\"more-link\"><span class=\"screen-reader-text\">\u00dcber uns<\/span> weiterlesen <span class=\"meta-nav\">&rarr;<\/span><\/a><\/p>\n","protected":false},"author":1,"featured_media":0,"parent":0,"menu_order":0,"comment_status":"closed","ping_status":"closed","template":"","meta":[],"_links":{"self":[{"href":"https:\/\/uniblaga.eu\/de\/wp-json\/wp\/v2\/pages\/1127"}],"collection":[{"href":"https:\/\/uniblaga.eu\/de\/wp-json\/wp\/v2\/pages"}],"about":[{"href":"https:\/\/uniblaga.eu\/de\/wp-json\/wp\/v2\/types\/page"}],"author":[{"embeddable":true,"href":"https:\/\/uniblaga.eu\/de\/wp-json\/wp\/v2\/users\/1"}],"replies":[{"embeddable":true,"href":"https:\/\/uniblaga.eu\/de\/wp-json\/wp\/v2\/comments?post=1127"}],"version-history":[{"count":100,"href":"https:\/\/uniblaga.eu\/de\/wp-json\/wp\/v2\/pages\/1127\/revisions"}],"predecessor-version":[{"id":2167,"href":"https:\/\/uniblaga.eu\/de\/wp-json\/wp\/v2\/pages\/1127\/revisions\/2167"}],"wp:attachment":[{"href":"https:\/\/uniblaga.eu\/de\/wp-json\/wp\/v2\/media?parent=1127"}],"curies":[{"name":"wp","href":"https:\/\/api.w.org\/{rel}","templated":true}]}}