{"id":1067,"date":"2021-11-02T16:43:31","date_gmt":"2021-11-02T16:43:31","guid":{"rendered":"http:\/\/uniblaga.eu\/?page_id=1067"},"modified":"2022-10-11T10:39:45","modified_gmt":"2022-10-11T10:39:45","slug":"vol-47-2021","status":"publish","type":"page","link":"https:\/\/uniblaga.eu\/de\/vol-47-2021\/","title":{"rendered":"Band 47, 2021"},"content":{"rendered":"<p><\/p>\n<p style=\"text-align: center;\"><strong>Inhalt<\/strong><\/p>\n<p><a href=\"http:\/\/uniblaga.eu\/wp-content\/uploads\/2021\/47\/Sava47-1.pdf\">Doris SAVA (Hermannstadt): Durch fachliche Kontakte und unermessliche Wirkung h\u00f6heren Anspr\u00fcchen dienend. Nachruf auf Prof. Dr. Horst Schuller &#8230;&#8230;&#8230;&#8230;&#8230;&#8230;&#8230;&#8230;&#8230;&#8230;&#8230;&#8230;&#8230;&#8230;&#8230;&#8230;&#8230;&#8230;&#8230;&#8230;&#8230;&#8230;&#8230;&#8230;&#8230;&#8230;&#8230;. 13<\/a><\/p>\n<p>I. Literaturwissenschaft und Landeskunde<\/p>\n<p><a href=\"http:\/\/uniblaga.eu\/wp-content\/uploads\/2021\/47\/Wittstock47-1.pdf\">Joachim WITTSTOCK (Hermannstadt): Die mythische Existenz eines Romans und seine Wirklichkeit. Ein Prosamanuskript der siebenb\u00fcrgischen Dichterin Gerda Mie\u00df &#8230;&#8230;&#8230;&#8230;&#8230;&#8230;&#8230;&#8230;&#8230;&#8230;&#8230;&#8230;&#8230;. 23<\/a><\/p>\n<p><a href=\"http:\/\/uniblaga.eu\/wp-content\/uploads\/2021\/47\/Propszt47-1.pdf\">Eszter PROPSZT (Szeged): Ungarndeutsche Literatur als Gelegenheit ungarndeutscher Identit\u00e4tsbildung &#8230;&#8230;&#8230;&#8230;&#8230;&#8230;&#8230;&#8230;&#8230;. 31<\/a><\/p>\n<p><a href=\"http:\/\/uniblaga.eu\/wp-content\/uploads\/2021\/47\/Predoiu47-1.pdf\">Grazziella PREDOIU (Temeswar): Schreiben mit der Schere. Herta M\u00fcllers Collageband Vater telefoniert mit den Fliegen&#8230;&#8230;&#8230;&#8230;&#8230; 50<\/a><\/p>\n<p><a href=\"http:\/\/uniblaga.eu\/wp-content\/uploads\/2021\/47\/Spiridon47-1.pdf\">Claudia SPIRIDON-\u0218ERBU (Kronstadt): \u00c4sthetische Darstellungsformen der kommunistischen Vergangenheit in Carmen Francesca Bancius Lebt Wohl, Ihr Genossen und Geliebten! (2018)&#8230;&#8230;&#8230;&#8230;&#8230;&#8230;&#8230;&#8230;&#8230;&#8230;&#8230;&#8230;&#8230;&#8230;&#8230;&#8230;&#8230;&#8230;&#8230;&#8230;&#8230;&#8230;&#8230;&#8230;&#8230;&#8230;&#8230;&#8230;&#8230;&#8230;&#8230;.. 67<\/a><\/p>\n<p><a href=\"http:\/\/uniblaga.eu\/wp-content\/uploads\/2021\/47\/Jakabhazi47-1.pdf\">R\u00e9ka JAKABH\u00c1ZI (Klausenburg): Archetypen und das kollektive Unbewusste in Hermann Hesses Demian (1919) und in Urtrost (1924) von \u00c1ron Tam\u00e1si. Ein Vergleich&#8230;&#8230;&#8230;&#8230;&#8230;&#8230;&#8230;&#8230;&#8230;&#8230;&#8230;&#8230;&#8230;&#8230;.. 83<\/a><\/p>\n<p><a href=\"http:\/\/uniblaga.eu\/wp-content\/uploads\/2021\/47\/Galter47-1.pdf\">Sunhild GALTER (Hermannstadt): Zwischen Fiktion und historischer Realit\u00e4t: Gusel Jachinas Roman Wolgakinder&#8230;&#8230;&#8230;&#8230;&#8230;&#8230;&#8230;&#8230;&#8230;.. 98<\/a><\/p>\n<p><a href=\"http:\/\/uniblaga.eu\/wp-content\/uploads\/2021\/47\/Nowikiewicz47-1.pdf\">El\u1e91bieta NOWIKIEWICZ (Polen): Raum. Ort. Topographien der Posener Heimatliteratur&#8230;&#8230;&#8230;&#8230;&#8230;&#8230;&#8230;&#8230;&#8230;&#8230;&#8230;&#8230;&#8230;&#8230;&#8230;&#8230;&#8230;&#8230;&#8230;&#8230;&#8230;&#8230; 112<\/a><\/p>\n<p><a href=\"http:\/\/uniblaga.eu\/wp-content\/uploads\/2021\/47\/Puchianu47-1.pdf\">Carmen Elisabeth PUCHIANU\/Delia COT\u00c2RLEA (Kronstadt): Rum\u00e4niendeutsche Literatur im Spiegel der Kronst\u00e4dter Beitr\u00e4ge zur germanistischen Forschung. R\u00fcck- und Ausblick&#8230;&#8230;&#8230;.. 145<\/a><\/p>\n<p><a href=\"http:\/\/uniblaga.eu\/wp-content\/uploads\/2021\/47\/Nubert47-1.pdf\">Roxana NUBERT\/ Ana-Maria DASC\u0102LU-ROMI\u021aAN (Temeswar): Interkultureller Dialog und deutsche Landeskunde in Temeswar&#8230;&#8230;&#8230;&#8230;&#8230;&#8230;&#8230;&#8230;&#8230;&#8230;&#8230;&#8230;&#8230;&#8230;&#8230;&#8230;&#8230;&#8230;&#8230;&#8230;&#8230;&#8230;&#8230;&#8230;&#8230;&#8230;&#8230;&#8230;&#8230;&#8230;.. 176<\/a><\/p>\n<p>II. Sprachwissenschaft und Didaktik<\/p>\n<p><a href=\"http:\/\/uniblaga.eu\/wp-content\/uploads\/2021\/47\/Haldewang47-1.pdf\">Sigrid HALDENWANG (Hermannstadt): Zu den Heiligennamen \u201eBartholom\u00e4us\u201c und \u201eJohannes\u201c im Siebenb\u00fcrgisch-S\u00e4chsischen, die auf biblische Heilige und deren Geburtstage zur\u00fcckgehen&#8230;. 193<\/a><\/p>\n<p><a href=\"http:\/\/uniblaga.eu\/wp-content\/uploads\/2021\/47\/Sava47-2.pdf\">Doris SAVA (Hermannstadt): In Zeiten der Corona. Sprache in der Krise&#8230;&#8230;&#8230;&#8230;&#8230;&#8230;&#8230;&#8230;&#8230;&#8230;&#8230;&#8230;&#8230;&#8230;&#8230;&#8230;&#8230;&#8230;&#8230;&#8230;&#8230;&#8230;&#8230;&#8230;&#8230;&#8230;&#8230;&#8230;&#8230;&#8230;&#8230;&#8230;&#8230; 209<\/a><\/p>\n<p><a href=\"http:\/\/uniblaga.eu\/wp-content\/uploads\/2021\/47\/Maslanka47-1.pdf\">Sebastian MA\u015aLANKA (Opole): Einige Bemerkungen zu den produktivsten Wortbildungsstrategien in der deutschen Fachterminologie des Eisenbahnwesens und der kontrastiven Ber\u00fccksichtigung des Polnischen &#8230;&#8230;&#8230;&#8230;&#8230;&#8230;&#8230;&#8230;&#8230;&#8230;&#8230;&#8230;&#8230;&#8230;&#8230;&#8230;&#8230;&#8230;&#8230;&#8230;&#8230; 225<\/a><\/p>\n<p><a href=\"http:\/\/uniblaga.eu\/wp-content\/uploads\/2021\/47\/Nicolaescu47-1.pdf\">Alexandra NICOLAESCU (Bukarest): Landeskunde im DaF-Unterricht: kognitiv, kommunikativ, interkulturell oder diskursiv? &#8230;&#8230;&#8230;&#8230;&#8230;&#8230;&#8230;&#8230;&#8230;&#8230;&#8230;&#8230;&#8230;&#8230;&#8230;&#8230;&#8230;&#8230;&#8230;&#8230;&#8230;&#8230;&#8230;&#8230;&#8230;&#8230;&#8230;&#8230;&#8230;&#8230;&#8230;&#8230;&#8230;&#8230;&#8230; 245<\/a><\/p>\n<p><a href=\"http:\/\/uniblaga.eu\/wp-content\/uploads\/2021\/47\/Dascalu47-1.pdf\">Ana-Maria DASC\u0102LU-ROMI\u021aAN (Temeswar): Deutsch als Fremdsprache in Rum\u00e4nien \u2013 am Beispiel der Polytechnischen Universit\u00e4t Temeswar &#8230;&#8230;&#8230;&#8230;&#8230;&#8230;&#8230;&#8230;&#8230;&#8230;&#8230;&#8230;&#8230;&#8230;&#8230;&#8230;&#8230;&#8230;&#8230;&#8230;&#8230;&#8230;&#8230;&#8230; 260<\/a><\/p>\n<p><a href=\"http:\/\/uniblaga.eu\/wp-content\/uploads\/2021\/47\/Cusin47-1.pdf\">Ioana CUSIN (Bukarest): Die Rolle des Radio-Interviews im Landeskundeunterricht. \u201cEin Mediascher in Paraguay\u201d&#8230;&#8230;&#8230; 273<\/a><\/p>\n<p>III. B\u00fccherschau<\/p>\n<p><a href=\"http:\/\/uniblaga.eu\/wp-content\/uploads\/2021\/47\/Sass47-1.pdf\">Maria SASS (Hermannstadt): Die Angst war \u201eEin Gef\u00e4ngnis ohne Mauern\u201d. Rezension &#8230;&#8230;&#8230;&#8230;&#8230;&#8230;&#8230;&#8230;&#8230;&#8230;&#8230;&#8230;&#8230;&#8230;&#8230;&#8230;&#8230;&#8230;&#8230;&#8230;&#8230;&#8230;&#8230;&#8230;&#8230;. 285<\/a><\/p>\n<p><a href=\"http:\/\/uniblaga.eu\/wp-content\/uploads\/2021\/47\/Sava47-3.pdf\">Doris SAVA (Hermannstadt): Namen machen Leute. Rezension&#8230;&#8230;&#8230;&#8230;&#8230;&#8230;&#8230;&#8230;&#8230;&#8230;&#8230;&#8230;&#8230;&#8230;&#8230;&#8230;&#8230;&#8230;&#8230;&#8230;&#8230;&#8230;&#8230;&#8230;&#8230;&#8230;&#8230;&#8230;&#8230;&#8230;&#8230;.. 295<\/a><\/p>\n<p><a href=\"http:\/\/uniblaga.eu\/wp-content\/uploads\/2021\/47\/Greavu47-1.pdf\">Alexandra GREAVU (Kronstadt): Rezension&#8230;&#8230;&#8230;&#8230;&#8230;&#8230;&#8230;&#8230;&#8230; 302<\/a><\/p>\n<p><a href=\"http:\/\/uniblaga.eu\/wp-content\/uploads\/2021\/47\/Galter47-2.pdf\">Sunhild GALTER (Hermannstadt): Rezension&#8230;&#8230;&#8230;&#8230;&#8230;&#8230;&#8230;&#8230;. 318<\/a><\/p>\n<p>Verzeichnis der AutorInnen&#8230;&#8230;&#8230;&#8230;&#8230;&#8230;&#8230;&#8230;&#8230;&#8230;&#8230;&#8230;&#8230;&#8230;&#8230;&#8230;&#8230;&#8230;&#8230;. 327<\/p>","protected":false},"excerpt":{"rendered":"<p>Inhalt Doris SAVA (Hermannstadt): Durch fachliche Kontakte und unermessliche Wirkung h\u00f6heren Anspr\u00fcchen dienend. Nachruf auf Prof. Dr. Horst Schuller &#8230;&#8230;&#8230;&#8230;&#8230;&#8230;&#8230;&#8230;&#8230;&#8230;&#8230;&#8230;&#8230;&#8230;&#8230;&#8230;&#8230;&#8230;&#8230;&#8230;&#8230;&#8230;&#8230;&#8230;&#8230;&#8230;&#8230;. 13 I. Literaturwissenschaft und Landeskunde Joachim WITTSTOCK (Hermannstadt): Die mythische Existenz eines Romans und seine Wirklichkeit. Ein Prosamanuskript der siebenb\u00fcrgischen Dichterin Gerda Mie\u00df &#8230;&#8230;&#8230;&#8230;&#8230;&#8230;&#8230;&#8230;&#8230;&#8230;&#8230;&#8230;&#8230;. 23 Eszter PROPSZT (Szeged): Ungarndeutsche Literatur als Gelegenheit ungarndeutscher Identit\u00e4tsbildung &#8230;&#8230;&#8230;&#8230;&#8230;&#8230;&#8230;&#8230;&#8230;. &hellip; <a href=\"https:\/\/uniblaga.eu\/de\/vol-47-2021\/\" class=\"more-link\"><span class=\"screen-reader-text\">Band 47, 2021<\/span> weiterlesen <span class=\"meta-nav\">&rarr;<\/span><\/a><\/p>\n","protected":false},"author":1,"featured_media":0,"parent":0,"menu_order":0,"comment_status":"closed","ping_status":"closed","template":"","meta":[],"_links":{"self":[{"href":"https:\/\/uniblaga.eu\/de\/wp-json\/wp\/v2\/pages\/1067"}],"collection":[{"href":"https:\/\/uniblaga.eu\/de\/wp-json\/wp\/v2\/pages"}],"about":[{"href":"https:\/\/uniblaga.eu\/de\/wp-json\/wp\/v2\/types\/page"}],"author":[{"embeddable":true,"href":"https:\/\/uniblaga.eu\/de\/wp-json\/wp\/v2\/users\/1"}],"replies":[{"embeddable":true,"href":"https:\/\/uniblaga.eu\/de\/wp-json\/wp\/v2\/comments?post=1067"}],"version-history":[{"count":50,"href":"https:\/\/uniblaga.eu\/de\/wp-json\/wp\/v2\/pages\/1067\/revisions"}],"predecessor-version":[{"id":1393,"href":"https:\/\/uniblaga.eu\/de\/wp-json\/wp\/v2\/pages\/1067\/revisions\/1393"}],"wp:attachment":[{"href":"https:\/\/uniblaga.eu\/de\/wp-json\/wp\/v2\/media?parent=1067"}],"curies":[{"name":"wp","href":"https:\/\/api.w.org\/{rel}","templated":true}]}}