{"id":1023,"date":"2020-11-16T11:55:53","date_gmt":"2020-11-16T11:55:53","guid":{"rendered":"http:\/\/uniblaga.eu\/?page_id=1023"},"modified":"2022-02-01T21:26:41","modified_gmt":"2022-02-01T21:26:41","slug":"vol-46-2020","status":"publish","type":"page","link":"https:\/\/uniblaga.eu\/de\/vol-46-2020\/","title":{"rendered":"Band 46, 2020"},"content":{"rendered":"<p><\/p>\n<h3 style=\"text-align: center;\"><strong>Inhalt<\/strong><\/h3>\n<p>&nbsp;<\/p>\n<p><a href=\"http:\/\/uniblaga.eu\/wp-content\/uploads\/2020\/46\/Sava1.pdf\"><strong>Doris SAVA<\/strong> (Sibiu\/Hermannstadt): <em>Heiter bis wolkig<\/em>. Zum 50. Jubil\u00e4um des Hermannst\u00e4dter Lehrstuhls f\u00fcr Germanistik&#8230;&#8230;.. 15 <\/a><\/p>\n<h5>Literatur- und kulturwissenschaftliche Studien<\/h5>\n<p><a href=\"http:\/\/uniblaga.eu\/wp-content\/uploads\/2020\/46\/Cheie.pdf\"><strong>Laura CHEIE<\/strong> (Temeswar\/Timi\u0219oara): <em>Allm\u00e4hlich clowngesichtig<\/em>. Zu einer literarischen Maske des modernen Autors am Beispiel Paul Celans&#8230;&#8230;&#8230;&#8230;&#8230;&#8230;&#8230;&#8230;&#8230;&#8230;&#8230;&#8230;&#8230;&#8230;&#8230;&#8230;&#8230;&#8230;&#8230;&#8230;&#8230;&#8230;. 51 <\/a><\/p>\n<p><a href=\"http:\/\/uniblaga.eu\/wp-content\/uploads\/2020\/46\/Spiridon.pdf\"><strong>Olivia SPIRIDON<\/strong> (T\u00fcbingen): \u201eSchilf w\u00e4chst dar\u00fcber, Schilf w\u00e4chst immer dar\u00fcber.\u201c Heimatliche Donaulandschaften in den deutschsprachigen Literaturen S\u00fcdosteuropas nach 1945&#8230; 70 <\/a><\/p>\n<p><a href=\"http:\/\/uniblaga.eu\/wp-content\/uploads\/2020\/46\/Fischer.pdf\"><strong>Ioana CR\u0102CIUN-FISCHER<\/strong> (Bucure\u0219ti\/Bukarest): \u201eSchwankend zwischen zwei Kulturen.\u201c Einige Bemerkungen zur deutschlandbezogenen Gelegenheitsdichtung Ion Barbus&#8230;&#8230;&#8230;.. 92 <\/a><\/p>\n<p><a href=\"http:\/\/uniblaga.eu\/wp-content\/uploads\/2020\/46\/Said.pdf\"><strong>Eman Mohamed ABDELFATTAH SAID<\/strong> (Kairo): <em>Fern von Aleppo<\/em>. Narrative Themenentfaltung im interkulturellen Kontext&#8230;&#8230;&#8230;&#8230;&#8230;&#8230;&#8230;&#8230;&#8230;&#8230;&#8230;&#8230;&#8230;&#8230;&#8230;&#8230;&#8230;&#8230;&#8230;&#8230;&#8230;&#8230;&#8230;&#8230;&#8230;&#8230;&#8230;.. 108 <\/a><\/p>\n<p><a href=\"http:\/\/uniblaga.eu\/wp-content\/uploads\/2020\/46\/Karlstedt.pdf\"><strong>Ana KARLSTEDT<\/strong> (Bucure\u0219ti\/Bukarest): Dichten ums \u00dcberleben auf Gratwanderung zwischen Ost und West. Die Rolle der Geschichte(n) in Jan Koneffkes Roman <em>Die sieben Leben des Felix Kannmacher<\/em>&#8230;&#8230;&#8230;&#8230;&#8230;&#8230;&#8230;&#8230;&#8230;&#8230;&#8230;&#8230;&#8230;&#8230;&#8230;&#8230;&#8230;&#8230;&#8230;&#8230;&#8230;&#8230;&#8230;&#8230;&#8230;&#8230;&#8230;&#8230;. 130 <\/a><\/p>\n<p><a href=\"http:\/\/uniblaga.eu\/wp-content\/uploads\/2020\/46\/Ghita.pdf\"><strong>Roxana-Andreea GHI\u0162\u0102<\/strong> (Craiova): Zwischen Heimatverlust und unischerer Gegenwart: Sozialer Wandel in <em>Zonenkinder<\/em> (2002) von Jana Hensel und <em>Scotch<\/em> (2010) von Ioana Bradea &#8230;&#8230;&#8230;&#8230;&#8230;&#8230;&#8230;142 <\/a><\/p>\n<p><a href=\"http:\/\/uniblaga.eu\/wp-content\/uploads\/2020\/46\/Nicoriuc.pdf\"><strong>B\u00e9atrice-Kristine NICORIUC<\/strong> (Klausenburg\/Cluj-Napoca): Das Warten und die tote Zeit. Ann\u00e4herung an Herta M\u00fcllers Kurzprosa <em>Der Mensch ist ein gro\u00dfer Fasan auf der Welt<\/em> &#8230;&#8230;&#8230;&#8230;&#8230;&#8230;&#8230;.. 160 <\/a><\/p>\n<p><a href=\"http:\/\/uniblaga.eu\/wp-content\/uploads\/2020\/46\/Nowikiewicz.pdf\"><strong>El\u017cbieta NOWIKIEWICZ<\/strong> (Polen): (Transnationale) Migrationserfahrung in den Lebensgeschichten deutscher Ansiedler. Literarische Erinnerung an die Ansiedlung von Deutschen in Gro\u00dfpolen \/ in der Provinz Posen \/ in der Ostmark&#8230;&#8230;&#8230;&#8230;. 174 <\/a><\/p>\n<p><a href=\"http:\/\/uniblaga.eu\/wp-content\/uploads\/2020\/46\/Czok.pdf\"><strong>Monika CZOK<\/strong> (Polen): Br\u00fccke, Grenzstein, Smaragd\u2026 Metaphorische Darstellungen Schlesiens und seiner Bewohner&#8230;&#8230;&#8230;&#8230;&#8230;&#8230;&#8230;&#8230;&#8230;&#8230;&#8230;&#8230;&#8230;&#8230;&#8230;&#8230;&#8230;&#8230;&#8230;&#8230;&#8230;&#8230;&#8230;&#8230;&#8230;&#8230;&#8230;&#8230;&#8230;&#8230;.. 203 <\/a><\/p>\n<p><a href=\"http:\/\/uniblaga.eu\/wp-content\/uploads\/2020\/46\/Greavu.pdf\"><strong>Alexandra GREAVU<\/strong> (Kronstadt\/Bra\u015fov): Zur Rezeption Kafkas im 20sten und 21sten Jahrhundert \u2013 ein Abriss&#8230;&#8230;&#8230;&#8230;&#8230;&#8230;&#8230;&#8230;.. 226 <\/a><\/p>\n<p><a href=\"http:\/\/uniblaga.eu\/wp-content\/uploads\/2020\/46\/Windisch.pdf\"><strong>Rudolf WINDISCH<\/strong> (Rostock): Gendern im Deutschen&#8230;&#8230;&#8230; 239 <\/a><\/p>\n<p><a href=\"http:\/\/uniblaga.eu\/wp-content\/uploads\/2020\/46\/Solomon.pdf\"><strong>Francisca SOLOMON<\/strong> (Jassy\/ Ia\u0219i): Die Czernowitzer Sprachkonferenz von 1908 und ihr Nachklang in der Presse am Beispiel des Periodikums Czernowitzer Tagblatt &#8230;&#8230;&#8230;&#8230;&#8230;&#8230; 253 <\/a><\/p>\n<p><a href=\"http:\/\/uniblaga.eu\/wp-content\/uploads\/2020\/46\/Nistor.pdf\"><strong>Adina-Lucia NISTOR<\/strong> (Jassy\/ Ia\u0219i): Lucian Blaga und das deutsche Gymnasium im siebenb\u00fcrgischen M\u00fchlbach (1902-1906). &#8230;&#8230;&#8230;&#8230;&#8230;&#8230;&#8230;&#8230;&#8230;&#8230;&#8230;&#8230;&#8230;&#8230;&#8230;&#8230;&#8230;&#8230;&#8230;&#8230;&#8230;&#8230;&#8230;&#8230;&#8230;&#8230;&#8230;&#8230;&#8230;&#8230;&#8230;&#8230;&#8230;&#8230;&#8230;.. 268 <\/a><\/p>\n<h5>Sprachwissenschaft und Didaktik<\/h5>\n<p><strong><br \/>\n<a href=\"http:\/\/uniblaga.eu\/wp-content\/uploads\/2020\/46\/Haldewang.pdf\">Sigrid HALDENWANG<\/a><\/strong><a href=\"http:\/\/uniblaga.eu\/wp-content\/uploads\/2020\/46\/Haldewang.pdf\"> (Hermannstadt\/Sibiu): Die Hebamme und ihre Benennungen im Siebenb\u00fcrgisch-S\u00e4chsischen&#8230;&#8230;&#8230;&#8230;&#8230;. 283 <\/a><\/p>\n<p><a href=\"http:\/\/uniblaga.eu\/wp-content\/uploads\/2020\/46\/Smereka.pdf\"><strong>Joanna SMEREKA<\/strong> (Polen): Ontische und pragmatische Fragen zur mittelalterlichen Textsorte Testament aus textlinguistischer Perspektive &#8230;&#8230;&#8230;&#8230;&#8230;&#8230;&#8230;&#8230;&#8230;&#8230;&#8230;&#8230;&#8230;&#8230;&#8230;&#8230;&#8230;&#8230;&#8230;&#8230;&#8230;&#8230;&#8230;&#8230;&#8230;&#8230;&#8230;&#8230; 306 <\/a><\/p>\n<p><a href=\"http:\/\/uniblaga.eu\/wp-content\/uploads\/2020\/46\/Serbu.pdf\"><strong>Claudia SPIRIDON \u0218ERBU<\/strong> (Kronstadt\/Bra\u0219ov): Ein didaktischer Ansatz zu Roberts Musils \u201eM\u00f6glichkeitssinn- und Wirklichkeitssinn\u201c im universit\u00e4ren Unterricht&#8230;&#8230;&#8230;&#8230;&#8230;&#8230;&#8230;&#8230;&#8230;&#8230;&#8230;&#8230;&#8230;&#8230;&#8230;&#8230;.. 333 <\/a><\/p>\n<p><a href=\"http:\/\/uniblaga.eu\/wp-content\/uploads\/2020\/46\/Mahmoud.pdf\"><strong>Sakina Saleh MAHMOUD<\/strong> (Sohag\/\u00c4gypten): Bleibt kreatives Schreiben ein Traum? Kreatives Schreiben als eine geistige und Inhalt 9 sprachliche F\u00e4higkeit beim Erlernen des Deutschen als Fremdsprache in \u00c4gypten&#8230;&#8230;&#8230;&#8230;&#8230;&#8230;&#8230;&#8230;&#8230;&#8230;&#8230;&#8230;&#8230;. 347 <\/a><\/p>\n<p><a href=\"http:\/\/uniblaga.eu\/wp-content\/uploads\/2020\/46\/Pioaru.pdf\"><strong>Larisa PIOARU<\/strong> (Kronstadt\/Bra\u015fov): ZurAnwendbarkeiteiniger Konzepte der Theaterp\u00e4dagogik im Literaturunterricht an einigen Beispielen &#8230;&#8230;&#8230;&#8230;&#8230;&#8230;&#8230;&#8230;&#8230;&#8230;&#8230;&#8230;&#8230;&#8230;&#8230;&#8230;&#8230;&#8230;&#8230;&#8230;&#8230;&#8230;&#8230;. 363 <\/a><\/p>\n<h5>B\u00fccherschau<\/h5>\n<p><a href=\"http:\/\/uniblaga.eu\/wp-content\/uploads\/2020\/46\/Sava2.pdf\"><strong>Doris SAVA<\/strong> (Sibiu\/Hermannstadt): Best\u00e4ndigkeit im Handeln: Sprachkultur mit Konjunktur. Rezension&#8230;&#8230;&#8230;&#8230;&#8230;&#8230;.. 379<\/a><\/p>","protected":false},"excerpt":{"rendered":"<p>Inhalt &nbsp; Doris SAVA (Sibiu\/Hermannstadt): Heiter bis wolkig. Zum 50. Jubil\u00e4um des Hermannst\u00e4dter Lehrstuhls f\u00fcr Germanistik&#8230;&#8230;.. 15 Literatur- und kulturwissenschaftliche Studien Laura CHEIE (Temeswar\/Timi\u0219oara): Allm\u00e4hlich clowngesichtig. Zu einer literarischen Maske des modernen Autors am Beispiel Paul Celans&#8230;&#8230;&#8230;&#8230;&#8230;&#8230;&#8230;&#8230;&#8230;&#8230;&#8230;&#8230;&#8230;&#8230;&#8230;&#8230;&#8230;&#8230;&#8230;&#8230;&#8230;&#8230;. 51 Olivia SPIRIDON (T\u00fcbingen): \u201eSchilf w\u00e4chst dar\u00fcber, Schilf w\u00e4chst immer dar\u00fcber.\u201c Heimatliche Donaulandschaften in den deutschsprachigen Literaturen S\u00fcdosteuropas &hellip; <a href=\"https:\/\/uniblaga.eu\/de\/vol-46-2020\/\" class=\"more-link\"><span class=\"screen-reader-text\">Band 46, 2020<\/span> weiterlesen <span class=\"meta-nav\">&rarr;<\/span><\/a><\/p>\n","protected":false},"author":1,"featured_media":0,"parent":0,"menu_order":0,"comment_status":"closed","ping_status":"closed","template":"","meta":[],"_links":{"self":[{"href":"https:\/\/uniblaga.eu\/de\/wp-json\/wp\/v2\/pages\/1023"}],"collection":[{"href":"https:\/\/uniblaga.eu\/de\/wp-json\/wp\/v2\/pages"}],"about":[{"href":"https:\/\/uniblaga.eu\/de\/wp-json\/wp\/v2\/types\/page"}],"author":[{"embeddable":true,"href":"https:\/\/uniblaga.eu\/de\/wp-json\/wp\/v2\/users\/1"}],"replies":[{"embeddable":true,"href":"https:\/\/uniblaga.eu\/de\/wp-json\/wp\/v2\/comments?post=1023"}],"version-history":[{"count":11,"href":"https:\/\/uniblaga.eu\/de\/wp-json\/wp\/v2\/pages\/1023\/revisions"}],"predecessor-version":[{"id":1035,"href":"https:\/\/uniblaga.eu\/de\/wp-json\/wp\/v2\/pages\/1023\/revisions\/1035"}],"wp:attachment":[{"href":"https:\/\/uniblaga.eu\/de\/wp-json\/wp\/v2\/media?parent=1023"}],"curies":[{"name":"wp","href":"https:\/\/api.w.org\/{rel}","templated":true}]}}