{"id":861,"date":"2019-07-03T17:09:44","date_gmt":"2019-07-03T17:09:44","guid":{"rendered":"http:\/\/uniblaga.eu\/?page_id=861"},"modified":"2019-07-03T20:25:06","modified_gmt":"2019-07-03T20:25:06","slug":"vol-44-2019","status":"publish","type":"page","link":"http:\/\/uniblaga.eu\/ro\/vol-44-2019\/","title":{"rendered":"(English) Vol. 44, 2019"},"content":{"rendered":"<p class=\"qtranxs-available-languages-message qtranxs-available-languages-message-ro\">Din p\u0103cate acest articol este disponibil doar \u00een <a href=\"http:\/\/uniblaga.eu\/en\/wp-json\/wp\/v2\/pages\/861\" class=\"qtranxs-available-language-link qtranxs-available-language-link-en\" title=\"English\">Englez\u0103 American\u0103<\/a> \u0219i <a href=\"http:\/\/uniblaga.eu\/de\/wp-json\/wp\/v2\/pages\/861\" class=\"qtranxs-available-language-link qtranxs-available-language-link-de\" title=\"Deutsch\">German\u0103<\/a>.<\/p>","protected":false},"excerpt":{"rendered":"<p>Din p\u0103cate acest articol este disponibil doar \u00een Englez\u0103 American\u0103 \u0219i German\u0103.<\/p>\n","protected":false},"author":1,"featured_media":0,"parent":0,"menu_order":0,"comment_status":"closed","ping_status":"closed","template":"","meta":[],"_links":{"self":[{"href":"http:\/\/uniblaga.eu\/ro\/wp-json\/wp\/v2\/pages\/861"}],"collection":[{"href":"http:\/\/uniblaga.eu\/ro\/wp-json\/wp\/v2\/pages"}],"about":[{"href":"http:\/\/uniblaga.eu\/ro\/wp-json\/wp\/v2\/types\/page"}],"author":[{"embeddable":true,"href":"http:\/\/uniblaga.eu\/ro\/wp-json\/wp\/v2\/users\/1"}],"replies":[{"embeddable":true,"href":"http:\/\/uniblaga.eu\/ro\/wp-json\/wp\/v2\/comments?post=861"}],"version-history":[{"count":6,"href":"http:\/\/uniblaga.eu\/ro\/wp-json\/wp\/v2\/pages\/861\/revisions"}],"predecessor-version":[{"id":868,"href":"http:\/\/uniblaga.eu\/ro\/wp-json\/wp\/v2\/pages\/861\/revisions\/868"}],"wp:attachment":[{"href":"http:\/\/uniblaga.eu\/ro\/wp-json\/wp\/v2\/media?parent=861"}],"curies":[{"name":"wp","href":"https:\/\/api.w.org\/{rel}","templated":true}]}}