{"id":851,"date":"2019-05-06T17:15:19","date_gmt":"2019-05-06T17:15:19","guid":{"rendered":"http:\/\/uniblaga.eu\/?page_id=851"},"modified":"2025-11-06T22:03:48","modified_gmt":"2025-11-06T22:03:48","slug":"aims-and-scope","status":"publish","type":"page","link":"http:\/\/uniblaga.eu\/ro\/aims-and-scope\/","title":{"rendered":"Scop \u015fi profil"},"content":{"rendered":"<p><\/p>\n<p>Revista Germanistische Beitr\u00e4ge public\u0103 \u00een regim Open Access articole \u0219tiin\u021bifice \u0219i recenzii \u00een limba german\u0103. Revista colectivului de germanistic\u0103 este indexat\u0103 \u00een bazele de date Erih Plus,\u00a0Ebsco, Index Copernicus, Sciendo. \u00cencep\u00e2nd cu anul 2020 revista apare o singur\u0103 dat\u0103 pe an, iar manuscrisele trimise spre publicare vor fi supuse evalu\u0103rii (double-blind peer-review).<\/p>\n<p style=\"text-align: justify;\">\n<p><\/p>","protected":false},"excerpt":{"rendered":"<p>Revista Germanistische Beitr\u00e4ge public\u0103 \u00een regim Open Access articole \u0219tiin\u021bifice \u0219i recenzii \u00een limba german\u0103. Revista colectivului de germanistic\u0103 este indexat\u0103 \u00een bazele de date Erih Plus,\u00a0Ebsco, Index Copernicus, Sciendo. \u00cencep\u00e2nd cu anul 2020 revista apare o singur\u0103 dat\u0103 pe an, iar manuscrisele trimise spre publicare vor fi supuse evalu\u0103rii (double-blind peer-review).<\/p>\n","protected":false},"author":1,"featured_media":0,"parent":0,"menu_order":0,"comment_status":"closed","ping_status":"closed","template":"","meta":[],"_links":{"self":[{"href":"http:\/\/uniblaga.eu\/ro\/wp-json\/wp\/v2\/pages\/851"}],"collection":[{"href":"http:\/\/uniblaga.eu\/ro\/wp-json\/wp\/v2\/pages"}],"about":[{"href":"http:\/\/uniblaga.eu\/ro\/wp-json\/wp\/v2\/types\/page"}],"author":[{"embeddable":true,"href":"http:\/\/uniblaga.eu\/ro\/wp-json\/wp\/v2\/users\/1"}],"replies":[{"embeddable":true,"href":"http:\/\/uniblaga.eu\/ro\/wp-json\/wp\/v2\/comments?post=851"}],"version-history":[{"count":32,"href":"http:\/\/uniblaga.eu\/ro\/wp-json\/wp\/v2\/pages\/851\/revisions"}],"predecessor-version":[{"id":2000,"href":"http:\/\/uniblaga.eu\/ro\/wp-json\/wp\/v2\/pages\/851\/revisions\/2000"}],"wp:attachment":[{"href":"http:\/\/uniblaga.eu\/ro\/wp-json\/wp\/v2\/media?parent=851"}],"curies":[{"name":"wp","href":"https:\/\/api.w.org\/{rel}","templated":true}]}}