{"id":830,"date":"2018-11-27T21:11:37","date_gmt":"2018-11-27T21:11:37","guid":{"rendered":"http:\/\/uniblaga.eu\/?page_id=830"},"modified":"2019-04-01T10:14:37","modified_gmt":"2019-04-01T10:14:37","slug":"vol-43-2018","status":"publish","type":"page","link":"http:\/\/uniblaga.eu\/ro\/vol-43-2018\/","title":{"rendered":"Vol. 43, 2018"},"content":{"rendered":"<p><a href=\"http:\/\/uniblaga.eu\/wp-content\/uploads\/2018\/43\/Dogaru.pdf\">Dana Dogaru \u2013 Professor Dr. Konnerth zum 80. Geburtstag<\/a><\/p>\n<p><a href=\"http:\/\/uniblaga.eu\/wp-content\/uploads\/2018\/43\/Sass.pdf\">Maria Sass (Sibiu) Literature and Cultural Studies\u00a0 &#8222;I am a Transylvanian Saxon, but I do not protest when a true-born German sees me as a Romanian&#8221; Paul Schuster&#8217;s (inter-)cultural portrait<\/a><\/p>\n<p><a href=\"http:\/\/uniblaga.eu\/wp-content\/uploads\/2018\/43\/Predoiu.pdf\">Grazziella Predoiu (Timi\u015foara): Border experience: Facts about the intercultural novel Angeltonguesof Dimitr\u00e9 Dinev<\/a><\/p>\n<p><a href=\"http:\/\/uniblaga.eu\/wp-content\/uploads\/2018\/43\/Galter.pdf\">Sunhild Galter (Sibiu): The Image of the Angry Young Woman in Fatma Aydemirs First Novel Ellbogen<\/a><\/p>\n<p><a href=\"http:\/\/uniblaga.eu\/wp-content\/uploads\/2018\/43\/Teichmann.pdf\">Johannes Teichmann (Vienna): Modernity in the Saxon literature? Adolf Meschend\u00f6rfer (1877-1963) and his novel Leonore<\/a><\/p>\n<p><a href=\"http:\/\/uniblaga.eu\/wp-content\/uploads\/2018\/43\/Karlstedt.pdf\">Ana KARLSTEDT (Bucharest): &#8222;The German-Romanian Friendship Bears Fruit&#8221;. Images of the Self and of the Other in the movie Offset<\/a><\/p>\n<p><a href=\"http:\/\/uniblaga.eu\/wp-content\/uploads\/2018\/43\/Nicolaescu.pdf\">Alexandra Nicolaescu(Bucharest): \u201eThe emigrant\u2018s fate in the novel \u201aArch of Triumph\u2018 by Erich Maria Remarque\u201c<\/a><\/p>\n<p><a href=\"http:\/\/uniblaga.eu\/wp-content\/uploads\/2018\/43\/Pantu.pdf\">Ileana Pan\u0163u (Bucharest): Aspects of Interculturality in the Poetry of Rolf Bossert and of the German Authors of Romania, in the Anthology V\u00eent potrivit p\u00een\u0103 la tare (1982)<\/a><\/p>\n<p><a href=\"http:\/\/uniblaga.eu\/wp-content\/uploads\/2018\/43\/Sadikou.pdf\">Nadjib Sadikou (Flensburg): Literature and cultural \u203awe-phantasms\u2039 in Europe Reflections on Iris Wolffsnovel So tun, als ob es regnet<\/a><\/p>\n<p><a href=\"http:\/\/uniblaga.eu\/wp-content\/uploads\/2018\/43\/Turk.pdf\">Anne T\u00dcRK (Sibiu): The Lost Generation and The Deportation of The German Minority from Transylvania to The Fromer USSR: Exclusion Or Inclusion<\/a><\/p>\n<p><a href=\"http:\/\/uniblaga.eu\/wp-content\/uploads\/2018\/43\/Petrin.pdf\">Iulia Petrin (Ia\u015fi): Robert Flinker\u2019s novels and the experience of psychiatry<\/a><\/p>\n<p><a href=\"http:\/\/uniblaga.eu\/wp-content\/uploads\/2018\/43\/Sava.pdf\">Doris SAVA (Sibiu): Joke, satire &amp; irony \u2013 Internet memes as (a form of) public criticism<\/a><\/p>\n<p><a href=\"http:\/\/uniblaga.eu\/wp-content\/uploads\/2018\/43\/Rudolf.pdf\">Gerhild Rudolf (Sibiu): About the linguistic situation at schools with instruction in German language in Romania \u2013 Evolution, problems, perspectives<\/a><\/p>\n<p><a href=\"http:\/\/uniblaga.eu\/wp-content\/uploads\/2018\/43\/Popa.pdf\">Carmen Popa (Sibiu): Legal proceedings in the records of the magistrate and judge of Sibiu of the 16th and 17th century<\/a><\/p>\n<p><a href=\"http:\/\/uniblaga.eu\/wp-content\/uploads\/2018\/43\/Mihail.pdf\">Cristina Mihail (Sibiu) : Romanian Homeland and Death in German Countries. Death Notices in the Siebenb\u00fcrgischen Zeitung<\/a><\/p>","protected":false},"excerpt":{"rendered":"<p>Dana Dogaru \u2013 Professor Dr. Konnerth zum 80. Geburtstag Maria Sass (Sibiu) Literature and Cultural Studies\u00a0 &#8222;I am a Transylvanian Saxon, but I do not protest when a true-born German sees me as a Romanian&#8221; Paul Schuster&#8217;s (inter-)cultural portrait Grazziella Predoiu (Timi\u015foara): Border experience: Facts about the intercultural novel Angeltonguesof Dimitr\u00e9 Dinev Sunhild Galter (Sibiu): &hellip; <a href=\"http:\/\/uniblaga.eu\/ro\/vol-43-2018\/\" class=\"more-link\">Continuarea <span class=\"screen-reader-text\">Vol. 43, 2018<\/span> <span class=\"meta-nav\">&rarr;<\/span><\/a><\/p>\n","protected":false},"author":1,"featured_media":0,"parent":0,"menu_order":0,"comment_status":"closed","ping_status":"closed","template":"","meta":[],"_links":{"self":[{"href":"http:\/\/uniblaga.eu\/ro\/wp-json\/wp\/v2\/pages\/830"}],"collection":[{"href":"http:\/\/uniblaga.eu\/ro\/wp-json\/wp\/v2\/pages"}],"about":[{"href":"http:\/\/uniblaga.eu\/ro\/wp-json\/wp\/v2\/types\/page"}],"author":[{"embeddable":true,"href":"http:\/\/uniblaga.eu\/ro\/wp-json\/wp\/v2\/users\/1"}],"replies":[{"embeddable":true,"href":"http:\/\/uniblaga.eu\/ro\/wp-json\/wp\/v2\/comments?post=830"}],"version-history":[{"count":6,"href":"http:\/\/uniblaga.eu\/ro\/wp-json\/wp\/v2\/pages\/830\/revisions"}],"predecessor-version":[{"id":848,"href":"http:\/\/uniblaga.eu\/ro\/wp-json\/wp\/v2\/pages\/830\/revisions\/848"}],"wp:attachment":[{"href":"http:\/\/uniblaga.eu\/ro\/wp-json\/wp\/v2\/media?parent=830"}],"curies":[{"name":"wp","href":"https:\/\/api.w.org\/{rel}","templated":true}]}}