{"id":727,"date":"2017-06-01T08:31:47","date_gmt":"2017-06-01T08:31:47","guid":{"rendered":"http:\/\/uniblaga.eu\/?page_id=727"},"modified":"2017-06-01T09:33:03","modified_gmt":"2017-06-01T09:33:03","slug":"vol-40-2017","status":"publish","type":"page","link":"http:\/\/uniblaga.eu\/ro\/vol-40-2017\/","title":{"rendered":"Vol. 40, 2017"},"content":{"rendered":"<p><strong>Cuprins<\/strong><\/p>\n<p><a href=\"http:\/\/uniblaga.eu\/wp-content\/uploads\/2017\/06\/Abstracte40.pdf\">Abstracte<\/a><\/p>\n<p><strong>I. <strong>Literatur\u0103 \u1e63i studii culturale<\/strong><\/strong><\/p>\n<p><a href=\"http:\/\/uniblaga.eu\/wp-content\/uploads\/2017\/06\/40.1.1.pdf\">Joachim Wittstock (Sibiu): Georg Scherg \u00een Sibiu. O suta de ani de la na\u1e63terea\u00a0 scriitorului profesorului de literatur\u0103 (13)<\/a><\/p>\n<p><a href=\"http:\/\/uniblaga.eu\/wp-content\/uploads\/2017\/06\/40.1.2.pdf\">Markus Fischer \u00a0(Bucure\u1e63ti): \u00centre autenticitate \u1e63i folclorism. Migra\u1e6die \u1e63i interculturalitate \u00een \u201cromanele de familie\u201d ale lui Catalin Dorian Florescu (28)<\/a><\/p>\n<p><a href=\"http:\/\/uniblaga.eu\/wp-content\/uploads\/2017\/06\/40.1.3.pdf\">Delia Cot\u00e2rlea (Bra\u1e63ov): Fic\u0163iune \u015fi realitate \u00een volumul de proz\u0103 scurt\u0103 <em>Mierl\u0103 &#8211; pasare neagr\u0103 <\/em>al autoarei Carmen Elisabeth Puchianu (48)<\/a><\/p>\n<p><a href=\"http:\/\/uniblaga.eu\/wp-content\/uploads\/2017\/06\/40.1.4.pdf\">Sunhild Galter (Sibiu):\u00a0 \u201eNimic nu este inventat, totul a fost tr\u0103it &#8230;\u201c<em>Om \u00een celul\u0103 <\/em>\u00a0de Erwin Neust\u00e4dter ca o relatare de experien\u021b\u0103<strong> (<\/strong>63)<\/a><\/p>\n<p><a href=\"http:\/\/uniblaga.eu\/wp-content\/uploads\/2017\/06\/40.1.5.pdf\">Mohamed Tabassi (Tunisia): \u201cUmplerea coloristic\u0103 a viruozit\u0103\u1e6dii grafice\u201d Aspecte ale scrierii intermediale cu referire la volumul <em>Erinnerte Gestalten [Personaje rememorate] <\/em>a lui Andersch (73)<\/a><\/p>\n<p><a href=\"http:\/\/uniblaga.eu\/wp-content\/uploads\/2017\/06\/40.1.6.pdf\">Andreea Dumitru (Sibiu): <em>Pe norul Transilvania<\/em> \u2026 O copil\u0103rie plin\u0103 de pericole. \u201eDeportarea\u201d \u0219i salvarea mamei (104)<\/a><\/p>\n<p><a href=\"http:\/\/uniblaga.eu\/wp-content\/uploads\/2017\/06\/40.1.7.pdf\">Cezara Hum\u0103 (Ia\u1e63i): Interpret\u0103ri topologice ale Minnegrottei \u00een poemul <em>Tristan<\/em> de Gottfried von Stra\u00dfburg \u0219i receptarea sa cu referire la mitul Insulei lui Euthanasius \u00een nuvela <em>Cezara<\/em> de Mihai Eminescu (115)<\/a><\/p>\n<p><a href=\"http:\/\/uniblaga.eu\/wp-content\/uploads\/2017\/06\/40.1.8.pdf\">Gerhild Rudolf (Sibiu): Serbarea lanternelor \u0219i a Sf. Martin \u00een \u0219colile germane din Rom\u00e2nia. Aspecte ale hermeneuticii interculturale (134)<\/a><\/p>\n<p><strong>II.\u00a0<\/strong><strong>Lingvistic\u0103<\/strong><\/p>\n<p><a href=\"http:\/\/uniblaga.eu\/wp-content\/uploads\/2017\/06\/40.2.1.pdf\">Doris Sava (Sibiu): Modific\u0103ri ale discursului repetat. Manifest\u0103ri \u1e63i interpret\u0103ri (155)<\/a><\/p>\n<p><a href=\"http:\/\/uniblaga.eu\/wp-content\/uploads\/2017\/06\/40.2.2.pdf\">Adina-Lucia Nistor (Ia\u1e63i): Etnonimul rom\u00e2nesc <em>Aleman<\/em> \u015fi variantele sale \u00een Rom\u00e2nia \u015fi Germania (182)<\/a><\/p>\n<p><a href=\"http:\/\/uniblaga.eu\/wp-content\/uploads\/2017\/06\/40.2.3.pdf\">Sigrid Haldenwang (Sibiu): Cu privire la integrarea verbelor din limba rom\u00e2n\u0103 \u00een graiurile s\u0103se\u1e63ti din Transilvania pe baza unor studii de caz (193)<\/a><\/p>\n<p><a href=\"http:\/\/uniblaga.eu\/wp-content\/uploads\/2017\/06\/40.2.4.pdf\">Cristina Mihail (Sibiu): Specii de text din perspectiv\u0103 intercultural\u0103 \u015fi interdisciplinar\u0103 (222)<\/a><\/p>\n<p><a href=\"http:\/\/uniblaga.eu\/wp-content\/uploads\/2017\/06\/Index-der-AutorInnen.pdf\"><strong>Indexul autorilor (<\/strong>234)<\/a><\/p>","protected":false},"excerpt":{"rendered":"<p>Cuprins Abstracte I. Literatur\u0103 \u1e63i studii culturale Joachim Wittstock (Sibiu): Georg Scherg \u00een Sibiu. O suta de ani de la na\u1e63terea\u00a0 scriitorului profesorului de literatur\u0103 (13) Markus Fischer \u00a0(Bucure\u1e63ti): \u00centre autenticitate \u1e63i folclorism. Migra\u1e6die \u1e63i interculturalitate \u00een \u201cromanele de familie\u201d ale lui Catalin Dorian Florescu (28) Delia Cot\u00e2rlea (Bra\u1e63ov): Fic\u0163iune \u015fi realitate \u00een volumul de &hellip; <a href=\"http:\/\/uniblaga.eu\/ro\/vol-40-2017\/\" class=\"more-link\">Continuarea <span class=\"screen-reader-text\">Vol. 40, 2017<\/span> <span class=\"meta-nav\">&rarr;<\/span><\/a><\/p>\n","protected":false},"author":1,"featured_media":0,"parent":0,"menu_order":0,"comment_status":"closed","ping_status":"closed","template":"","meta":[],"_links":{"self":[{"href":"http:\/\/uniblaga.eu\/ro\/wp-json\/wp\/v2\/pages\/727"}],"collection":[{"href":"http:\/\/uniblaga.eu\/ro\/wp-json\/wp\/v2\/pages"}],"about":[{"href":"http:\/\/uniblaga.eu\/ro\/wp-json\/wp\/v2\/types\/page"}],"author":[{"embeddable":true,"href":"http:\/\/uniblaga.eu\/ro\/wp-json\/wp\/v2\/users\/1"}],"replies":[{"embeddable":true,"href":"http:\/\/uniblaga.eu\/ro\/wp-json\/wp\/v2\/comments?post=727"}],"version-history":[{"count":7,"href":"http:\/\/uniblaga.eu\/ro\/wp-json\/wp\/v2\/pages\/727\/revisions"}],"predecessor-version":[{"id":751,"href":"http:\/\/uniblaga.eu\/ro\/wp-json\/wp\/v2\/pages\/727\/revisions\/751"}],"wp:attachment":[{"href":"http:\/\/uniblaga.eu\/ro\/wp-json\/wp\/v2\/media?parent=727"}],"curies":[{"name":"wp","href":"https:\/\/api.w.org\/{rel}","templated":true}]}}