{"id":682,"date":"2017-01-06T13:17:20","date_gmt":"2017-01-06T13:17:20","guid":{"rendered":"http:\/\/uniblaga.eu\/?page_id=682"},"modified":"2017-06-01T09:33:37","modified_gmt":"2017-06-01T09:33:37","slug":"vol-39-2016","status":"publish","type":"page","link":"http:\/\/uniblaga.eu\/ro\/vol-39-2016\/","title":{"rendered":"Vol. 39, 2016"},"content":{"rendered":"<p><strong><a href=\"http:\/\/uniblaga.eu\/wp-content\/uploads\/2017\/01\/Abstracte39.pdf\">Abstracte<\/a><\/strong><\/p>\n<ol>\n<li><strong>Literatur\u0103 \u1e63i studii culturale<\/strong><\/li>\n<\/ol>\n<p><a href=\"http:\/\/uniblaga.eu\/wp-content\/uploads\/2017\/01\/39.1.1.pdf\">Joachim Wittstock \u00a0(Sibiu): Aspectele poetice \u1e63i contextul cultural al unei reviste de cultur\u0103 \u1e63i al redactorului acesteia Harald Krasser (16)<\/a><\/p>\n<p><a href=\"http:\/\/uniblaga.eu\/wp-content\/uploads\/2017\/01\/39.1.2.pdf\">Roxana Nubert\/Ana-Maria Dasc\u0103lu-Romi\u1e6dan (Timi\u1e63oara): Experien\u021ba spa\u021biului la Oscar Walter Cisek (29)<\/a><\/p>\n<p><a href=\"http:\/\/uniblaga.eu\/wp-content\/uploads\/2017\/01\/39.1.3.pdf\">Cosmin Dragoste (Craiova): \u201elocul care nu exist\u0103\u201d: despre plecare \u015fi sosire \u00een lirica lui Franz Hodjak (47)<\/a><\/p>\n<p><a href=\"http:\/\/uniblaga.eu\/wp-content\/uploads\/2017\/01\/39.1.4.pdf\">Sunhild Galter (Sibiu): Feminitatea spa\u021biilor vitale \u00een povestirile Gabrielei Wohmann (60)<\/a><\/p>\n<p><a href=\"http:\/\/uniblaga.eu\/wp-content\/uploads\/2017\/01\/39.1.5.pdf\">Christel Baltes-L\u00f6hr (Luxemburg): Sex, migra\u1e6die \u1e63i spa\u1e6diu ca o continuitate (74)<\/a><\/p>\n<p><a href=\"http:\/\/uniblaga.eu\/wp-content\/uploads\/2017\/01\/39.1.6.pdf\">Marcela Ivan (Sibiu): Aspecte ale reprezent\u0103rii spa\u021biului \u00een povestirea lui Andreas Birkner <em>Der<\/em><em> Brautschmuck des Sebastian Hann<\/em> [<em>G\u0103telile de nunt\u0103 ale lui Sebastian Hann] <\/em>(99)<\/a><\/p>\n<p><a href=\"http:\/\/uniblaga.eu\/wp-content\/uploads\/2017\/01\/39.1.7.pdf\">Ana Karlstedt (Bucure\u1e63ti): Determinarea spa\u021bial\u0103 \u00een filmele cu tematic\u0103 intercultural\u0103 (119)<\/a><\/p>\n<p><a href=\"http:\/\/uniblaga.eu\/wp-content\/uploads\/2017\/01\/39.1.8.pdf\">Markus Fischer (Bucure\u1e63ti): Construc\u1e6dii romantice ale masculinit\u0103\u1e6dii \u1e63i feminit\u0103\u1e6dii \u2013 romanele Dorotheei \u1e63i ale lui Friedrich Schlegel (130)<\/a><\/p>\n<p><a href=\"http:\/\/uniblaga.eu\/wp-content\/uploads\/2017\/01\/39.1.9.pdf\">Claudia Spiridon (Cluj-Napoca): Func\u0163ia t\u0103cerii \u00een povestirile din volumul <em>\u0162inuturile joase<\/em> de Herta M\u00fcller (156)<\/a><\/p>\n<p><a href=\"http:\/\/uniblaga.eu\/wp-content\/uploads\/2017\/01\/39.1.10.pdf\">Oana Angharad Frande\u015f (Sibiu): Mitul evreului r\u0103t\u0103citor \u00een practica clinic\u0103 (174)<\/a><\/p>\n<p><strong>II. Linguistics<\/strong><\/p>\n<p><a href=\"http:\/\/uniblaga.eu\/wp-content\/uploads\/2017\/01\/39.2.1.pdf\">Hermann Scheuringer (Regensburg): Limba german\u0103 \u00een contextul multilingvismului istoric din estul Europei (187)<\/a><\/p>\n<p><a href=\"http:\/\/uniblaga.eu\/wp-content\/uploads\/2017\/01\/39.2.2.pdf\">Doris Sava (Sibiu): Metode \u0219i procedee empirice ale practicii frazeografice bazate pe corpus (204)<\/a><\/p>\n<p><a href=\"http:\/\/uniblaga.eu\/wp-content\/uploads\/2017\/01\/39.2.3.pdf\">Adriana D\u0103nil\u0103 (Bucure\u1e63ti): Limb\u0103 de lemn \u1e63i identitate cultural\u0103 \u00een unele cuv\u00e2nt\u0103ri \u1e63i alocu\u1e6diuni ale membrilor Partidului\u00a0 Comunist din Rom\u00e2nia (231)<\/a><\/p>\n<p><a href=\"http:\/\/uniblaga.eu\/wp-content\/uploads\/2017\/01\/39.2.4.pdf\">Mihaela Parpalea \u00a0(Bra\u1e63ov): Aspecte lingvistice ale t\u0103cerii \u00een diferite culturi (256)<\/a><\/p>\n<p><strong>III. Translation studies and translation criticism<\/strong><\/p>\n<p><a href=\"http:\/\/uniblaga.eu\/wp-content\/uploads\/2017\/01\/39.3.1.pdf\">Delia E\u1e63ian (Ia\u1e63i): Mite Kremnitz ca traduc\u0103toare \u015fi romancier\u0103 (275)<\/a><\/p>\n<p><a href=\"http:\/\/uniblaga.eu\/wp-content\/uploads\/2017\/01\/39.3.2.pdf\">Alexandra Chiriac (Ia\u1e63i): Ecaterina a II-a a Rusiei. Traducerea cultural\u0103 \u015fi transferul ideologic de la Vest spre Est. (290)<\/a><\/p>","protected":false},"excerpt":{"rendered":"<p>Abstracte Literatur\u0103 \u1e63i studii culturale Joachim Wittstock \u00a0(Sibiu): Aspectele poetice \u1e63i contextul cultural al unei reviste de cultur\u0103 \u1e63i al redactorului acesteia Harald Krasser (16) Roxana Nubert\/Ana-Maria Dasc\u0103lu-Romi\u1e6dan (Timi\u1e63oara): Experien\u021ba spa\u021biului la Oscar Walter Cisek (29) Cosmin Dragoste (Craiova): \u201elocul care nu exist\u0103\u201d: despre plecare \u015fi sosire \u00een lirica lui Franz Hodjak (47) Sunhild Galter &hellip; <a href=\"http:\/\/uniblaga.eu\/ro\/vol-39-2016\/\" class=\"more-link\">Continuarea <span class=\"screen-reader-text\">Vol. 39, 2016<\/span> <span class=\"meta-nav\">&rarr;<\/span><\/a><\/p>\n","protected":false},"author":1,"featured_media":0,"parent":0,"menu_order":0,"comment_status":"closed","ping_status":"closed","template":"","meta":[],"_links":{"self":[{"href":"http:\/\/uniblaga.eu\/ro\/wp-json\/wp\/v2\/pages\/682"}],"collection":[{"href":"http:\/\/uniblaga.eu\/ro\/wp-json\/wp\/v2\/pages"}],"about":[{"href":"http:\/\/uniblaga.eu\/ro\/wp-json\/wp\/v2\/types\/page"}],"author":[{"embeddable":true,"href":"http:\/\/uniblaga.eu\/ro\/wp-json\/wp\/v2\/users\/1"}],"replies":[{"embeddable":true,"href":"http:\/\/uniblaga.eu\/ro\/wp-json\/wp\/v2\/comments?post=682"}],"version-history":[{"count":16,"href":"http:\/\/uniblaga.eu\/ro\/wp-json\/wp\/v2\/pages\/682\/revisions"}],"predecessor-version":[{"id":752,"href":"http:\/\/uniblaga.eu\/ro\/wp-json\/wp\/v2\/pages\/682\/revisions\/752"}],"wp:attachment":[{"href":"http:\/\/uniblaga.eu\/ro\/wp-json\/wp\/v2\/media?parent=682"}],"curies":[{"name":"wp","href":"https:\/\/api.w.org\/{rel}","templated":true}]}}