{"id":646,"date":"2016-04-15T06:08:26","date_gmt":"2016-04-15T06:08:26","guid":{"rendered":"http:\/\/uniblaga.eu\/?page_id=646"},"modified":"2016-04-15T08:52:10","modified_gmt":"2016-04-15T08:52:10","slug":"vol-382016","status":"publish","type":"page","link":"http:\/\/uniblaga.eu\/ro\/vol-382016\/","title":{"rendered":"VOL 38, 2016"},"content":{"rendered":"<p><a href=\"http:\/\/uniblaga.eu\/wp-content\/uploads\/2016\/04\/Abstracte38.pdf\">Abstracte<\/a><\/p>\n<p><a href=\"http:\/\/uniblaga.eu\/wp-content\/uploads\/2016\/04\/Vorwort38.pdf\">Cuv\u00e2nt \u00eenainte (9)<\/a><\/p>\n<p><strong>I.\u00a0<\/strong><strong>Literatur\u0103 \u2013 cultur\u0103 \u015fi civiliza\u0163ie<\/strong><br \/>\n<a href=\"http:\/\/uniblaga.eu\/wp-content\/uploads\/2016\/04\/38.1.1.pdf\">Markus FISCHER <strong>(<\/strong>Bucure\u015fti): \u201cM\u0103sur\u0103tori m\u0103sura\u0163i\u201d \u2013 Determinarea spa\u0163iului \u00een romanul lui Daniel Kehlmann <em>Die Vermessung der Welt\/M\u0103surarea lumii<\/em> \u015fi filmul cu acela\u015fi titlu al lui Detlev Bucks\u00a0(13)<\/a><\/p>\n<p><a href=\"http:\/\/uniblaga.eu\/wp-content\/uploads\/2016\/04\/38.1.2.pdf\">Carmen Elisabeth Puchianu (Bra\u015fov): Provinice liuterara intre univesralitate si relativitate. Doua exemple referitoare la spatialitate ca rezultat performativitatii.\u00a0(38)<\/a><\/p>\n<p><a href=\"http:\/\/uniblaga.eu\/wp-content\/uploads\/2016\/04\/38.1.3.pdf\">Maria Sass (Sibiu):\u00a0<em>Fiecare cl\u0103dire are propria poveste \u2013\u00a0<\/em>Sibiul ca spa\u0163iu literar\u00a0 \u00een povestirile lui Joachim Wittstock<span style=\"line-height: 1.5;\">\u00a0(51)<\/span><\/a><\/p>\n<p><a href=\"http:\/\/uniblaga.eu\/wp-content\/uploads\/2016\/04\/38.1.4.pdf\">Grazziella Predoiu (Timisoara):\u00a0Reflectii spa\u0163iale \u00een romanul <em>Die Wand<\/em> al Marlenei Haushofer.\u00a0(66)<\/a><\/p>\n<p><a href=\"http:\/\/uniblaga.eu\/wp-content\/uploads\/2016\/04\/38.1.5.pdf\">Christina Weigel (Erfurt):\u00a0Simboluri ale unor identit\u0103\u0163i incerte ori polisemantice \u00een romanul <em>Ascheregen\/Ploaia de<\/em> <em>cenu\u015f\u0103 <\/em>de Joachim Wittstock\u00a0\u00a0(89)<\/a><\/p>\n<p><a href=\"http:\/\/uniblaga.eu\/wp-content\/uploads\/2016\/04\/38.1.6.pdf\">Manuel St\u00fcbecke (Sibiu):\u00a0Spaime ale periferieie: Vampiri ca fenomen polisemantic<strong>\u00a0<\/strong>(106)<\/a><\/p>\n<p><strong>II. Linguistics<\/strong><br \/>\n<a href=\"http:\/\/uniblaga.eu\/wp-content\/uploads\/2016\/04\/38.2.1.pdf\">Doris Sava (Sibiu): Aspecte ale frazeologiei areale (123)<\/a><\/p>\n<p><a href=\"http:\/\/uniblaga.eu\/wp-content\/uploads\/2016\/04\/38.2.2.pdf\">Adina-Lucia NISTOR (Ia\u0219i):\u00a0Despre motiva\u0163ia numelor companiilor aeriene interna\u0163ionale. <em>American Airlines, Tiger Airways, Carpatair, Hello<\/em>\u00a0(181)<\/a><\/p>\n<p><a href=\"http:\/\/uniblaga.eu\/wp-content\/uploads\/2016\/04\/38.2.3.pdf\">Sigrid Haldenwang (Sibiu): Denumiri\u00a0 \u00een graiurile s\u0103se\u015ftit din Transilvania, care se refer\u0103 la \u201e\u0163arcuri, rezerva\u0163ii pentru animale, \u00eengr\u0103diri pe c\u00e2mp pentru animale, mai ales pentru oi\u201c; chiar \u015fi numai p\u0103r\u0163i componente ale acestora; cuvinte compuse cu sens explicit, formate pe baza denumirilor din limba matern\u0103\u00a0(194)<\/a><\/p>\n<p><a href=\"http:\/\/uniblaga.eu\/wp-content\/uploads\/2016\/04\/38.2.4.pdf\">Ioana Constantin (Sibiu):\u00a0<em>Pe vr<\/em><em>\u0103jitoare s\u0103 n-o la\u0219i s\u0103 tr\u0103iasc\u0103.\u00a0<\/em>Despre vr\u0103jitoare \u0219i persecu\u021bia lor \u00een Sibiu. O privire asupra documentelor Judicatului sibian\u00a0(217)<\/a><\/p>\n<p><a href=\"http:\/\/uniblaga.eu\/wp-content\/uploads\/2016\/04\/38.2.5.pdf\">Liana-Regina Iunesch (Sibiu): Manuale \u0219colare de limb\u0103 german\u0103 modern\u0103 \u00een practica \u0219colar\u0103\u00a0(235)<\/a><\/p>\n<p><a href=\"http:\/\/uniblaga.eu\/wp-content\/uploads\/2016\/04\/38.2.6.pdf\">Ivana Jefti\u0107 (Novi Sad):\u00a0<strong>\u015evabii danubieni \u00een<\/strong><strong> Sremska Mitrovica\u00a0<\/strong>(259)<\/a><\/p>\n<p><strong>III. Translation studies and translation criticism<\/strong><br \/>\n<a href=\"http:\/\/uniblaga.eu\/wp-content\/uploads\/2016\/04\/38.3.1.pdf\">Carmen Popa (Sibiu):\u00a0Considera\u021bii translatologice asupra documentelor germane de cancelarie din secolul al XVII-lea de\u021binute de Arhiva Na\u021bional\u0103 din Sibiu\u00a0(273)<\/a><\/p>\n<p><strong>IV. Book Show:<\/strong><br \/>\n<a href=\"http:\/\/uniblaga.eu\/wp-content\/uploads\/2016\/04\/38.4.1.pdf\">Maria Irod\u00a0(Bucharest): Recenzie (287)<\/a><\/p>\n<p><a href=\"http:\/\/uniblaga.eu\/wp-content\/uploads\/2016\/04\/Index-of-Authors.pdf\">Index of Authors\u00a0(295)<\/a><\/p>","protected":false},"excerpt":{"rendered":"<p>Abstracte Cuv\u00e2nt \u00eenainte (9) I.\u00a0Literatur\u0103 \u2013 cultur\u0103 \u015fi civiliza\u0163ie Markus FISCHER (Bucure\u015fti): \u201cM\u0103sur\u0103tori m\u0103sura\u0163i\u201d \u2013 Determinarea spa\u0163iului \u00een romanul lui Daniel Kehlmann Die Vermessung der Welt\/M\u0103surarea lumii \u015fi filmul cu acela\u015fi titlu al lui Detlev Bucks\u00a0(13) Carmen Elisabeth Puchianu (Bra\u015fov): Provinice liuterara intre univesralitate si relativitate. Doua exemple referitoare la spatialitate ca rezultat performativitatii.\u00a0(38) Maria &hellip; <a href=\"http:\/\/uniblaga.eu\/ro\/vol-382016\/\" class=\"more-link\">Continuarea <span class=\"screen-reader-text\">VOL 38, 2016<\/span> <span class=\"meta-nav\">&rarr;<\/span><\/a><\/p>\n","protected":false},"author":1,"featured_media":0,"parent":0,"menu_order":0,"comment_status":"closed","ping_status":"closed","template":"","meta":[],"_links":{"self":[{"href":"http:\/\/uniblaga.eu\/ro\/wp-json\/wp\/v2\/pages\/646"}],"collection":[{"href":"http:\/\/uniblaga.eu\/ro\/wp-json\/wp\/v2\/pages"}],"about":[{"href":"http:\/\/uniblaga.eu\/ro\/wp-json\/wp\/v2\/types\/page"}],"author":[{"embeddable":true,"href":"http:\/\/uniblaga.eu\/ro\/wp-json\/wp\/v2\/users\/1"}],"replies":[{"embeddable":true,"href":"http:\/\/uniblaga.eu\/ro\/wp-json\/wp\/v2\/comments?post=646"}],"version-history":[{"count":6,"href":"http:\/\/uniblaga.eu\/ro\/wp-json\/wp\/v2\/pages\/646\/revisions"}],"predecessor-version":[{"id":675,"href":"http:\/\/uniblaga.eu\/ro\/wp-json\/wp\/v2\/pages\/646\/revisions\/675"}],"wp:attachment":[{"href":"http:\/\/uniblaga.eu\/ro\/wp-json\/wp\/v2\/media?parent=646"}],"curies":[{"name":"wp","href":"https:\/\/api.w.org\/{rel}","templated":true}]}}