{"id":185,"date":"2016-03-24T13:51:38","date_gmt":"2016-03-24T13:51:38","guid":{"rendered":"http:\/\/uniblaga.eu\/?page_id=185"},"modified":"2016-03-28T15:01:55","modified_gmt":"2016-03-28T15:01:55","slug":"vol-13-14-2000","status":"publish","type":"page","link":"http:\/\/uniblaga.eu\/ro\/germanistische-beitrage\/vol-13-14-2000\/","title":{"rendered":"Vol. 13-14, 2000"},"content":{"rendered":"<p class=\"title\">Vorwort (5)<\/p>\n<p>Udo-Peter Wagner: Am Scheitelpunkt eines Lebens (11)<\/p>\n<p>Engagement kennt viele Formen (Gespr\u00e4ch mit Horst Schuller Anger,\u00a0Leiter des Germanistiklehrstuhls der Lucian-Blaga-Universit\u00e4t\u00a0Sibiu \/ Hermannstadt) (14)<\/p>\n<p>Gerhard Konnerth: Der Hermannst\u00e4dter Lehrstuhl f\u00fcr Germanistik.<br \/>\nAusblick und R\u00fcckschau (18)<\/p>\n<p class=\"style1\" style=\"text-align: left;\">Bibliographie Horst Schuller (32)<\/p>\n<p>Siegfried Grosse: Zur \u00dcbersetzung vom Mittelhochdeutschen\u00a0in die Sprache der Gegenwart (114)<\/p>\n<p>Helmar G. Frank: Zur Modellreihen-Entwicklung der deutschen Sprache\u00a0und der anderen Sprachen Europiens. Ein axiomatisch-interlinguistischer\u00a0Beitrag zum Aufbau der Eurologie als k\u00fcnftigem Schulfach (126)<\/p>\n<p>Paul Philippi: Ver\u00e4nderte Aufgaben der siebenb\u00fcrgischen Kirche?(150)<\/p>\n<p>Nora Capat\u00e2na: \u201eEntepente, leiolente\u201c \u2013 und des Bl\u00f6delns ist kein Ende (181)<\/p>\n<p>Rolf Willaredt: Irr-Sinn, Verr\u00fccktheit und Realit\u00e4t. Franz Kafkas<br \/>\nErz\u00e4hlung In der Strafkolonie \u2013 Eine Unterrichtseinheit im Fach<br \/>\nDeutsche Literatur fur Sekundarstufen und Hochschule (192)<\/p>\n<p>Grazziella Predoiu: Der voyeuristische Blick auf das andere Geschlecht.\u00a0Zu E.T.A. Hoffmanns Des Vetters Eckfenster (227)<\/p>\n<p>Roxana Nubert: Zeitstrukturen bei Thomas Mann (236)<\/p>\n<p>Cornelia Cujba: Deutsche B\u00fccher in der Bibliothek<br \/>\nder Michaels-Akademie in Jassy, 1841-1844 (259)<\/p>\n<p>Bernhard Schwaiger: Deutsch im Internet &#8211; -Eine aktuelle \u00dcbersicht (275)<\/p>\n","protected":false},"excerpt":{"rendered":"<p>Vorwort (5) Udo-Peter Wagner: Am Scheitelpunkt eines Lebens (11) Engagement kennt viele Formen (Gespr\u00e4ch mit Horst Schuller Anger,\u00a0Leiter des Germanistiklehrstuhls der Lucian-Blaga-Universit\u00e4t\u00a0Sibiu \/ Hermannstadt) (14) Gerhard Konnerth: Der Hermannst\u00e4dter Lehrstuhl f\u00fcr Germanistik. Ausblick und R\u00fcckschau (18) Bibliographie Horst Schuller (32) Siegfried Grosse: Zur \u00dcbersetzung vom Mittelhochdeutschen\u00a0in die Sprache der Gegenwart (114) Helmar G. Frank: Zur &hellip; <a href=\"http:\/\/uniblaga.eu\/ro\/germanistische-beitrage\/vol-13-14-2000\/\" class=\"more-link\">Continuarea <span class=\"screen-reader-text\">Vol. 13-14, 2000<\/span> <span class=\"meta-nav\">&rarr;<\/span><\/a><\/p>\n","protected":false},"author":1,"featured_media":0,"parent":7,"menu_order":0,"comment_status":"closed","ping_status":"closed","template":"","meta":[],"_links":{"self":[{"href":"http:\/\/uniblaga.eu\/ro\/wp-json\/wp\/v2\/pages\/185"}],"collection":[{"href":"http:\/\/uniblaga.eu\/ro\/wp-json\/wp\/v2\/pages"}],"about":[{"href":"http:\/\/uniblaga.eu\/ro\/wp-json\/wp\/v2\/types\/page"}],"author":[{"embeddable":true,"href":"http:\/\/uniblaga.eu\/ro\/wp-json\/wp\/v2\/users\/1"}],"replies":[{"embeddable":true,"href":"http:\/\/uniblaga.eu\/ro\/wp-json\/wp\/v2\/comments?post=185"}],"version-history":[{"count":4,"href":"http:\/\/uniblaga.eu\/ro\/wp-json\/wp\/v2\/pages\/185\/revisions"}],"predecessor-version":[{"id":630,"href":"http:\/\/uniblaga.eu\/ro\/wp-json\/wp\/v2\/pages\/185\/revisions\/630"}],"up":[{"embeddable":true,"href":"http:\/\/uniblaga.eu\/ro\/wp-json\/wp\/v2\/pages\/7"}],"wp:attachment":[{"href":"http:\/\/uniblaga.eu\/ro\/wp-json\/wp\/v2\/media?parent=185"}],"curies":[{"name":"wp","href":"https:\/\/api.w.org\/{rel}","templated":true}]}}