{"id":183,"date":"2016-03-24T13:50:52","date_gmt":"2016-03-24T13:50:52","guid":{"rendered":"http:\/\/uniblaga.eu\/?page_id=183"},"modified":"2016-03-28T15:01:17","modified_gmt":"2016-03-28T15:01:17","slug":"vol-15-16-2001","status":"publish","type":"page","link":"http:\/\/uniblaga.eu\/ro\/germanistische-beitrage\/vol-15-16-2001\/","title":{"rendered":"Vol. 15-16, 2001"},"content":{"rendered":"<p>Vorwort (5)<\/p>\n<p>Prof. Dr. Horst Schuller: Im freien Spiel mit vielen Sprachen. Laudatio\u00a0auf den Dichter Oskar Pastior zur Verleihung des Ehrendoktortitels\u00a0der Lucian-Blaga-Universit\u00e4t Sibiu \/ Hermannstadt \u00a0(6)<\/p>\n<p>Curriculum vitae \u00a0(9)<\/p>\n<p>Das Werk des Dichters (11)<\/p>\n<p>Oskar Pastior: Danklesung (14)<\/p>\n<p>Ernest Wichner: Befreiung aus Spracheinerlei. Laudatio auf Oskar Pastior\u00a0zur Verleihung des Peter Huchel-Preises 2001 (31)<\/p>\n<p>Prof. Dr. Horst Schuller: Offenheit, Sachlichkeit und Kompetenz.<br \/>\nLaudatio zur Verleihung des Ehrendoktors der Hermannst\u00e4dter<br \/>\nLucian-Blaga-Universit\u00e4t an Prof. Dr. Anton Schwob (39)<\/p>\n<p>Curriculum vitae (42)<\/p>\n<p>Publikationen (44)<\/p>\n<p>Prof. Dr. Dr.h.c. Anton Schwob: Zeugnisse von Palastinareisen<br \/>\nin der ersten H\u00e4lfte des 15. Jahrhunderts\u00a0Oswald von Wolkenstein und Johannes von Frankfurt. Festvortrag (46)<\/p>\n<p>Peter Motzan: Hunger des Magens und Sehnsucht des Herzens.<br \/>\nWelt- und Menschenbild in Oscar Walter Ciseks Erz\u00e4hlungen (65)<\/p>\n<p>Gudrun-Liane Ittu: Das deutschsprachige Buch<br \/>\nim kommunistischen Rum\u00e4nien (1945-1989) (94)<\/p>\n<p>Grazziella Predoiu: Die epischen Texte der Aktionsgruppe Banat (110)<\/p>\n<p>Beate Petra Kory: Phantasie oder Realit\u00e4t in Marianne Grubers<br \/>\nAbra Kadabra oder Die Totengr\u00e4ber (124)<\/p>\n<p>Beate Schindler-Kovats: Die Wiederkehr des Erz\u00e4hlens.<br \/>\nZur neuen deutschsprachigen Literatur (131)<\/p>\n<p>Karl Stocker: Information ist nicht alles. Zum gestiegenen Stellenwert\u00a0der Hochschuldidaktik im 21. Jahrhundert (148)<\/p>\n<p>Bernhard Schwaiger: Stundenplanung am Gymnasium am Beispiel<br \/>\nPhonetik-\/Phonologieunterricht im DaF-Unterricht und im Unterricht\u00a0von Deutsch als Muttersprache (165)<\/p>\n<p>Elena Viorel: Grammatik fur Germanistik-Studenten.<br \/>\nEin Beitrag zur Hochschuldidaktik (172)<\/p>\n<p>Marianne Marki: Aspekte der Anwendbarkeit der Dependenzgrammatik\u00a0im DaF-Unterricht (192)<\/p>\n<p>Ileana-Maria Ratcu: Methodische Gestaltungsm\u00f6glichkeiten des Seminars\u00a0f\u00fcr deutsche Pal\u00e4ographie an der Fakult\u00e4t f\u00fcr Archivistik<br \/>\nder Polizeiakademie \u201eAl. I. Cuza\u201c Bukarest (204)<\/p>\n<p>Emilia Muncaciu-Codarcea: Die Bernsteinsche Kodestheorie<br \/>\nund deren Rezeption im Sprachunterricht (210)<\/p>\n<p>Casia Zaharia: Somatismen im deutsch-rum\u00e4nischen Vergleichsfeld (236)<\/p>\n<p>Sigrid Haldenwang: Siebenb\u00fcrgisch-s\u00e4chsische Eigenbezeichnungen<br \/>\nund Lehnlexikate f\u00fcr die Speise \u201eMaisbrei\u201c \u2013 Komposita<br \/>\nUnd \u00fcbertragene Bedeutungen (242)<\/p>\n<p>Kinga Gall: W\u00f6rter gemeinsamer Herkunft des Deutschen und des<br \/>\nRum\u00e4nischen : semantische Konvergenzen und Divergenzen (253)<\/p>\n","protected":false},"excerpt":{"rendered":"<p>Vorwort (5) Prof. Dr. Horst Schuller: Im freien Spiel mit vielen Sprachen. Laudatio\u00a0auf den Dichter Oskar Pastior zur Verleihung des Ehrendoktortitels\u00a0der Lucian-Blaga-Universit\u00e4t Sibiu \/ Hermannstadt \u00a0(6) Curriculum vitae \u00a0(9) Das Werk des Dichters (11) Oskar Pastior: Danklesung (14) Ernest Wichner: Befreiung aus Spracheinerlei. Laudatio auf Oskar Pastior\u00a0zur Verleihung des Peter Huchel-Preises 2001 (31) Prof. Dr. &hellip; <a href=\"http:\/\/uniblaga.eu\/ro\/germanistische-beitrage\/vol-15-16-2001\/\" class=\"more-link\">Continuarea <span class=\"screen-reader-text\">Vol. 15-16, 2001<\/span> <span class=\"meta-nav\">&rarr;<\/span><\/a><\/p>\n","protected":false},"author":1,"featured_media":0,"parent":7,"menu_order":0,"comment_status":"closed","ping_status":"closed","template":"","meta":[],"_links":{"self":[{"href":"http:\/\/uniblaga.eu\/ro\/wp-json\/wp\/v2\/pages\/183"}],"collection":[{"href":"http:\/\/uniblaga.eu\/ro\/wp-json\/wp\/v2\/pages"}],"about":[{"href":"http:\/\/uniblaga.eu\/ro\/wp-json\/wp\/v2\/types\/page"}],"author":[{"embeddable":true,"href":"http:\/\/uniblaga.eu\/ro\/wp-json\/wp\/v2\/users\/1"}],"replies":[{"embeddable":true,"href":"http:\/\/uniblaga.eu\/ro\/wp-json\/wp\/v2\/comments?post=183"}],"version-history":[{"count":4,"href":"http:\/\/uniblaga.eu\/ro\/wp-json\/wp\/v2\/pages\/183\/revisions"}],"predecessor-version":[{"id":629,"href":"http:\/\/uniblaga.eu\/ro\/wp-json\/wp\/v2\/pages\/183\/revisions\/629"}],"up":[{"embeddable":true,"href":"http:\/\/uniblaga.eu\/ro\/wp-json\/wp\/v2\/pages\/7"}],"wp:attachment":[{"href":"http:\/\/uniblaga.eu\/ro\/wp-json\/wp\/v2\/media?parent=183"}],"curies":[{"name":"wp","href":"https:\/\/api.w.org\/{rel}","templated":true}]}}