{"id":1733,"date":"2024-09-29T13:16:18","date_gmt":"2024-09-29T13:16:18","guid":{"rendered":"https:\/\/uniblaga.eu\/?page_id=1733"},"modified":"2024-09-29T13:37:09","modified_gmt":"2024-09-29T13:37:09","slug":"vol-50-2024-2","status":"publish","type":"page","link":"http:\/\/uniblaga.eu\/ro\/vol-50-2024-2\/","title":{"rendered":"Vol. 50, 2024"},"content":{"rendered":"\n<p>Inhalt<\/p>\n\n\n\n<p><br><a href=\"https:\/\/uniblaga.eu\/wp-content\/uploads\/2024\/GB 50 Sass.pdf\">Maria Sass (Hermannstadt): Zum Werdegang einer<br>Fachzeitschrift: Drei\u00dfig Jahre<br>Germanistische Beitr\u00e4ge (1993\u20132023) \u2026\u2026\u2026\u2026\u2026\u2026\u2026\u2026\u2026\u2026\u2026\u2026.. 13<\/a><\/p>\n\n\n\n<p><br>I. Literaturwissenschaft und Landeskunde<\/p>\n\n\n\n<p><br><a href=\"https:\/\/uniblaga.eu\/wp-content\/uploads\/2024\/GB 50 Fromm.pdf\">Waldemar FROMM (M\u00fcnchen): Kleine Literaturen<\/a><br><a href=\"https:\/\/uniblaga.eu\/wp-content\/uploads\/2024\/GB 50 Fromm.pdf\">und Globalgeschichte der deutschen Literatur.<br>Zur rum\u00e4niendeutschen Literatur vor und nach 1989<br>in Rum\u00e4nien und in Deutschland \u2026\u2026\u2026\u2026\u2026\u2026\u2026\u2026\u2026\u2026\u2026\u2026\u2026\u2026\u2026.. 35<\/a><\/p>\n\n\n\n<p><br><a href=\"https:\/\/uniblaga.eu\/wp-content\/uploads\/2024\/GB 50 Wittstock.pdf\">Joachim WITTSTOCK (Hermannstadt\/Sibiu):<br>Beziehungen des Schriftstellers Wulf Kirsten<br>zur rum\u00e4niendeutschen Literatur \u2026\u2026\u2026\u2026\u2026\u2026\u2026\u2026\u2026\u2026\u2026\u2026\u2026\u2026\u2026.. 56<\/a><\/p>\n\n\n\n<p><br><a href=\"https:\/\/uniblaga.eu\/wp-content\/uploads\/2024\/GB 50 Predoiu.pdf\">Grazziella PREDOIU (Temeswar): \u201eWas denkst du, gibt es<\/a><br><a href=\"https:\/\/uniblaga.eu\/wp-content\/uploads\/2024\/GB 50 Predoiu.pdf\">Orte, die uns in die Vergangenheit blicken lassen und uns<br>gleichzeitig die Zukunft zeigen?\u201c Zur inneren<br>Auseinandersetzung mit der Vergangenheit<br>in Iris Wolffs Roman \u201eHalber Stein\u201c (2012) \u2026\u2026\u2026\u2026\u2026\u2026\u2026\u2026\u2026\u2026 79<\/a><\/p>\n\n\n\n<p><br><a href=\"https:\/\/uniblaga.eu\/wp-content\/uploads\/2024\/GB 50 Nubert.pdf\">Roxana NUBERT\/ Ana-Maria DASC\u0102LU-ROMI\u021aAN<br>(Temeswar): Im Umbruch der Zeit: Richard Wagners Romane<br>und rum\u00e4niendeutsche Bez\u00fcge \u2026\u2026\u2026\u2026\u2026\u2026\u2026\u2026\u2026\u2026\u2026\u2026\u2026\u2026\u2026\u2026.. 98<\/a><\/p>\n\n\n\n<p><br><a href=\"https:\/\/uniblaga.eu\/wp-content\/uploads\/2024\/GB 50 Jakabhazi.pdf\" data-type=\"URL\" data-id=\"https:\/\/uniblaga.eu\/wp-content\/uploads\/2024\/GB 50 Jakabhazi.pdf\">R\u00e9ka JAKABH\u00c1ZI Klausenburg\/Cluj: Was bleibt:<br>das Vertrauen in die Sprache. Franz Hodjaks neue Gedichte \u2026 120<\/a><\/p>\n\n\n\n<p><br><a href=\"https:\/\/uniblaga.eu\/wp-content\/uploads\/2024\/GB 50 Karlstedt.pdf\">Ana KARLSTEDT (Bukarest): \u201eErz\u00e4hl mir was, Gro\u00dfvater!\u201c<br>Geschichten \u00fcber das Schicksal der Siebenb\u00fcrger Sachsen<br>nach dem Zweiten Weltkrieg anhand des Romans<br>von Karin G\u00fcndisch Weit, hinter den W\u00e4ldern. \u2026\u2026\u2026\u2026\u2026\u2026\u2026. 140<\/a><\/p>\n\n\n\n<p><br><br><a href=\"https:\/\/uniblaga.eu\/wp-content\/uploads\/2024\/GB 50 Kory.pdf\">Beate Petra KORY (Temeswar): Problembew\u00e4ltigung auf dem<br>Sessellift, der zum Philosophieren einl\u00e4dt in Klaus Eckels<br>Kom\u00f6die Ruhe da oben. Apr\u00e8s Ski\u2026\u2026\u2026\u2026\u2026\u2026\u2026\u2026\u2026\u2026\u2026\u2026\u2026\u2026. 158<\/a><\/p>\n\n\n\n<p><br><a href=\"https:\/\/uniblaga.eu\/wp-content\/uploads\/2024\/GB 50 Lindiger.pdf\" data-type=\"URL\">Stefan LINDINGER (Athen): Die Donau als Lebensader<br>in Harald Grills Reisebuch Hinter drei Sonnenaufg\u00e4ngen.<br>Balkanstreifz\u00fcge durch Rum\u00e4nien und Bulgarien<br>bis Odessa (2018) \u2026\u2026\u2026\u2026\u2026\u2026\u2026\u2026\u2026\u2026\u2026\u2026\u2026\u2026\u2026\u2026\u2026\u2026\u2026\u2026\u2026\u2026.. 173<\/a><\/p>\n\n\n\n<p><br><a href=\"https:\/\/uniblaga.eu\/wp-content\/uploads\/2024\/GB 50 Tugui.pdf\">Teodora \u021aUGUI-CARABA (Baia Mare): Kindheit in den<\/a><br><a href=\"https:\/\/uniblaga.eu\/wp-content\/uploads\/2024\/GB 50 Tugui.pdf\">Volkserz\u00e4hlungen der Zipser aus der Maramuresch und der<br>S\u00fcdbukowina: Erinnerungen einer vom Schicksal gepr\u00e4gten<br>Generation \u2026\u2026\u2026\u2026\u2026\u2026\u2026\u2026\u2026\u2026\u2026\u2026\u2026\u2026\u2026\u2026\u2026\u2026\u2026\u2026\u2026\u2026\u2026\u2026\u2026\u2026 191<\/a><\/p>\n\n\n\n<p><br><a href=\"https:\/\/uniblaga.eu\/wp-content\/uploads\/2024\/GB 50 Tulcan.pdf\">Claudia TULCAN (Temeswar): Rum\u00e4nisch-deutsche<br>Interferenzen in Herta M\u00fcllers Collagen \u2026\u2026\u2026\u2026\u2026\u2026\u2026\u2026\u2026\u2026\u2026 204<\/a><\/p>\n\n\n\n<p><br><a href=\"https:\/\/uniblaga.eu\/wp-content\/uploads\/2024\/GB 50 Stancu.pdf\">Andrea Susanne STANCU (Hermannstadt\/Sibiu):<br>Zum Stand des Fachs Cultur\u0103 \u0219i civiliza\u021bie<br>an rum\u00e4nischen Universit\u00e4ten \u2026\u2026\u2026\u2026\u2026\u2026\u2026\u2026\u2026\u2026\u2026\u2026\u2026\u2026\u2026\u2026.. 220<\/a><\/p>\n\n\n\n<p><br>II. Sprach- und \u00dcbersetzungswissenschaft<\/p>\n\n\n\n<p><br><a href=\"https:\/\/uniblaga.eu\/wp-content\/uploads\/2024\/GB 50 Sava.pdf\">Doris SAVA (Hermannstadt\/Sibiu): Forschen ist Silber,<\/a><br><a href=\"https:\/\/uniblaga.eu\/wp-content\/uploads\/2024\/GB 50 Sava.pdf\">Publizieren ist Gold. Publikationsverhalten im<br>Wissenschaftsbetrieb \u2026\u2026\u2026\u2026\u2026\u2026\u2026\u2026\u2026\u2026\u2026\u2026\u2026\u2026\u2026\u2026\u2026\u2026\u2026\u2026\u2026. 239<\/a><\/p>\n\n\n\n<p><br><a href=\"https:\/\/uniblaga.eu\/wp-content\/uploads\/2024\/GB 50 Tichy.pdf\">Ellen TICHY (Berlin): Sprachsens<\/a>i<a href=\"https:\/\/uniblaga.eu\/wp-content\/uploads\/2024\/GB 50 Tichy.pdf\">bler Fachunterricht<br>an \u201eNationalit\u00e4tenschulen\u201c in Regionen mit autochthonen<br>deutschen Minderheiten \u2013 Modelle und Herausforderungen \u2026 257<\/a><\/p>\n\n\n\n<p><br><a href=\"https:\/\/uniblaga.eu\/wp-content\/uploads\/2024\/GB 50 Ratcu.pdf\">Ileana-Maria RATCU (Bukarest) : Das Walachenbild<br>in den siebenb\u00fcrgisch-s\u00e4chsischen Urkunden\u2026\u2026\u2026\u2026\u2026\u2026\u2026\u2026.. 276<\/a><\/p>\n\n\n\n<p><br><a href=\"https:\/\/uniblaga.eu\/wp-content\/uploads\/2024\/GB 50 Haldewang.pdf\">Sigrid HALDENWANG (Hermannstadt\/Sibiu): Das Lexem<br>\u201eAustage\u201c im Siebenb\u00fcrgisch-S\u00e4chsischen; damit belegte<br>nordsiebenb\u00fcrgische Wortbildungskonstruktionen \u2026\u2026\u2026\u2026\u2026\u2026 286<\/a><\/p>\n\n\n\n<p><br><a href=\"https:\/\/uniblaga.eu\/wp-content\/uploads\/2024\/GB 50 Danila.pdf\">Adriana D\u0102NIL\u0102 (Bukarest): Das Frauenbild<br>in der sozialistischen Auffassung \u2026\u2026\u2026\u2026\u2026\u2026\u2026\u2026\u2026\u2026\u2026\u2026\u2026\u2026\u2026 304<\/a><\/p>\n\n\n\n<p><br><a href=\"https:\/\/uniblaga.eu\/wp-content\/uploads\/2024\/GB 50 Birk.pdf\">Ur\u0161ula KREVS BIRK (Ljubljana) \/ Machteld<br>MEULLEMAN (Reims): Lehnw\u00f6rter und Internationalismen<br>aus dem Franz\u00f6sischen im Slowenischen: die Vermittlerrolle<br>des Deutschen \u2026\u2026\u2026\u2026\u2026\u2026\u2026\u2026\u2026\u2026\u2026\u2026\u2026\u2026\u2026\u2026\u2026\u2026\u2026\u2026\u2026\u2026\u2026\u2026.. 321<\/a><\/p>\n\n\n\n<p><br><a href=\"https:\/\/uniblaga.eu\/wp-content\/uploads\/2024\/GB 50 Ginghina.pdf\">Elena GINGHIN\u0102 (Hermannstadt\/Sibiu): Rum\u00e4niens Beitritt<br>zum Schengen-Raum: Eine pragmalinguistische Untersuchung<br>zu den \u00f6sterreichischen, bundesdeutschen und rum\u00e4nischen<br>Schlagzeilen in der Online-Presse \u2026\u2026\u2026\u2026\u2026\u2026\u2026\u2026\u2026\u2026\u2026\u2026\u2026\u2026. 342<\/a><\/p>\n\n\n\n<p><br><a href=\"https:\/\/uniblaga.eu\/wp-content\/uploads\/2024\/GB 50 Constantin.pdf\">Ioana CONSTANTIN (Hermannstadt\/Sibiu):<br>Das \u00dcbersetzten zwischen Mensch und Maschine \u2026\u2026\u2026\u2026\u2026\u2026 360<\/a><\/p>\n\n\n\n<p><br><a href=\"https:\/\/uniblaga.eu\/wp-content\/uploads\/2024\/GB 50 Popescu.pdf\">Miruna POPESCU (Bukarest): Ich zerbreche mir den Kopf:<br>\u00eemi sparg capul? \u00c4quivalenzbeziehungen und falsche<br>Freunde Rum\u00e4nisch-Deutsch \u2026\u2026\u2026\u2026\u2026\u2026\u2026\u2026\u2026\u2026\u2026\u2026\u2026\u2026\u2026\u2026\u2026 376<\/a><\/p>\n\n\n\n<p><br><a href=\"https:\/\/uniblaga.eu\/wp-content\/uploads\/2024\/GB 50 Ivanov.pdf\">Miruna IVANOV (Bukarest): Variationen und spielerischer<br>Gebrauch standardsprachlicher Wendungen<br>und Sprichw\u00f6rter in der Werbung \u2026\u2026\u2026\u2026\u2026\u2026\u2026\u2026\u2026\u2026\u2026\u2026\u2026\u2026. 391<\/a><\/p>\n\n\n\n<p><br>III. B\u00fccherschau<\/p>\n\n\n\n<p><br><a href=\"https:\/\/uniblaga.eu\/wp-content\/uploads\/2024\/GB 50 Sava 2.pdf\">Doris SAVA (Hermannstadt\/Sibiu): Rezension \u2026\u2026\u2026\u2026\u2026\u2026\u2026.. 401<\/a><br><\/p>\n","protected":false},"excerpt":{"rendered":"<p>Inhalt Maria Sass (Hermannstadt): Zum Werdegang einerFachzeitschrift: Drei\u00dfig JahreGermanistische Beitr\u00e4ge (1993\u20132023) \u2026\u2026\u2026\u2026\u2026\u2026\u2026\u2026\u2026\u2026\u2026\u2026.. 13 I. Literaturwissenschaft und Landeskunde Waldemar FROMM (M\u00fcnchen): Kleine Literaturenund Globalgeschichte der deutschen Literatur.Zur rum\u00e4niendeutschen Literatur vor und nach 1989in Rum\u00e4nien und in Deutschland \u2026\u2026\u2026\u2026\u2026\u2026\u2026\u2026\u2026\u2026\u2026\u2026\u2026\u2026\u2026.. 35 Joachim WITTSTOCK (Hermannstadt\/Sibiu):Beziehungen des Schriftstellers Wulf Kirstenzur rum\u00e4niendeutschen Literatur \u2026\u2026\u2026\u2026\u2026\u2026\u2026\u2026\u2026\u2026\u2026\u2026\u2026\u2026\u2026.. 56 Grazziella PREDOIU (Temeswar): \u201eWas denkst du, &hellip; <a href=\"http:\/\/uniblaga.eu\/ro\/vol-50-2024-2\/\" class=\"more-link\">Continuarea <span class=\"screen-reader-text\">Vol. 50, 2024<\/span> <span class=\"meta-nav\">&rarr;<\/span><\/a><\/p>\n","protected":false},"author":1,"featured_media":0,"parent":0,"menu_order":0,"comment_status":"closed","ping_status":"closed","template":"","meta":[],"_links":{"self":[{"href":"http:\/\/uniblaga.eu\/ro\/wp-json\/wp\/v2\/pages\/1733"}],"collection":[{"href":"http:\/\/uniblaga.eu\/ro\/wp-json\/wp\/v2\/pages"}],"about":[{"href":"http:\/\/uniblaga.eu\/ro\/wp-json\/wp\/v2\/types\/page"}],"author":[{"embeddable":true,"href":"http:\/\/uniblaga.eu\/ro\/wp-json\/wp\/v2\/users\/1"}],"replies":[{"embeddable":true,"href":"http:\/\/uniblaga.eu\/ro\/wp-json\/wp\/v2\/comments?post=1733"}],"version-history":[{"count":4,"href":"http:\/\/uniblaga.eu\/ro\/wp-json\/wp\/v2\/pages\/1733\/revisions"}],"predecessor-version":[{"id":1747,"href":"http:\/\/uniblaga.eu\/ro\/wp-json\/wp\/v2\/pages\/1733\/revisions\/1747"}],"wp:attachment":[{"href":"http:\/\/uniblaga.eu\/ro\/wp-json\/wp\/v2\/media?parent=1733"}],"curies":[{"name":"wp","href":"https:\/\/api.w.org\/{rel}","templated":true}]}}