{"id":129,"date":"2016-03-24T13:04:26","date_gmt":"2016-03-24T13:04:26","guid":{"rendered":"http:\/\/uniblaga.eu\/?page_id=129"},"modified":"2016-03-28T13:50:05","modified_gmt":"2016-03-28T13:50:05","slug":"vol-28-2011","status":"publish","type":"page","link":"http:\/\/uniblaga.eu\/ro\/germanistische-beitrage\/vol-28-2011\/","title":{"rendered":"Vol. 28, 2011"},"content":{"rendered":"<p><a href=\"http:\/\/uniblaga.eu\/wp-content\/uploads\/2016\/03\/RoAbstracts28.pdf\">Abstracte<\/a><\/p>\n<p class=\"style1\"><a href=\"http:\/\/uniblaga.eu\/wp-content\/uploads\/2016\/03\/VorwortGB28.pdf\">\u00a0Cuv\u00e2nt \u00eenainte (11)<\/a><\/p>\n<p class=\"style1\"><strong><span style=\"color: #000000;\">I. Literaturwissenschaft und Landeskunde<\/span><\/strong><\/p>\n<p class=\"style1\"><a href=\"http:\/\/uniblaga.eu\/wp-content\/uploads\/2016\/03\/28.1.1.pdf\"><strong>Roxana Nubert<\/strong> (Timi\u015foara\/Temeswar):<\/a><br \/>\n<a href=\"http:\/\/uniblaga.eu\/wp-content\/uploads\/2016\/03\/28.1.1.pdf\">Roxana Nubert (Timi\u015foara): Oscar Walter Cisek un mediator \u00eentre cultura rom\u00e2n\u0103 \u0219i cea german\u0103 &#8211; cu referiri la Kulturnachrichten aus Rum\u00e4nien \u0219i a eseurilor sale \u00een periodicele s\u0103se\u0219ti (15)<\/a><\/p>\n<p class=\"style1\"><a href=\"http:\/\/uniblaga.eu\/wp-content\/uploads\/2016\/03\/28.1.2.pdf\"><strong>Maria Sass<\/strong> (Sibiu\/Hermannstadt):<\/a><br \/>\n<a href=\"http:\/\/uniblaga.eu\/wp-content\/uploads\/2016\/03\/28.1.2.pdf\">\u00a0Kontakt und Wirkungsmacht. Aspecte interculturale din aria cultural\u0103 rom\u00e2no-german\u0103 (39)<\/a><\/p>\n<p class=\"style1\"><a href=\"http:\/\/uniblaga.eu\/wp-content\/uploads\/2016\/03\/28.1.3.pdf\"><strong>Carmen Elisabeth Puchianu<\/strong> (Brasov\/Kronstadt):<\/a><br \/>\n<a href=\"http:\/\/uniblaga.eu\/wp-content\/uploads\/2016\/03\/28.1.3.pdf\">Schreiben zwischen Kulturen. \u00dcberlegungen zum eigenen \u00centre culturi. Devenirea unui scriitor de limb\u0103 german\u0103 \u00een Rom\u00e2nia (42)<\/a><\/p>\n<p class=\"style1\"><a href=\"http:\/\/uniblaga.eu\/wp-content\/uploads\/2016\/03\/28.1.4.pdf\"><strong>Gudrun Ittu<\/strong> (Sibiu\/Hermannstadt):<\/a><br \/>\n<a href=\"http:\/\/uniblaga.eu\/wp-content\/uploads\/2016\/03\/28.1.4.pdf\">De la subsecretar, publicist stimat \u0219i traduc\u0103tor la cer\u0219etor: Viktor Orendi-Hommenau (1870-1954) \u00een 1944 (56)<\/a><\/p>\n<p class=\"style1\"><a href=\"http:\/\/uniblaga.eu\/wp-content\/uploads\/2016\/03\/28.1.5.pdf\"><strong>Grazziella Predoiu<\/strong> (Temeswar):<\/a><br \/>\n<a href=\"http:\/\/uniblaga.eu\/wp-content\/uploads\/2016\/03\/28.1.5.pdf\">Herta M\u00fcller \u2013 Mircea C\u0103rt\u0103rescu: o \u00eencercare de apropiere (68)<\/a><\/p>\n<p class=\"style1\"><a href=\"http:\/\/uniblaga.eu\/wp-content\/uploads\/2016\/03\/28.1.6.pdf\"><strong>Sunhild Galter<\/strong> (Sibiu\/Hermannstadt):<\/a><br \/>\n<a href=\"http:\/\/uniblaga.eu\/wp-content\/uploads\/2016\/03\/28.1.6.pdf\"><em>\u00a0Pierderea identit\u0103\u021bii prin integrare \u00een povestirea Savia a Lumini\u021bei Cioab\u0103 (<\/em>85)<\/a><\/p>\n<p class=\"style1\"><a href=\"http:\/\/uniblaga.eu\/wp-content\/uploads\/2016\/03\/28.1.7.pdf\"><strong>Delia Cot\u00e2rlea<\/strong> (Bra\u015fov\/Kronstadt):<\/a><br \/>\n<a href=\"http:\/\/uniblaga.eu\/wp-content\/uploads\/2016\/03\/28.1.7.pdf\">\u00a0Rolul limbii \u00een poezia german\u0103 din Rom\u00e2nia \u0219i \u00een cea rom\u00e2neasc\u0103 din anii 1970. O abordare comparativ\u0103 (93)<\/a><\/p>\n<p><a href=\"http:\/\/uniblaga.eu\/wp-content\/uploads\/2016\/03\/28.1.8.pdf\"><strong>Andreea Dumitru (Iacob)<\/strong> (Sibiu\/Hermannstadt):<\/a><br \/>\n<a href=\"http:\/\/uniblaga.eu\/wp-content\/uploads\/2016\/03\/28.1.8.pdf\">\u00a0Imaginea de sine \u0219i imaginea asupra celuilalt \u00een Die schiefe Fassade der Kindheit. Erfundene Familienkunde de Eginald Schlattner (120)<\/a><\/p>\n<p class=\"style1\"><a href=\"http:\/\/uniblaga.eu\/wp-content\/uploads\/2016\/03\/28.1.9.pdf\"><strong>Marianne Koch (Bucuresti\/Bukarest)<\/strong>:<\/a><br \/>\n<a href=\"http:\/\/uniblaga.eu\/wp-content\/uploads\/2016\/03\/28.1.9.pdf\">Predarea limbii germane \u00een \u0219colile din Transilvania. (132)<\/a><\/p>\n<p><a href=\"http:\/\/uniblaga.eu\/wp-content\/uploads\/2016\/03\/28.1.10.pdf\"><strong>Rodica Ofelia Miclea<\/strong> (Sibiu\/Hermannstadt):<\/a><br \/>\n<a href=\"http:\/\/uniblaga.eu\/wp-content\/uploads\/2016\/03\/28.1.10.pdf\">\u00a0\u201eInstitu\u021bia primarului poate salva Balcanul?\u201c \u2013 c\u00e2teva remarci privitoare la func\u021bionalitatea unor stereotipuri pozitive \u00een timpuri critice (149)<\/a><\/p>\n<p class=\"style1\"><a href=\"http:\/\/uniblaga.eu\/wp-content\/uploads\/2016\/03\/28.1.11.pdf\"><strong>Carmen Popa <\/strong>(Hermannstadt):<\/a><br \/>\n<a href=\"http:\/\/uniblaga.eu\/wp-content\/uploads\/2016\/03\/28.1.11.pdf\">Rela\u021bii \u0219i suprapuneri culturale rom\u00e2no-germane \u00een presa rom\u00e2neasc\u0103 din Sibiul sf\u00e2r\u0219itului de secol 19 (170)<\/a><\/p>\n<p class=\"style1\"><strong>II. Lingvistic\u0103 <\/strong><\/p>\n<p class=\"style1\"><a href=\"http:\/\/uniblaga.eu\/wp-content\/uploads\/2016\/03\/28.2.1.pdf\"><strong>Ioan L\u0103z\u0103rescu\/Ileana-Maria Ratcu<\/strong> (Bukarest):<\/a><br \/>\n<a href=\"http:\/\/uniblaga.eu\/wp-content\/uploads\/2016\/03\/28.2.1.pdf\">Vocabularul \u00een domeniul administrativ ca rezultat al rela\u021biei dintre vocabularul autohton \u0219i cel str\u0103in, folosind ca exemplu \u00eemprumuturi din limba german\u0103 (181)<\/a><\/p>\n<p class=\"style1\"><a href=\"http:\/\/uniblaga.eu\/wp-content\/uploads\/2016\/03\/28.2.2.pdf\"><strong>Sigrid Haldenwang<\/strong> (Sibiu\/Hermannstadt):<\/a><br \/>\n<a href=\"http:\/\/uniblaga.eu\/wp-content\/uploads\/2016\/03\/28.2.2.pdf\">\u00a0Studiu comparativ despre sensul verbelor \u201ca scotoci, a c\u0103uta, a s\u0103pa\u201d \u00een dic\u021bionarul sa\u0219ilor transilv\u0103neni (SSWB) \u0219i \u00een dic\u021bionarul sa\u0219ilor din Transilvania de nord (NSSWB). \u00a0(190)<\/a><\/p>\n<p><a href=\"http:\/\/uniblaga.eu\/wp-content\/uploads\/2016\/03\/28.2.3.pdf\"><strong>Dana Janetta Dogaru<\/strong> (Sibiu\/Hermannstadt):<\/a><br \/>\n<a href=\"http:\/\/uniblaga.eu\/wp-content\/uploads\/2016\/03\/28.2.3.pdf\">\u00a0Structurile sintactice specifice proceselor-verbale ale procedurilor tribunalului din Transilvania, de la sf\u00e2r\u0219itul secolului al XVII-lea (203)<\/a><\/p>\n<p><a href=\"http:\/\/uniblaga.eu\/wp-content\/uploads\/2016\/03\/28.2.4.pdf\"><strong>Doris Sava<\/strong> (Sibiu\/Hermannstadt):<\/a><br \/>\n<a href=\"http:\/\/uniblaga.eu\/wp-content\/uploads\/2016\/03\/28.2.4.pdf\">Prezentarea lexicografic\u0103 a frazeologismelor \u00een Dic\u021bionarul German-Rom\u00e2n publicat de Academia Rom\u00e2n\u0103, edi\u021bia nou\u0103 (3 2007) (225)<\/a><\/p>\n<p><strong>III. Das aktuelle Thema<\/strong><\/p>\n<p class=\"style1\"><a href=\"http:\/\/uniblaga.eu\/wp-content\/uploads\/2016\/03\/28.3.1.pdf\"><strong>Horst Schuller <\/strong>(Hermannstadt\/Heidelberg):<\/a><br \/>\n<a href=\"http:\/\/uniblaga.eu\/wp-content\/uploads\/2016\/03\/28.3.1.pdf\">Completarea \u0219i continuarea datelor biografice ale lui Horst Schuller din Germanistische Beitr\u00e4ge [GBS] (Sibiu\/Hermannstadt), No. 13\/14, 2001, p. 32-113. (situa\u021bia din ianuarie 2011) (261)<\/a><\/p>\n<p><strong>IV. B\u00fccherschau<\/strong><\/p>\n<p class=\"style1\"><a href=\"http:\/\/uniblaga.eu\/wp-content\/uploads\/2016\/03\/28.4.1.pdf\">Rezension <strong>Cot\u00e2rlea, Delia<\/strong>: Recenzie Cot\u00e2rlea, Delia: Scrisul sub dictatur\u0103. Lirica Anemonei Latzina. O \u00eencercare monografic\u0103. <\/a><a href=\"http:\/\/uniblaga.eu\/wp-content\/uploads\/2016\/03\/28.4.1.pdf\">(273<\/a>)<\/p>\n<p><\/p>","protected":false},"excerpt":{"rendered":"<p>Abstracte \u00a0Cuv\u00e2nt \u00eenainte (11) I. Literaturwissenschaft und Landeskunde Roxana Nubert (Timi\u015foara\/Temeswar): Roxana Nubert (Timi\u015foara): Oscar Walter Cisek un mediator \u00eentre cultura rom\u00e2n\u0103 \u0219i cea german\u0103 &#8211; cu referiri la Kulturnachrichten aus Rum\u00e4nien \u0219i a eseurilor sale \u00een periodicele s\u0103se\u0219ti (15) Maria Sass (Sibiu\/Hermannstadt): \u00a0Kontakt und Wirkungsmacht. Aspecte interculturale din aria cultural\u0103 rom\u00e2no-german\u0103 (39) Carmen Elisabeth &hellip; <a href=\"http:\/\/uniblaga.eu\/ro\/germanistische-beitrage\/vol-28-2011\/\" class=\"more-link\">Continuarea <span class=\"screen-reader-text\">Vol. 28, 2011<\/span> <span class=\"meta-nav\">&rarr;<\/span><\/a><\/p>\n","protected":false},"author":1,"featured_media":0,"parent":7,"menu_order":0,"comment_status":"closed","ping_status":"closed","template":"","meta":[],"_links":{"self":[{"href":"http:\/\/uniblaga.eu\/ro\/wp-json\/wp\/v2\/pages\/129"}],"collection":[{"href":"http:\/\/uniblaga.eu\/ro\/wp-json\/wp\/v2\/pages"}],"about":[{"href":"http:\/\/uniblaga.eu\/ro\/wp-json\/wp\/v2\/types\/page"}],"author":[{"embeddable":true,"href":"http:\/\/uniblaga.eu\/ro\/wp-json\/wp\/v2\/users\/1"}],"replies":[{"embeddable":true,"href":"http:\/\/uniblaga.eu\/ro\/wp-json\/wp\/v2\/comments?post=129"}],"version-history":[{"count":5,"href":"http:\/\/uniblaga.eu\/ro\/wp-json\/wp\/v2\/pages\/129\/revisions"}],"predecessor-version":[{"id":506,"href":"http:\/\/uniblaga.eu\/ro\/wp-json\/wp\/v2\/pages\/129\/revisions\/506"}],"up":[{"embeddable":true,"href":"http:\/\/uniblaga.eu\/ro\/wp-json\/wp\/v2\/pages\/7"}],"wp:attachment":[{"href":"http:\/\/uniblaga.eu\/ro\/wp-json\/wp\/v2\/media?parent=129"}],"curies":[{"name":"wp","href":"https:\/\/api.w.org\/{rel}","templated":true}]}}