{"id":1127,"date":"2022-01-24T12:03:19","date_gmt":"2022-01-24T12:03:19","guid":{"rendered":"http:\/\/uniblaga.eu\/?page_id=1127"},"modified":"2025-11-06T22:00:02","modified_gmt":"2025-11-06T22:00:02","slug":"about","status":"publish","type":"page","link":"http:\/\/uniblaga.eu\/ro\/about\/","title":{"rendered":"Despre noi"},"content":{"rendered":"<p><\/p>\n<div class=\"gmail_default\"><\/div>\n<p>Revista Germanistische Beitr\u00e4ge (ISSN 1454\u20135144), fondat\u0103 \u00een 1993, public\u0103 articole \u0219tiin\u021bifice (literatura \u0219i cultura german\u0103 din Rom\u00e2nia \u0219i Europa de Sud-Est, lingvistic\u0103, studii culturale, didiactica limbii germane, teoria \u0219i practica traducerii) \u0219i recenzii \u00een limba german\u0103.<\/p>\n<p>Articolele (maxim 10 pagini) \u0219i formularul Open Access se primesc la adresa de e-mail revista.germanistischebeitrage@ulbsibiu.ro .<\/p>\n<p>Revista apare anual \u00een luna noiembrie sub egida Centrului de cercetare Centrul de Studii lingvistice, literare \u0219i culturale (CSLLC) al Facult\u0103\u021bii de Litere \u0219i Arte.<\/p>\n<p><strong>\u00a0<\/strong><\/p>\n<p><img loading=\"lazy\" class=\"alignnone size-medium wp-image-949 aligncenter\" src=\"http:\/\/uniblaga.eu\/wp-content\/uploads\/2016\/03\/Logo-CSLLC-300x153.jpg\" alt=\"Logo CSLLC\" width=\"300\" height=\"153\" srcset=\"http:\/\/uniblaga.eu\/wp-content\/uploads\/2016\/03\/Logo-CSLLC-300x153.jpg 300w, http:\/\/uniblaga.eu\/wp-content\/uploads\/2016\/03\/Logo-CSLLC-768x391.jpg 768w, http:\/\/uniblaga.eu\/wp-content\/uploads\/2016\/03\/Logo-CSLLC-1024x522.jpg 1024w\" sizes=\"(max-width: 300px) 100vw, 300px\" \/><\/p>\n<p>Articolele publicate sunt licen\u021biate conform licen\u021bei Attribution-NonCommercial-NoDerivatives 4.0 International (CC BY-NC-ND 4.0).<\/p>\n<hr \/>\n<p><strong>Consiliul de redac\u0163ie\u00a0<\/strong><\/p>\n<p>Prof. Dr. Mathias Bauer<br \/>\nUniversit\u00e4t Flensburg<\/p>\n<p>Prof. Dr. Matja\u017e Birk<br \/>\nUniversit\u00e4t Maribor<\/p>\n<p>Dr. Oxana Chira<br \/>\nStaatliche Universit\u00e4t \u201eAlecu Russo\u201c B\u0103l\u021bi<\/p>\n<p>Dr. Delia Cot\u00e2rlea<br \/>\nTransilvania-Universit\u00e4t Kronstadt<\/p>\n<p>Prof. Dr. habil. Beata Grzeszczakowska-Pawlikowska<br \/>\nUniversit\u00e4t \u0141\u00f3d\u017a<\/p>\n<p>Dr. Oliver Herbst<br \/>\nJulius-Maximilians-Universit\u00e4t W\u00fcrzburg<\/p>\n<p>Prof. Dr. Biljana Ivanovska<br \/>\nGoce-Del\u010dev-Universit\u00e4t \u0160tip<\/p>\n<p>Prof. Dr. Torsten Leuschner<br \/>\nUniversit\u00e4t Gent<\/p>\n<p>Prof. Dr. Iulia-Karin Patrut<br \/>\nUniversit\u00e4t Flensburg<\/p>\n<p>Prof. Dr. habil. Daniela Pelka<br \/>\nUniversit\u00e4t Oppeln<\/p>\n<p>Dr. habil. Roberta V. Rada<br \/>\nE\u00f6tv\u00f6s-Lor\u00e1nd-Universit\u00e4t Budapest<\/p>\n<p>Prof. Dr. habil. Raluca R\u0103dulescu<br \/>\nUniversit\u00e4t Bukarest<\/p>\n<p>Dr. Olivia Spiridon<br \/>\nInstitut f\u00fcr donauschw\u00e4bische Geschichte und Landeskunde T\u00fcbingen<\/p>\n<p>Dr. Holger Wochele<br \/>\nJohannes Gutenberg-Universit\u00e4t Mainz<\/p>\n<hr \/>\n<p><strong>Consiliul academic<\/strong><\/p>\n<p>Prof. Dr. Andr\u00e1s F. Balogh<br \/>\nBabe\u0219-Bolyai-Universit\u00e4t Klausenburg<\/p>\n<p>Prof. Dr. Marina Petrovi\u0107-J\u00fclich<br \/>\nUniversit\u00e4t Kragujevac<\/p>\n<p>Dr. Gordana Risti\u0107<br \/>\nUniversit\u00e4t Novi Sad<\/p>\n<p>Dr. Nadjib Sadikou<br \/>\nEuropa-Universit\u00e4t Flensburg<\/p>\n<p>Prof. Dr. Dr. h.c. Thede Kahl<br \/>\nFriedrich-Schiller-Universit\u00e4t Jena<\/p>\n<hr \/>\n<p><strong>Secretari de redac\u0163ie<\/strong><\/p>\n<p>Dr. Marius Stroia<br \/>\nDr. Ovio Olaru<br \/>\nLucian-Blaga-Universit\u00e4t Hermannstadt<\/p>\n<p style=\"text-align: justify;\">\n<p><\/p>","protected":false},"excerpt":{"rendered":"<p>Revista Germanistische Beitr\u00e4ge (ISSN 1454\u20135144), fondat\u0103 \u00een 1993, public\u0103 articole \u0219tiin\u021bifice (literatura \u0219i cultura german\u0103 din Rom\u00e2nia \u0219i Europa de Sud-Est, lingvistic\u0103, studii culturale, didiactica limbii germane, teoria \u0219i practica traducerii) \u0219i recenzii \u00een limba german\u0103. Articolele (maxim 10 pagini) \u0219i formularul Open Access se primesc la adresa de e-mail revista.germanistischebeitrage@ulbsibiu.ro . Revista apare anual &hellip; <a href=\"http:\/\/uniblaga.eu\/ro\/about\/\" class=\"more-link\">Continuarea <span class=\"screen-reader-text\">Despre noi<\/span> <span class=\"meta-nav\">&rarr;<\/span><\/a><\/p>\n","protected":false},"author":1,"featured_media":0,"parent":0,"menu_order":0,"comment_status":"closed","ping_status":"closed","template":"","meta":[],"_links":{"self":[{"href":"http:\/\/uniblaga.eu\/ro\/wp-json\/wp\/v2\/pages\/1127"}],"collection":[{"href":"http:\/\/uniblaga.eu\/ro\/wp-json\/wp\/v2\/pages"}],"about":[{"href":"http:\/\/uniblaga.eu\/ro\/wp-json\/wp\/v2\/types\/page"}],"author":[{"embeddable":true,"href":"http:\/\/uniblaga.eu\/ro\/wp-json\/wp\/v2\/users\/1"}],"replies":[{"embeddable":true,"href":"http:\/\/uniblaga.eu\/ro\/wp-json\/wp\/v2\/comments?post=1127"}],"version-history":[{"count":96,"href":"http:\/\/uniblaga.eu\/ro\/wp-json\/wp\/v2\/pages\/1127\/revisions"}],"predecessor-version":[{"id":1991,"href":"http:\/\/uniblaga.eu\/ro\/wp-json\/wp\/v2\/pages\/1127\/revisions\/1991"}],"wp:attachment":[{"href":"http:\/\/uniblaga.eu\/ro\/wp-json\/wp\/v2\/media?parent=1127"}],"curies":[{"name":"wp","href":"https:\/\/api.w.org\/{rel}","templated":true}]}}