{"id":861,"date":"2019-07-03T17:09:44","date_gmt":"2019-07-03T17:09:44","guid":{"rendered":"http:\/\/uniblaga.eu\/?page_id=861"},"modified":"2019-07-03T20:25:06","modified_gmt":"2019-07-03T20:25:06","slug":"vol-44-2019","status":"publish","type":"page","link":"http:\/\/uniblaga.eu\/de\/vol-44-2019\/","title":{"rendered":"Band 44, 2019"},"content":{"rendered":"<p>Inhalt<\/p>\n<p>Literaturwissenschaft und Landeskunde<\/p>\n<p><a href=\"http:\/\/uniblaga.eu\/wp-content\/uploads\/2019\/44\/10.2478-gb44-2019-0001.pdf\">Matthias BAUER (Flensburg): Au\ufb02ehnung und Vermittlung. Petru Dumitrius Essay Die Transmoderne. Zur Situation des Romans (1965). &#8230;&#8230;&#8230;&#8230;&#8230;&#8230;&#8230;&#8230;&#8230;&#8230;&#8230;&#8230;&#8230;&#8230;&#8230;&#8230;&#8230;&#8230;&#8230;&#8230;&#8230;&#8230;&#8230;&#8230;&#8230;&#8230;&#8230;&#8230;&#8230;&#8230;&#8230;&#8230;&#8230;&#8230;&#8230;&#8230;&#8230;.13<\/a><\/p>\n<p><a href=\"http:\/\/uniblaga.eu\/wp-content\/uploads\/2019\/44\/10.2478-gb44-2019-0002.pdf\">Carmen Elisabeth PUCHIANU (Kronstadt\/Brasov): Rum\u00e4nische Realit\u00e4t surrealistisch verk\u00f6rpert: Joachim Wittstocks Erz\u00e4hlung Hades, (m)eine postmoderne Lesart &#8230;&#8230;&#8230;&#8230;&#8230;&#8230;&#8230;&#8230;&#8230;&#8230;&#8230;&#8230;&#8230;&#8230;&#8230;&#8230;&#8230;&#8230;41<\/a><\/p>\n<p><a href=\"http:\/\/uniblaga.eu\/wp-content\/uploads\/2019\/44\/10.2478-gb44-2019-0003.pdf\">Delia COT\u00c2RLEA (Kronstadt\/Brasov): Vereinnahmung von Geschichte und Literatur durch rum\u00e4nische Kulturpolitik. Die Kronst\u00e4dter Publikation Karpatenrundschau (1968-1970)&#8230;.. ..59<\/a><\/p>\n<p><a href=\"http:\/\/uniblaga.eu\/wp-content\/uploads\/2019\/44\/10.2478-gb44-2019-0004.pdf\">Joachim WITTSTOCK (Hermannstadt\/Sibiu): Der ungarische Lebensbezirk im literarischen Scha\ufb00 en von Emil Witting, ausgehend von einer neueren Ver\u00f6\ufb00 entlichung &#8230;&#8230;&#8230;&#8230;&#8230;&#8230;&#8230;&#8230;&#8230;&#8230;&#8230;&#8230;&#8230;&#8230;&#8230;&#8230;&#8230;.75<\/a><\/p>\n<p><a href=\"http:\/\/uniblaga.eu\/wp-content\/uploads\/2019\/44\/10.2478-gb44-2019-0005.pdf\">Roxana NUBERT \/ Ana-Maria DASC\u0102LU-ROMI\u021aAN (Temeswar\/Timi\u015foara): Deutsch-rum\u00e4nische Sprachinterferenzen bei Herta M\u00fcller und Balthasar Waitz &#8230;&#8230;&#8230;&#8230;&#8230;&#8230;&#8230;&#8230;&#8230;&#8230;&#8230;&#8230;&#8230;&#8230;&#8230;&#8230;87<\/a><\/p>\n<p><a href=\"http:\/\/uniblaga.eu\/wp-content\/uploads\/2019\/44\/10.2478-gb44-2019-0006.pdf\">R\u00e9ka JAKABH\u00c1ZI (Kluasenburg\/Cluj): Die Schwarze Kirche als Topos der kollektiven Identit\u00e4tskonstruktion in der deutschen, rum\u00e4nischen und ungarischen Lyrik der Zwischenkriegszeit &#8230;&#8230;&#8230;&#8230;&#8230;&#8230;&#8230;&#8230;&#8230;&#8230;&#8230;&#8230;&#8230;&#8230;&#8230;&#8230;&#8230;&#8230;&#8230;&#8230;&#8230;&#8230;&#8230;&#8230;&#8230;&#8230;&#8230;&#8230;&#8230;&#8230;&#8230;&#8230;&#8230;&#8230;&#8230;&#8230;&#8230;&#8230;&#8230;&#8230;.103<\/a><\/p>\n<p><a href=\"http:\/\/uniblaga.eu\/wp-content\/uploads\/2019\/44\/10.2478-gb44-2019-0007.pdf\">Maria SASS (Sibiu\/Hermannstadt): Auch das Best\u00e4ndigste war nicht mehr von Dauer! Die Darstellung des Eigenen und des Gegen\u00fcbers in Andreas Birkners Roman Die Tatarenpredigt. &#8230;&#8230;&#8230;&#8230;&#8230;&#8230;&#8230;..118<\/a><\/p>\n<p><a href=\"http:\/\/uniblaga.eu\/wp-content\/uploads\/2019\/44\/10.2478-gb44-2019-0008.pdf\">Nadjib SADIKOU (Flensburg): Heimat und fragile Werte. Lavinia Brani\u015ftes Null Komma Irgendwas &#8230;&#8230;&#8230;&#8230;&#8230;&#8230;&#8230;&#8230;&#8230;&#8230;&#8230;&#8230;140<\/a><\/p>\n<p><a href=\"http:\/\/uniblaga.eu\/wp-content\/uploads\/2019\/44\/10.2478-gb44-2019-0009.pdf\">Doris Sava (Hermannstadt\/Sibiu): Nichts f\u00fcr Schnellbetrachter: Doina Ioanids Poesie der leichten T\u00f6ne &#8230;&#8230;&#8230;&#8230;&#8230;&#8230;&#8230;&#8230;&#8230;&#8230;&#8230;&#8230;&#8230;.155<\/a><\/p>\n<p><a href=\"http:\/\/uniblaga.eu\/wp-content\/uploads\/2019\/44\/10.2478-gb44-2019-0010.pdf\">Martin STANGL (Hermannstadt\/Sibiu): Erl\u00e4uterungen und Gedanken zu Goethes Planetentanz &#8230;&#8230;&#8230;&#8230;&#8230;&#8230;&#8230;&#8230;&#8230;&#8230;&#8230;&#8230;&#8230;&#8230;&#8230;169<\/a><\/p>\n<p><a href=\"http:\/\/uniblaga.eu\/wp-content\/uploads\/2019\/44\/10.2478-gb44-2019-0011.pdf\">Andreea DUMITRU (Hermannstadt\/Sibiu): \u2026 Und f\u00fchre uns nicht in Versuchung, sondern erl\u00f6se uns von dem B\u00f6sen \u2026 Gedanken zu Eginald Schlattners Text \u201eJa nicht ja. Walther Gottfried Seidner zum 80.\u201d &#8230;&#8230;&#8230;&#8230;&#8230;&#8230;&#8230;&#8230;&#8230;&#8230;&#8230;&#8230;&#8230;&#8230;&#8230;&#8230;&#8230;&#8230;&#8230;&#8230;&#8230;&#8230;&#8230;&#8230;&#8230;&#8230;&#8230;&#8230;&#8230;&#8230;&#8230;&#8230;&#8230;&#8230;&#8230;&#8230;..181<\/a><\/p>\n<p><a href=\"http:\/\/uniblaga.eu\/wp-content\/uploads\/2019\/44\/10.2478-gb44-2019-0012.pdf\">Gerhild RUDOLF (Hermannstadt\/Sibiu): Vornamenwahl in einem deutsch-rum\u00e4nischen Umfeld. Zwischen regionalen Gep\ufb02ogenheiten und europ\u00e4ischen Trends &#8230;&#8230;&#8230;&#8230;&#8230;&#8230;&#8230;&#8230;&#8230;&#8230;.189<\/a><\/p>\n<p>Sprachwissenschaft<\/p>\n<p><a href=\"http:\/\/uniblaga.eu\/wp-content\/uploads\/2019\/44\/10.2478-gb44-2019-0013.pdf\">Sigrid HALDENWANG (Hermannstadt\/Sibiu): Zu den Bedeutungen der Verben \u201ekopulieren\u201c, \u201ekaufen\u201c und \u201ever\u00e4ndern\u201c in siebenb\u00fcrgischen urkundlichen Quellen und im Siebenb\u00fcrgisch- S\u00e4chsischen &#8230;&#8230;&#8230;&#8230;&#8230;&#8230;&#8230;&#8230;&#8230;&#8230;&#8230;&#8230;&#8230;&#8230;&#8230;&#8230;&#8230;&#8230;&#8230;&#8230;&#8230;&#8230;&#8230;&#8230;&#8230;&#8230;&#8230;&#8230;&#8230;&#8230;&#8230;207<\/a><\/p>\n<p><a href=\"http:\/\/uniblaga.eu\/wp-content\/uploads\/2019\/44\/10.2478-gb44-2019-0014.pdf\">Cristina MIHAIL (Hermannstadt\/Sibiu): \u201cDann leg\u2019 ich meinen Hobel hin\u2026\u201d. Nachrufe und Todesanzeigen mit T\u00e4tigkeitsbezug aus interkultureller Sicht &#8230;&#8230;&#8230;&#8230;&#8230;&#8230;&#8230;&#8230;&#8230;&#8230;&#8230;&#8230;&#8230;&#8230;&#8230;&#8230;&#8230;&#8230;&#8230;&#8230;&#8230;&#8230;&#8230;&#8230;.224<\/a><\/p>\n<p>B\u00fccherschau<\/p>\n<p><a href=\"http:\/\/uniblaga.eu\/wp-content\/uploads\/2019\/44\/10.2478-gb44-2019-0015.pdf\">Markus Oliver SPITZ (Luxemburg) : Rezension &#8230;&#8230;&#8230;&#8230;&#8230;&#8230;&#8230;243<\/a><\/p>\n<p><a href=\"http:\/\/uniblaga.eu\/wp-content\/uploads\/2019\/44\/10.2478-gb44-2019-0016.pdf\">Larisa PIOARU (Kronstadt\/Brasov): Rezension &#8230;&#8230;&#8230;&#8230;&#8230;&#8230;.246<\/a><\/p>\n<p>Verzeichnis der AutorInnen &#8230;&#8230;&#8230;&#8230;&#8230;&#8230;&#8230;&#8230;&#8230;&#8230;&#8230;&#8230;&#8230;&#8230;&#8230;&#8230;&#8230;&#8230;&#8230;252<\/p>","protected":false},"excerpt":{"rendered":"<p>Inhalt Literaturwissenschaft und Landeskunde Matthias BAUER (Flensburg): Au\ufb02ehnung und Vermittlung. Petru Dumitrius Essay Die Transmoderne. Zur Situation des Romans (1965). &#8230;&#8230;&#8230;&#8230;&#8230;&#8230;&#8230;&#8230;&#8230;&#8230;&#8230;&#8230;&#8230;&#8230;&#8230;&#8230;&#8230;&#8230;&#8230;&#8230;&#8230;&#8230;&#8230;&#8230;&#8230;&#8230;&#8230;&#8230;&#8230;&#8230;&#8230;&#8230;&#8230;&#8230;&#8230;&#8230;&#8230;.13 Carmen Elisabeth PUCHIANU (Kronstadt\/Brasov): Rum\u00e4nische Realit\u00e4t surrealistisch verk\u00f6rpert: Joachim Wittstocks Erz\u00e4hlung Hades, (m)eine postmoderne Lesart &#8230;&#8230;&#8230;&#8230;&#8230;&#8230;&#8230;&#8230;&#8230;&#8230;&#8230;&#8230;&#8230;&#8230;&#8230;&#8230;&#8230;&#8230;41 Delia COT\u00c2RLEA (Kronstadt\/Brasov): Vereinnahmung von Geschichte und Literatur durch rum\u00e4nische Kulturpolitik. Die Kronst\u00e4dter Publikation Karpatenrundschau (1968-1970)&#8230;.. ..59 Joachim &hellip; <a href=\"http:\/\/uniblaga.eu\/de\/vol-44-2019\/\" class=\"more-link\"><span class=\"screen-reader-text\">Band 44, 2019<\/span> weiterlesen <span class=\"meta-nav\">&rarr;<\/span><\/a><\/p>\n","protected":false},"author":1,"featured_media":0,"parent":0,"menu_order":0,"comment_status":"closed","ping_status":"closed","template":"","meta":[],"_links":{"self":[{"href":"http:\/\/uniblaga.eu\/de\/wp-json\/wp\/v2\/pages\/861"}],"collection":[{"href":"http:\/\/uniblaga.eu\/de\/wp-json\/wp\/v2\/pages"}],"about":[{"href":"http:\/\/uniblaga.eu\/de\/wp-json\/wp\/v2\/types\/page"}],"author":[{"embeddable":true,"href":"http:\/\/uniblaga.eu\/de\/wp-json\/wp\/v2\/users\/1"}],"replies":[{"embeddable":true,"href":"http:\/\/uniblaga.eu\/de\/wp-json\/wp\/v2\/comments?post=861"}],"version-history":[{"count":6,"href":"http:\/\/uniblaga.eu\/de\/wp-json\/wp\/v2\/pages\/861\/revisions"}],"predecessor-version":[{"id":868,"href":"http:\/\/uniblaga.eu\/de\/wp-json\/wp\/v2\/pages\/861\/revisions\/868"}],"wp:attachment":[{"href":"http:\/\/uniblaga.eu\/de\/wp-json\/wp\/v2\/media?parent=861"}],"curies":[{"name":"wp","href":"https:\/\/api.w.org\/{rel}","templated":true}]}}