{"id":851,"date":"2019-05-06T17:15:19","date_gmt":"2019-05-06T17:15:19","guid":{"rendered":"http:\/\/uniblaga.eu\/?page_id=851"},"modified":"2025-11-06T22:03:48","modified_gmt":"2025-11-06T22:03:48","slug":"aims-and-scope","status":"publish","type":"page","link":"http:\/\/uniblaga.eu\/de\/aims-and-scope\/","title":{"rendered":"Zielsetzung und Ausrichtung"},"content":{"rendered":"<p><\/p>\n<p>Die Zeitschrift\u00a0<em>Germanistische Beitr\u00e4ge<\/em> ver\u00f6ffentlicht als Open-Access-Publikation wissenschaftliche Beitr\u00e4ge und Rezensionen in deutscher Sprache. Die Zeitschrift des Lehrstuhls f\u00fcr Germanistik, die Fragestellungen aus dem Bereich der germanistischen Literatur-, Sprach- und Kulturwissenschaft aufgreift, ist in internationalen Datenbanken (Erih Plus, Ebsco, Index Copernicus, Sciendo) verzeichnet. Die Zeitschrift erscheint ab 2020 nur noch einmal im Jahr und wird doppel-blind begutachtet.<\/p>\n<p><\/p>","protected":false},"excerpt":{"rendered":"<p>Die Zeitschrift\u00a0Germanistische Beitr\u00e4ge ver\u00f6ffentlicht als Open-Access-Publikation wissenschaftliche Beitr\u00e4ge und Rezensionen in deutscher Sprache. Die Zeitschrift des Lehrstuhls f\u00fcr Germanistik, die Fragestellungen aus dem Bereich der germanistischen Literatur-, Sprach- und Kulturwissenschaft aufgreift, ist in internationalen Datenbanken (Erih Plus, Ebsco, Index Copernicus, Sciendo) verzeichnet. Die Zeitschrift erscheint ab 2020 nur noch einmal im Jahr und wird doppel-blind &hellip; <a href=\"http:\/\/uniblaga.eu\/de\/aims-and-scope\/\" class=\"more-link\"><span class=\"screen-reader-text\">Zielsetzung und Ausrichtung<\/span> weiterlesen <span class=\"meta-nav\">&rarr;<\/span><\/a><\/p>\n","protected":false},"author":1,"featured_media":0,"parent":0,"menu_order":0,"comment_status":"closed","ping_status":"closed","template":"","meta":[],"_links":{"self":[{"href":"http:\/\/uniblaga.eu\/de\/wp-json\/wp\/v2\/pages\/851"}],"collection":[{"href":"http:\/\/uniblaga.eu\/de\/wp-json\/wp\/v2\/pages"}],"about":[{"href":"http:\/\/uniblaga.eu\/de\/wp-json\/wp\/v2\/types\/page"}],"author":[{"embeddable":true,"href":"http:\/\/uniblaga.eu\/de\/wp-json\/wp\/v2\/users\/1"}],"replies":[{"embeddable":true,"href":"http:\/\/uniblaga.eu\/de\/wp-json\/wp\/v2\/comments?post=851"}],"version-history":[{"count":32,"href":"http:\/\/uniblaga.eu\/de\/wp-json\/wp\/v2\/pages\/851\/revisions"}],"predecessor-version":[{"id":2000,"href":"http:\/\/uniblaga.eu\/de\/wp-json\/wp\/v2\/pages\/851\/revisions\/2000"}],"wp:attachment":[{"href":"http:\/\/uniblaga.eu\/de\/wp-json\/wp\/v2\/media?parent=851"}],"curies":[{"name":"wp","href":"https:\/\/api.w.org\/{rel}","templated":true}]}}