{"id":757,"date":"2017-10-03T15:51:31","date_gmt":"2017-10-03T15:51:31","guid":{"rendered":"http:\/\/uniblaga.eu\/?page_id=757"},"modified":"2017-10-03T15:55:11","modified_gmt":"2017-10-03T15:55:11","slug":"vol-41-2017","status":"publish","type":"page","link":"http:\/\/uniblaga.eu\/de\/vol-41-2017\/","title":{"rendered":"BAND 41, 2017"},"content":{"rendered":"<p><strong>Inhalt<\/strong><\/p>\n<p><strong>I. Literaturwissenschaft und Landeskunde<\/strong><\/p>\n<p><a href=\"http:\/\/uniblaga.eu\/wp-content\/uploads\/2017\/10\/41.1.1.pdf\">Grazziella Predoiu (Temeswar): \u201eEinzelwander[in]\u201c auf<\/a><br \/>\n<a href=\"http:\/\/uniblaga.eu\/wp-content\/uploads\/2017\/10\/41.1.1.pdf\"> Schleichpfaden: Zum interkulturellen Roman<\/a><br \/>\n<a href=\"http:\/\/uniblaga.eu\/wp-content\/uploads\/2017\/10\/41.1.1.pdf\"> Die Erdfresserin von Julya Rabinowich (13)<\/a><\/p>\n<p><a href=\"http:\/\/uniblaga.eu\/wp-content\/uploads\/2017\/10\/41.1.2.pdf\">Maria Sass (Sibiu\/Hermannstadt): Erwin Wittstocks Roman<\/a><br \/>\n<a href=\"http:\/\/uniblaga.eu\/wp-content\/uploads\/2017\/10\/41.1.2.pdf\"> Januar \u201945 oder Die h\u00f6here Pflicht: Die Problematik der<\/a><br \/>\n<a href=\"http:\/\/uniblaga.eu\/wp-content\/uploads\/2017\/10\/41.1.2.pdf\"> Deportation aus interkultureller Sicht (29)<\/a><\/p>\n<p><a href=\"http:\/\/uniblaga.eu\/wp-content\/uploads\/2017\/10\/41.1.3.pdf\">Cosmin Dragoste (Craiova): ein wort \/ ergibt das andere \/<\/a><br \/>\n<a href=\"http:\/\/uniblaga.eu\/wp-content\/uploads\/2017\/10\/41.1.3.pdf\"> wort\u201c. \u00dcber die Masjukelschrift in den Gedichten<\/a><br \/>\n<a href=\"http:\/\/uniblaga.eu\/wp-content\/uploads\/2017\/10\/41.1.3.pdf\"> von Gerhard Eike (48)<\/a><\/p>\n<p><a href=\"http:\/\/uniblaga.eu\/wp-content\/uploads\/2017\/10\/41.1.4.pdf\">Horst Schuller (Heidelberg): Erg\u00e4nzung und Weiterf\u00fchrung der<\/a><br \/>\n<a href=\"http:\/\/uniblaga.eu\/wp-content\/uploads\/2017\/10\/41.1.4.pdf\"> bibliografischen Angaben zu Horst Schuller in \u201cGermanistischen<\/a><br \/>\n<a href=\"http:\/\/uniblaga.eu\/wp-content\/uploads\/2017\/10\/41.1.4.pdf\"> Beitr\u00e4ge\u201d [GBS] (Sibiu\/Hermannstadt), Nr. 13\/14, 2001,<\/a><br \/>\n<a href=\"http:\/\/uniblaga.eu\/wp-content\/uploads\/2017\/10\/41.1.4.pdf\"> Universit\u00e4tsverlag, S. 32-113 und GBS, (Sibiu\/Hermannstadt),<\/a><br \/>\n<a href=\"http:\/\/uniblaga.eu\/wp-content\/uploads\/2017\/10\/41.1.4.pdf\"> Nr. 28, 2011, Universit\u00e4tsverlag, S. 261-270 (Stand:2017) (60)<\/a><\/p>\n<p><a href=\"http:\/\/uniblaga.eu\/wp-content\/uploads\/2017\/10\/41.1.5.pdf\">Hend Asaad (Kairo): Das Fremdleben Frischmuths<\/a><br \/>\n<a href=\"http:\/\/uniblaga.eu\/wp-content\/uploads\/2017\/10\/41.1.5.pdf\"> Die Schrift des Freundes (1998) und Hannah D\u00fcbgens<\/a><br \/>\n<a href=\"http:\/\/uniblaga.eu\/wp-content\/uploads\/2017\/10\/41.1.5.pdf\"> \u00dcber Land (2016) (66)<\/a><\/p>\n<p><a href=\"http:\/\/uniblaga.eu\/wp-content\/uploads\/2017\/10\/41.1.6.pdf\">Ana Karlstedt (Bukarest): Literatur als erlebbare<\/a><br \/>\n<a href=\"http:\/\/uniblaga.eu\/wp-content\/uploads\/2017\/10\/41.1.6.pdf\"> Landeskunde. Zeitempfinden in Deutschland und Rum\u00e4nien.<\/a><br \/>\n<a href=\"http:\/\/uniblaga.eu\/wp-content\/uploads\/2017\/10\/41.1.6.pdf\"> \u00dcberlegungen zu Jan Koneffkes (88)<\/a><\/p>\n<p><a href=\"http:\/\/uniblaga.eu\/wp-content\/uploads\/2017\/10\/41.1.7.pdf\">Alexandra Nicolaescu (Bukarest): DACH Landeskunde von der<\/a><br \/>\n<a href=\"http:\/\/uniblaga.eu\/wp-content\/uploads\/2017\/10\/41.1.7.pdf\"> Theorie zur Praxis (98)<\/a><\/p>\n<p><strong>II. Sprachwissenschaft<\/strong><\/p>\n<p><a href=\"http:\/\/uniblaga.eu\/wp-content\/uploads\/2017\/10\/41.2.1.pdf\">Ur\u0161ula Krevs Birk (Ljubljana): Deutsche und slowenische<\/a><br \/>\n<a href=\"http:\/\/uniblaga.eu\/wp-content\/uploads\/2017\/10\/41.2.1.pdf\"> Toponymika mit Blick auf Ortsnamen au\u00dferhalb<\/a><br \/>\n<a href=\"http:\/\/uniblaga.eu\/wp-content\/uploads\/2017\/10\/41.2.1.pdf\"> des geschlossenen deutschen und slowenischen Sprachraums (115)<\/a><\/p>\n<p><a href=\"http:\/\/uniblaga.eu\/wp-content\/uploads\/2017\/10\/41.2.2.pdf\">Doris Sava (Sibiu\/Hermannstadt): Zur lexikographischen<\/a><br \/>\n<a href=\"http:\/\/uniblaga.eu\/wp-content\/uploads\/2017\/10\/41.2.2.pdf\"> Darbietung der Phraseologismen in der bilingualen<\/a><br \/>\n<a href=\"http:\/\/uniblaga.eu\/wp-content\/uploads\/2017\/10\/41.2.2.pdf\"> phraseografischen W\u00f6rterbuchpraxis (134)<\/a><\/p>\n<p><a href=\"http:\/\/uniblaga.eu\/wp-content\/uploads\/2017\/10\/41.2.3.pdf\">Adriana D\u0103nil\u0103 (Bukarest): Gewaltt\u00e4tige Sprache<\/a><br \/>\n<a href=\"http:\/\/uniblaga.eu\/wp-content\/uploads\/2017\/10\/41.2.3.pdf\"> der Entlarvung des politischen Klassenfeindes<\/a><br \/>\n<a href=\"http:\/\/uniblaga.eu\/wp-content\/uploads\/2017\/10\/41.2.3.pdf\"> in der rum\u00e4niendeutschen Presse der 1950er Jahre (151)<\/a><\/p>\n<p><a href=\"http:\/\/uniblaga.eu\/wp-content\/uploads\/2017\/10\/41.2.4.pdf\">Sofiana I. Lindemann (Bra\u0219ov\/Kronstadt): Referenz und<\/a><br \/>\n<a href=\"http:\/\/uniblaga.eu\/wp-content\/uploads\/2017\/10\/41.2.4.pdf\"> Prominenz (173)<\/a><\/p>\n<p><strong>III. \u00dcbersetzungswissenschaft<\/strong><\/p>\n<p><a href=\"http:\/\/uniblaga.eu\/wp-content\/uploads\/2017\/10\/41.3.1.pdf\">Horst Schuller (Heidelberg): Kronst\u00e4dter \u00dcbersetzer:<\/a><br \/>\n<a href=\"http:\/\/uniblaga.eu\/wp-content\/uploads\/2017\/10\/41.3.1.pdf\"> Literarische Treuh\u00e4nder durch die Zeit. Teil II (199)<\/a><\/p>\n<p><strong>IV. B\u00fccherschau<\/strong><\/p>\n<p><a href=\"http:\/\/uniblaga.eu\/wp-content\/uploads\/2017\/10\/41.4.1.pdf\">Robert Mroczynski (D\u00fcsseldorf): Rezension (243)<\/a><\/p>\n<p><strong><a href=\"http:\/\/uniblaga.eu\/wp-content\/uploads\/2017\/10\/Index-der-AutorInnen.pdf\">Verzeichnis der AutorInnen (252)<\/a><\/strong><\/p>","protected":false},"excerpt":{"rendered":"<p>Inhalt I. Literaturwissenschaft und Landeskunde Grazziella Predoiu (Temeswar): \u201eEinzelwander[in]\u201c auf Schleichpfaden: Zum interkulturellen Roman Die Erdfresserin von Julya Rabinowich (13) Maria Sass (Sibiu\/Hermannstadt): Erwin Wittstocks Roman Januar \u201945 oder Die h\u00f6here Pflicht: Die Problematik der Deportation aus interkultureller Sicht (29) Cosmin Dragoste (Craiova): ein wort \/ ergibt das andere \/ wort\u201c. \u00dcber die Masjukelschrift in &hellip; <a href=\"http:\/\/uniblaga.eu\/de\/vol-41-2017\/\" class=\"more-link\"><span class=\"screen-reader-text\">BAND 41, 2017<\/span> weiterlesen <span class=\"meta-nav\">&rarr;<\/span><\/a><\/p>\n","protected":false},"author":1,"featured_media":0,"parent":0,"menu_order":0,"comment_status":"closed","ping_status":"closed","template":"","meta":[],"_links":{"self":[{"href":"http:\/\/uniblaga.eu\/de\/wp-json\/wp\/v2\/pages\/757"}],"collection":[{"href":"http:\/\/uniblaga.eu\/de\/wp-json\/wp\/v2\/pages"}],"about":[{"href":"http:\/\/uniblaga.eu\/de\/wp-json\/wp\/v2\/types\/page"}],"author":[{"embeddable":true,"href":"http:\/\/uniblaga.eu\/de\/wp-json\/wp\/v2\/users\/1"}],"replies":[{"embeddable":true,"href":"http:\/\/uniblaga.eu\/de\/wp-json\/wp\/v2\/comments?post=757"}],"version-history":[{"count":10,"href":"http:\/\/uniblaga.eu\/de\/wp-json\/wp\/v2\/pages\/757\/revisions"}],"predecessor-version":[{"id":787,"href":"http:\/\/uniblaga.eu\/de\/wp-json\/wp\/v2\/pages\/757\/revisions\/787"}],"wp:attachment":[{"href":"http:\/\/uniblaga.eu\/de\/wp-json\/wp\/v2\/media?parent=757"}],"curies":[{"name":"wp","href":"https:\/\/api.w.org\/{rel}","templated":true}]}}