{"id":727,"date":"2017-06-01T08:31:47","date_gmt":"2017-06-01T08:31:47","guid":{"rendered":"http:\/\/uniblaga.eu\/?page_id=727"},"modified":"2017-06-01T09:33:03","modified_gmt":"2017-06-01T09:33:03","slug":"vol-40-2017","status":"publish","type":"page","link":"http:\/\/uniblaga.eu\/de\/vol-40-2017\/","title":{"rendered":"BAND 40, 2017"},"content":{"rendered":"<p><strong>Inhalt<\/strong><\/p>\n<p><strong>I. Literaturwissenschaft und Landeskunde<\/strong><\/p>\n<p><a href=\"http:\/\/uniblaga.eu\/wp-content\/uploads\/2017\/06\/40.1.1.pdf\">Joachim Wittstock (Sibiu\/Hermannstadt): Georg Scherg in Hermannstadt. Hundert Jahre seit der Geburt<\/a><br \/>\n<a href=\"http:\/\/uniblaga.eu\/wp-content\/uploads\/2017\/06\/40.1.1.pdf\"> des Schriftstellers und Literaturprofessors (13)<\/a><\/p>\n<p><a href=\"http:\/\/uniblaga.eu\/wp-content\/uploads\/2017\/06\/40.1.2.pdf\">Markus Fischer (Bukarest): Zwischen Authentizit\u00e4t und Folklorismus. Migration und Interkulturalit\u00e4t (28)<\/a><\/p>\n<p><a href=\"http:\/\/uniblaga.eu\/wp-content\/uploads\/2017\/06\/40.1.3.pdf\">Delia Cot\u00e2rlea (Bra\u1e63ov\/Kronstadt): Fiktion und Fakten am Beispiel Carmen Elisabeth Puchianus Prosaband<\/a><br \/>\n<a href=\"http:\/\/uniblaga.eu\/wp-content\/uploads\/2017\/06\/40.1.3.pdf\"> Amsel-schwarzer Vogel (48)<\/a><\/p>\n<p><a href=\"http:\/\/uniblaga.eu\/wp-content\/uploads\/2017\/06\/40.1.4.pdf\">Sunhild Galter (Sibiu\/Hermannstadt): \u201cNichts ist erfunden, alles ist erlebt\u2026\u201d Erwin Neust\u00e4dters Mensch in der Zelle als Erlebnisbericht (63)<\/a><\/p>\n<p><a href=\"http:\/\/uniblaga.eu\/wp-content\/uploads\/2017\/06\/40.1.5.pdf\">Mohamed Tabassi (Tunesien): Die koloristische \u201cAusf\u00fcllung zeichnerischer Virtuosit\u00e4t.\u201d Zum intermedialen Schreiben<\/a><br \/>\n<a href=\"http:\/\/uniblaga.eu\/wp-content\/uploads\/2017\/06\/40.1.5.pdf\"> in Anderschs Erinnerte Gestalten (73)<\/a><\/p>\n<p><a href=\"http:\/\/uniblaga.eu\/wp-content\/uploads\/2017\/06\/40.1.6.pdf\">Andreea Dumitru (Sibiu\/Hermannstadt): Auf der Wolke Siebenb\u00fcrgen \u2026 Eine Kindheit voller Gefahren. Die \u201cDeportation\u201d und Rettung der Mutter (104)<\/a><\/p>\n<p><a href=\"http:\/\/uniblaga.eu\/wp-content\/uploads\/2017\/06\/40.1.7.pdf\">Cezara Hum\u0103 (Jassy): Die Topoi der Minnegrotte in Gottfried von Stra\u00dfburgs Tristan und ihre Rezeption am Beispiel des Mythos von Euthanasius\u2019 Insel in Mihai Eminescus Cezara (115)<\/a><\/p>\n<p><a href=\"http:\/\/uniblaga.eu\/wp-content\/uploads\/2017\/06\/40.1.8.pdf\">Gerhild Rudolf (Sibiu\/Hermannstadt): Das Laternen- und Martinsfest an den deutschen Schulen in Rum\u00e4nien. Aspekte interkultureller Hermeneutik (134)<\/a><\/p>\n<p><strong>II. Sprachwissenschaft<\/strong><\/p>\n<p><a href=\"http:\/\/uniblaga.eu\/wp-content\/uploads\/2017\/06\/40.2.1.pdf\">Doris Sava (Sibiu\/Hermannstadt): Modifizierte sprachliche Routinen. Zwischen Fakten und Deutung (155)<\/a><\/p>\n<p><a href=\"http:\/\/uniblaga.eu\/wp-content\/uploads\/2017\/06\/40.2.2.pdf\">Adina-Lucia Nistor (Jassy): Das rum\u00e4nische Ethnonym Aleman und seine Varianten in Rum\u00e4nien und Deutschland (182)<\/a><\/p>\n<p><a href=\"http:\/\/uniblaga.eu\/wp-content\/uploads\/2017\/06\/40.2.3.pdf\">Sigrid Haldenwang (Sibiu\/Hermannstadt): Zur Entlehnung rum\u00e4nischer Verben ins Siebenb\u00fcrgisch-S\u00e4chsische aufgrund von Fallbeispielen (193)<\/a><\/p>\n<p><a href=\"http:\/\/uniblaga.eu\/wp-content\/uploads\/2017\/06\/40.2.4.pdf\">Cristina Mihail (Sibiu\/Hermannstadt): Die Textsortenproblematik aus interkultureller\u00a0und interdisziplin\u00e4rer Perspektive (222)<\/a><\/p>\n<p><a href=\"http:\/\/uniblaga.eu\/wp-content\/uploads\/2017\/06\/Index-der-AutorInnen.pdf\"><strong>Verzeichnis der AutorInnen<\/strong> (234)<\/a><\/p>","protected":false},"excerpt":{"rendered":"<p>Inhalt I. Literaturwissenschaft und Landeskunde Joachim Wittstock (Sibiu\/Hermannstadt): Georg Scherg in Hermannstadt. Hundert Jahre seit der Geburt des Schriftstellers und Literaturprofessors (13) Markus Fischer (Bukarest): Zwischen Authentizit\u00e4t und Folklorismus. Migration und Interkulturalit\u00e4t (28) Delia Cot\u00e2rlea (Bra\u1e63ov\/Kronstadt): Fiktion und Fakten am Beispiel Carmen Elisabeth Puchianus Prosaband Amsel-schwarzer Vogel (48) Sunhild Galter (Sibiu\/Hermannstadt): \u201cNichts ist erfunden, alles &hellip; <a href=\"http:\/\/uniblaga.eu\/de\/vol-40-2017\/\" class=\"more-link\"><span class=\"screen-reader-text\">BAND 40, 2017<\/span> weiterlesen <span class=\"meta-nav\">&rarr;<\/span><\/a><\/p>\n","protected":false},"author":1,"featured_media":0,"parent":0,"menu_order":0,"comment_status":"closed","ping_status":"closed","template":"","meta":[],"_links":{"self":[{"href":"http:\/\/uniblaga.eu\/de\/wp-json\/wp\/v2\/pages\/727"}],"collection":[{"href":"http:\/\/uniblaga.eu\/de\/wp-json\/wp\/v2\/pages"}],"about":[{"href":"http:\/\/uniblaga.eu\/de\/wp-json\/wp\/v2\/types\/page"}],"author":[{"embeddable":true,"href":"http:\/\/uniblaga.eu\/de\/wp-json\/wp\/v2\/users\/1"}],"replies":[{"embeddable":true,"href":"http:\/\/uniblaga.eu\/de\/wp-json\/wp\/v2\/comments?post=727"}],"version-history":[{"count":7,"href":"http:\/\/uniblaga.eu\/de\/wp-json\/wp\/v2\/pages\/727\/revisions"}],"predecessor-version":[{"id":751,"href":"http:\/\/uniblaga.eu\/de\/wp-json\/wp\/v2\/pages\/727\/revisions\/751"}],"wp:attachment":[{"href":"http:\/\/uniblaga.eu\/de\/wp-json\/wp\/v2\/media?parent=727"}],"curies":[{"name":"wp","href":"https:\/\/api.w.org\/{rel}","templated":true}]}}