{"id":4,"date":"2016-03-23T03:53:26","date_gmt":"2016-03-23T03:53:26","guid":{"rendered":"http:\/\/uniblaga.eu\/?page_id=4"},"modified":"2025-11-06T21:38:27","modified_gmt":"2025-11-06T21:38:27","slug":"home","status":"publish","type":"page","link":"http:\/\/uniblaga.eu\/de\/","title":{"rendered":""},"content":{"rendered":"<p class=\"has-text-align-center\">&nbsp;<\/p>\n\n\n\n<p><\/p>\n\n\n\n<p><\/p>\n\n\n\n<h1 class=\"has-text-align-center\">Germanistische Beitr\u00e4ge<\/h1>\n\n\n\n<p class=\"has-text-align-center\">ISSN\u00a01454-5144<\/p>\n\n\n\n<p class=\"has-text-align-center\">E-ISSN 2247-4633<\/p>\n\n\n\n<p class=\"has-text-align-center\">&nbsp;<\/p>\n\n\n\n<hr class=\"wp-block-separator\"\/>\n\n\n\n<p class=\"has-text-align-center\"><strong>Lucian-Blaga-Universit\u00e4t Sibiu\/Hermannstadt<\/strong><\/p>\n\n\n\n<p class=\"has-text-align-center\"><strong>Philologische Fakult\u00e4t<\/strong><\/p>\n\n\n\n<p class=\"has-text-align-center\"><strong>Departement f\u00fcr angloamerikanische und germanistische Studien<\/strong><\/p>\n\n\n\n<p class=\"has-text-align-center\">Zentrum f\u00fcr linguistische, literarische und kulturelle Forschung (ZLLKF)<\/p>\n\n\n\n<hr class=\"wp-block-separator\"\/>\n\n\n\n<p class=\"has-text-align-center\">Prof. Dr. Doris Sava<\/p>\n\n\n\n<p class=\"has-text-align-center\">Herausgeberin<\/p>\n\n\n\n<p class=\"has-text-align-center\">E-Mail: <a href=\"mailto:revista.germanistischebeitrage@ulbsibiu.ro\">revista.germanistischebeitrage@ulbsibiu.ro<\/a> <\/p>\n\n\n\n<div class=\"wp-block-image\"><figure class=\"aligncenter\"><img loading=\"lazy\" width=\"300\" height=\"153\" src=\"http:\/\/uniblaga.eu\/wp-content\/uploads\/2016\/03\/Logo-CSLLC-300x153.jpg\" alt=\"Logo CSLLC\" class=\"wp-image-949\" srcset=\"http:\/\/uniblaga.eu\/wp-content\/uploads\/2016\/03\/Logo-CSLLC-300x153.jpg 300w, http:\/\/uniblaga.eu\/wp-content\/uploads\/2016\/03\/Logo-CSLLC-768x391.jpg 768w, http:\/\/uniblaga.eu\/wp-content\/uploads\/2016\/03\/Logo-CSLLC-1024x522.jpg 1024w\" sizes=\"(max-width: 300px) 100vw, 300px\" \/><\/figure><\/div>\n\n\n\n<figure class=\"wp-block-table\"><table><tbody><tr><td><img loading=\"lazy\" width=\"300\" height=\"63\" src=\"http:\/\/uniblaga.eu\/wp-content\/uploads\/2022\/05\/sciendo-300x63.png\" alt=\"\"><\/td><td><img loading=\"lazy\" width=\"300\" height=\"92\" src=\"http:\/\/uniblaga.eu\/wp-content\/uploads\/2022\/05\/DOAJ-300x92.png\" alt=\"\"><\/td><td><img loading=\"lazy\" width=\"300\" height=\"69\" src=\"http:\/\/uniblaga.eu\/wp-content\/uploads\/2022\/05\/index-copernicus-300x69.png\" alt=\"\"><\/td><td><img loading=\"lazy\" width=\"300\" height=\"95\" src=\"http:\/\/uniblaga.eu\/wp-content\/uploads\/2022\/05\/erihplus-300x95.png\" alt=\"\"><\/td><td><a href=\"https:\/\/essentials.ebsco.com\/search\/eds\/details\/germanistische-beitr%C3%A4ge?query=germanistische%20beitr%C3%A4ge&amp;requestCount=0&amp;db=edsdoj&amp;an=edsdoj.1ef3e3c36b6642048a049d8624874f8f\"><img loading=\"lazy\" width=\"166\" height=\"60\" src=\"https:\/\/uniblaga.eu\/wp-content\/uploads\/2022\/05\/ebsco-1024x375.png\" alt=\"\"><\/a><\/td><\/tr><\/tbody><\/table><\/figure>\n\n\n\n<p class=\"has-text-align-center\"><\/p>\n\n\n\n<div class=\"wp-block-image\"><figure class=\"aligncenter size-full\"><img loading=\"lazy\" width=\"538\" height=\"696\" src=\"http:\/\/uniblaga.eu\/wp-content\/uploads\/2025\/11\/GB51.jpg\" alt=\"\" class=\"wp-image-1958\" srcset=\"http:\/\/uniblaga.eu\/wp-content\/uploads\/2025\/11\/GB51.jpg 538w, http:\/\/uniblaga.eu\/wp-content\/uploads\/2025\/11\/GB51-232x300.jpg 232w\" sizes=\"(max-width: 538px) 100vw, 538px\" \/><\/figure><\/div>\n\n\n\n<p><\/p>","protected":false},"excerpt":{"rendered":"<p>&nbsp; Germanistische Beitr\u00e4ge ISSN\u00a01454-5144 E-ISSN 2247-4633 &nbsp; Lucian-Blaga-Universit\u00e4t Sibiu\/Hermannstadt Philologische Fakult\u00e4t Departement f\u00fcr angloamerikanische und germanistische Studien Zentrum f\u00fcr linguistische, literarische und kulturelle Forschung (ZLLKF) Prof. Dr. Doris Sava Herausgeberin E-Mail: revista.germanistischebeitrage@ulbsibiu.ro<\/p>\n","protected":false},"author":1,"featured_media":0,"parent":0,"menu_order":0,"comment_status":"closed","ping_status":"closed","template":"","meta":[],"_links":{"self":[{"href":"http:\/\/uniblaga.eu\/de\/wp-json\/wp\/v2\/pages\/4"}],"collection":[{"href":"http:\/\/uniblaga.eu\/de\/wp-json\/wp\/v2\/pages"}],"about":[{"href":"http:\/\/uniblaga.eu\/de\/wp-json\/wp\/v2\/types\/page"}],"author":[{"embeddable":true,"href":"http:\/\/uniblaga.eu\/de\/wp-json\/wp\/v2\/users\/1"}],"replies":[{"embeddable":true,"href":"http:\/\/uniblaga.eu\/de\/wp-json\/wp\/v2\/comments?post=4"}],"version-history":[{"count":125,"href":"http:\/\/uniblaga.eu\/de\/wp-json\/wp\/v2\/pages\/4\/revisions"}],"predecessor-version":[{"id":1970,"href":"http:\/\/uniblaga.eu\/de\/wp-json\/wp\/v2\/pages\/4\/revisions\/1970"}],"wp:attachment":[{"href":"http:\/\/uniblaga.eu\/de\/wp-json\/wp\/v2\/media?parent=4"}],"curies":[{"name":"wp","href":"https:\/\/api.w.org\/{rel}","templated":true}]}}