{"id":179,"date":"2016-03-24T13:47:09","date_gmt":"2016-03-24T13:47:09","guid":{"rendered":"http:\/\/uniblaga.eu\/?page_id=179"},"modified":"2016-03-28T15:00:17","modified_gmt":"2016-03-28T15:00:17","slug":"vol-17-18-2004","status":"publish","type":"page","link":"http:\/\/uniblaga.eu\/de\/germanistische-beitrage\/vol-17-18-2004\/","title":{"rendered":"Vol. 17-18, 2004"},"content":{"rendered":"<p><a href=\"http:\/\/uniblaga.eu\/wp-content\/uploads\/2016\/03\/Vorwort17.18.pdf\">Vorwort (5)<\/a><\/p>\n<p><a href=\"http:\/\/uniblaga.eu\/wp-content\/uploads\/2016\/03\/GB17.18.1.1.pdf\">Laura Cheie &#8211; Ph\u00e4nomenologie und Poetik des Wasserbildes bei<\/a><br \/>\n<a href=\"http:\/\/uniblaga.eu\/wp-content\/uploads\/2016\/03\/GB17.18.1.1.pdf\"> Georg Trakl (6)<\/a><\/p>\n<p><a href=\"http:\/\/uniblaga.eu\/wp-content\/uploads\/2016\/03\/GB17.18.1.2.pdf\">Dana Dogaru &#8211; Probleme bei der \u00dcbersetzung von Kinderliteratur<\/a><br \/>\n<a href=\"http:\/\/uniblaga.eu\/wp-content\/uploads\/2016\/03\/GB17.18.1.2.pdf\"> am Beispiel von James Kr\u00fcss\u2019 Florentine (18)<\/a><\/p>\n<p><a href=\"http:\/\/uniblaga.eu\/wp-content\/uploads\/2016\/03\/GB17.18.1.3.pdf\">Laura Fota &#8211; \u201eBebuquin oder Die Dilettanten des Wunders\u201d.<\/a><br \/>\n<a href=\"http:\/\/uniblaga.eu\/wp-content\/uploads\/2016\/03\/GB17.18.1.3.pdf\"> Kritik einer Welt, in der das Wunder unm\u00f6glich geworden ist (29)<\/a><\/p>\n<p><a href=\"http:\/\/uniblaga.eu\/wp-content\/uploads\/2016\/03\/GB17.18.1.4.pdf\">Dr. Mariana-Virginia L\u00e3z\u00e3rescu &#8211; Hugo von Hofmannsthals<\/a><br \/>\n<a href=\"http:\/\/uniblaga.eu\/wp-content\/uploads\/2016\/03\/GB17.18.1.4.pdf\"> Essays &#8211; eine \u201calles verschlingende Unform\u201d? (55)<\/a><\/p>\n<p><a href=\"http:\/\/uniblaga.eu\/wp-content\/uploads\/2016\/03\/GB17.18.1.5.pdf\">Palimariu Ana -Maria &#8211; Das literatur-theoretische Konzept im<\/a><br \/>\n<a href=\"http:\/\/uniblaga.eu\/wp-content\/uploads\/2016\/03\/GB17.18.1.5.pdf\"> Fr\u00fchwerk Hans Magnus Enzensbergers unter besonderer<\/a><br \/>\n<a href=\"http:\/\/uniblaga.eu\/wp-content\/uploads\/2016\/03\/GB17.18.1.5.pdf\"> Ber\u00fccksichtigung des sozialphilosophischen Einflusses der<\/a><br \/>\n<a href=\"http:\/\/uniblaga.eu\/wp-content\/uploads\/2016\/03\/GB17.18.1.5.pdf\"> Kunstauffassung Th. W. Adornos auf die Poetik H. M.<\/a><br \/>\n<a href=\"http:\/\/uniblaga.eu\/wp-content\/uploads\/2016\/03\/GB17.18.1.5.pdf\"> Enzensbergers (75)<\/a><\/p>\n<p><a href=\"http:\/\/uniblaga.eu\/wp-content\/uploads\/2016\/03\/GB17.18.1.5.pdf\">Carmen Elisabeth Puchianu &#8211; Traditionalismus versus<\/a><br \/>\n<a href=\"http:\/\/uniblaga.eu\/wp-content\/uploads\/2016\/03\/GB17.18.1.5.pdf\"> Modernismus am Beispiel von Thomas Mann und James Joyce<\/a><br \/>\n<a href=\"http:\/\/uniblaga.eu\/wp-content\/uploads\/2016\/03\/GB17.18.1.6.pdf\">(Ausz\u00fcge) (105)<\/a><\/p>\n<p><a href=\"http:\/\/uniblaga.eu\/wp-content\/uploads\/2016\/03\/GB17.18.1.7.pdf\">Dr. Maria Sass \/ Kinga Erzse &#8211; Schwierigkeiten beim \u00dcbersetzen<\/a><br \/>\n<a href=\"http:\/\/uniblaga.eu\/wp-content\/uploads\/2016\/03\/GB17.18.1.7.pdf\"> kinderliterarischer Texte, am Beispiel der Geschichten \u00fcber Astrid<\/a><br \/>\n<a href=\"http:\/\/uniblaga.eu\/wp-content\/uploads\/2016\/03\/GB17.18.1.7.pdf\"> von Karin G\u00fcndisch (122)<\/a><\/p>\n<p><a href=\"http:\/\/uniblaga.eu\/wp-content\/uploads\/2016\/03\/GB17.18.1.8.pdf\">Annemarie Weber &#8211; Deutsche Kinder- und Jugendliteratur in<\/a><br \/>\n<a href=\"http:\/\/uniblaga.eu\/wp-content\/uploads\/2016\/03\/GB17.18.1.8.pdf\"> Rum\u00e4nien 1945-1989 &#8211; Bericht zum Forschungsprojekt an der<\/a><br \/>\n<a href=\"http:\/\/uniblaga.eu\/wp-content\/uploads\/2016\/03\/GB17.18.1.8.pdf\"> Bielefelder Universit\u00e4t (135)<\/a><\/p>\n<p><a href=\"http:\/\/uniblaga.eu\/wp-content\/uploads\/2016\/03\/GB17.18.1.9.pdf\">Dr. Mihaela Zaharia &#8211; Zum verfilmten Faust\u00a0(144)<\/a><\/p>\n<p><a href=\"http:\/\/uniblaga.eu\/wp-content\/uploads\/2016\/03\/GB17.18.1.9.pdf\">Adina \u2013 Lucia Nistor &#8211; Bu(h)(r)mann \u2013 Baumann \u2013 Bau(e)r.<\/a><br \/>\n<a href=\"http:\/\/uniblaga.eu\/wp-content\/uploads\/2016\/03\/GB17.18.1.10.pdf\">Ein Beitrag zur Wort- und Namengeschichte (159)<\/a><\/p>\n<p><a href=\"http:\/\/uniblaga.eu\/wp-content\/uploads\/2016\/03\/GB17.18.1.10.pdf\">Horst Schuller &#8211; B\u00fccher und Publikationen in deutscher Sprache<\/a><br \/>\n<a href=\"http:\/\/uniblaga.eu\/wp-content\/uploads\/2016\/03\/GB17.18.1.11.pdf\">Aus der rum\u00e4nischen Verlagsproduktion 1989-1999 (175)<\/a><\/p>","protected":false},"excerpt":{"rendered":"<p>Vorwort (5) Laura Cheie &#8211; Ph\u00e4nomenologie und Poetik des Wasserbildes bei Georg Trakl (6) Dana Dogaru &#8211; Probleme bei der \u00dcbersetzung von Kinderliteratur am Beispiel von James Kr\u00fcss\u2019 Florentine (18) Laura Fota &#8211; \u201eBebuquin oder Die Dilettanten des Wunders\u201d. Kritik einer Welt, in der das Wunder unm\u00f6glich geworden ist (29) Dr. Mariana-Virginia L\u00e3z\u00e3rescu &#8211; Hugo &hellip; <a href=\"http:\/\/uniblaga.eu\/de\/germanistische-beitrage\/vol-17-18-2004\/\" class=\"more-link\"><span class=\"screen-reader-text\">Vol. 17-18, 2004<\/span> weiterlesen <span class=\"meta-nav\">&rarr;<\/span><\/a><\/p>\n","protected":false},"author":1,"featured_media":0,"parent":7,"menu_order":0,"comment_status":"closed","ping_status":"closed","template":"","meta":[],"_links":{"self":[{"href":"http:\/\/uniblaga.eu\/de\/wp-json\/wp\/v2\/pages\/179"}],"collection":[{"href":"http:\/\/uniblaga.eu\/de\/wp-json\/wp\/v2\/pages"}],"about":[{"href":"http:\/\/uniblaga.eu\/de\/wp-json\/wp\/v2\/types\/page"}],"author":[{"embeddable":true,"href":"http:\/\/uniblaga.eu\/de\/wp-json\/wp\/v2\/users\/1"}],"replies":[{"embeddable":true,"href":"http:\/\/uniblaga.eu\/de\/wp-json\/wp\/v2\/comments?post=179"}],"version-history":[{"count":4,"href":"http:\/\/uniblaga.eu\/de\/wp-json\/wp\/v2\/pages\/179\/revisions"}],"predecessor-version":[{"id":628,"href":"http:\/\/uniblaga.eu\/de\/wp-json\/wp\/v2\/pages\/179\/revisions\/628"}],"up":[{"embeddable":true,"href":"http:\/\/uniblaga.eu\/de\/wp-json\/wp\/v2\/pages\/7"}],"wp:attachment":[{"href":"http:\/\/uniblaga.eu\/de\/wp-json\/wp\/v2\/media?parent=179"}],"curies":[{"name":"wp","href":"https:\/\/api.w.org\/{rel}","templated":true}]}}