{"id":175,"date":"2016-03-24T13:45:49","date_gmt":"2016-03-24T13:45:49","guid":{"rendered":"http:\/\/uniblaga.eu\/?page_id=175"},"modified":"2016-03-28T14:46:57","modified_gmt":"2016-03-28T14:46:57","slug":"vol-20-21-2006","status":"publish","type":"page","link":"http:\/\/uniblaga.eu\/de\/germanistische-beitrage\/vol-20-21-2006\/","title":{"rendered":"Vol. 20-21, 2006"},"content":{"rendered":"<p><a href=\"http:\/\/uniblaga.eu\/wp-content\/uploads\/2016\/03\/Vorwort20.21.pdf\">Vorwort (5)<\/a><\/p>\n<p><a href=\"http:\/\/uniblaga.eu\/wp-content\/uploads\/2016\/03\/20.21.0.1.pdf\">Siegfried Habicher:<\/a><br \/>\n<a href=\"http:\/\/uniblaga.eu\/wp-content\/uploads\/2016\/03\/20.21.0.1.pdf\"> Dr. Udo-Peter Wagner, ein Europ\u00e4er von Format, wurde 60 (6)<\/a><\/p>\n<p>I. Literaturwissenschaft und Landeskunde<\/p>\n<p><a href=\"http:\/\/uniblaga.eu\/wp-content\/uploads\/2016\/03\/20.21.1.1.pdf\">Udo-Peter Wagner:<\/a><br \/>\n<a href=\"http:\/\/uniblaga.eu\/wp-content\/uploads\/2016\/03\/20.21.1.1.pdf\"> Die Paul Ernst Rezeption in Rum\u00e4nien (10)<\/a><\/p>\n<p><a href=\"http:\/\/uniblaga.eu\/wp-content\/uploads\/2016\/03\/20.21.1.2.pdf\">Maria Sass:<\/a><br \/>\n<a href=\"http:\/\/uniblaga.eu\/wp-content\/uploads\/2016\/03\/20.21.1.2.pdf\"> Erinnerung und Identit\u00e4t in Erika Mitterers Roman<\/a><br \/>\n<a href=\"http:\/\/uniblaga.eu\/wp-content\/uploads\/2016\/03\/20.21.1.2.pdf\"> Alle unsere Spiele (34)<\/a><\/p>\n<p><a href=\"http:\/\/uniblaga.eu\/wp-content\/uploads\/2016\/03\/20.21.1.3.pdf\">Delia Cot\u00e2rlea:<\/a><br \/>\n<a href=\"http:\/\/uniblaga.eu\/wp-content\/uploads\/2016\/03\/20.21.1.3.pdf\"> Anemone Latzinas Reportagen und Reisetexte (51)<\/a><\/p>\n<p><a href=\"http:\/\/uniblaga.eu\/wp-content\/uploads\/2016\/03\/20.21.1.4.pdf\">Udo-Peter Wagner:<\/a><br \/>\n<a href=\"http:\/\/uniblaga.eu\/wp-content\/uploads\/2016\/03\/20.21.1.4.pdf\"> In memoriam Oskar Pastior (65)<\/a><\/p>\n<p><a href=\"http:\/\/uniblaga.eu\/wp-content\/uploads\/2016\/03\/20.21.1.5.pdf\">Susanna Lul\u00e9:<\/a><br \/>\n<a href=\"http:\/\/uniblaga.eu\/wp-content\/uploads\/2016\/03\/20.21.1.5.pdf\"> \u201cBr\u00e2nza ist kein K\u00e4se\u201d. \u00dcberlegungen zum\u00a0Landeskundeunterricht an rum\u00e4nischen Universit\u00e4ten (68)<\/a><\/p>\n<p><a href=\"http:\/\/uniblaga.eu\/wp-content\/uploads\/2016\/03\/20.21.1.6.pdf\">Sunhild Galter:<\/a><br \/>\n<a href=\"http:\/\/uniblaga.eu\/wp-content\/uploads\/2016\/03\/20.21.1.6.pdf\"> Friederike Mayr\u00f6cker \u2013 Die Findung einer Dichterin (88)<\/a><\/p>\n<p><a href=\"http:\/\/uniblaga.eu\/wp-content\/uploads\/2016\/03\/20.21.1.7.pdf\">Carmen Popa:<\/a><br \/>\n<a href=\"http:\/\/uniblaga.eu\/wp-content\/uploads\/2016\/03\/20.21.1.7.pdf\"> Deutsches Kulturgut im rum\u00e4nischsprachigen Hermannst\u00e4dter<\/a><br \/>\n<a href=\"http:\/\/uniblaga.eu\/wp-content\/uploads\/2016\/03\/20.21.1.7.pdf\"> Periodikum Telegraful rom\u00e2n zwischen 1870 und 1899 (94)<\/a><\/p>\n<p>II. Sprachwissenschaft<\/p>\n<p><a href=\"http:\/\/uniblaga.eu\/wp-content\/uploads\/2016\/03\/20.21.2.1.pdf\">Monika Roessing-Hager:<\/a><br \/>\n<a href=\"http:\/\/uniblaga.eu\/wp-content\/uploads\/2016\/03\/20.21.2.1.pdf\"> Das Exempel als Mikrokosmos im Text. Vergleichende\u00a0Beobachtungen bei Martin Luther und Damasus D\u00fcrr (102)<\/a><\/p>\n<p><a href=\"http:\/\/uniblaga.eu\/wp-content\/uploads\/2016\/03\/20.21.2.2.pdf\">Rodica-Ofelia Miclea:<\/a><br \/>\n<a href=\"http:\/\/uniblaga.eu\/wp-content\/uploads\/2016\/03\/20.21.2.2.pdf\"> Wirtschaftssprache im Augenmerk: Strukturen mit<\/a><br \/>\n<a href=\"http:\/\/uniblaga.eu\/wp-content\/uploads\/2016\/03\/20.21.2.2.pdf\"> Pr\u00e4positionen und ihre \u00dcbersetzung ins Rum\u00e4nische, am<\/a><br \/>\n<a href=\"http:\/\/uniblaga.eu\/wp-content\/uploads\/2016\/03\/20.21.2.2.pdf\"> Beispiel von Texten aus der Handelskorrespondenz (125)<\/a><\/p>\n<p><a href=\"http:\/\/uniblaga.eu\/wp-content\/uploads\/2016\/03\/20.21.2.3.pdf\">Doris Sava:<\/a><br \/>\n<a href=\"http:\/\/uniblaga.eu\/wp-content\/uploads\/2016\/03\/20.21.2.3.pdf\"> Das Ganze ist mehr als die Summe seiner Teile.<\/a><br \/>\n<a href=\"http:\/\/uniblaga.eu\/wp-content\/uploads\/2016\/03\/20.21.2.3.pdf\"> Verbesserungsvorschl\u00e4ge f\u00fcr die zweisprachige\u00a0phraseografische Praxis des Sprachenpaars\u00a0Deutsch \/ Rum\u00e4nisch (151)<\/a><\/p>\n<p><a href=\"http:\/\/uniblaga.eu\/wp-content\/uploads\/2016\/03\/20.21.2.4.pdf\">Dana Janetta Dogaru:<\/a><br \/>\n<a href=\"http:\/\/uniblaga.eu\/wp-content\/uploads\/2016\/03\/20.21.2.4.pdf\"> Material \u2013 homiletische Ausf\u00fchrung der Predigten Damasus<\/a><br \/>\n<a href=\"http:\/\/uniblaga.eu\/wp-content\/uploads\/2016\/03\/20.21.2.4.pdf\"> D\u00fcrrs. Ein Beweis konfessioneller Zusammengeh\u00f6rigkeit (169)<\/a><\/p>\n<p><a href=\"http:\/\/uniblaga.eu\/wp-content\/uploads\/2016\/03\/20.21.2.5.pdf\">Kinga D. Erzse:<\/a><br \/>\n<a href=\"http:\/\/uniblaga.eu\/wp-content\/uploads\/2016\/03\/20.21.2.5.pdf\"> Hand und Fu\u00df im interkulturellen Vergleich. Eine kontrastive<\/a><br \/>\n<a href=\"http:\/\/uniblaga.eu\/wp-content\/uploads\/2016\/03\/20.21.2.5.pdf\"> Untersuchung von Redewendungen im Deutschen und<\/a><br \/>\n<a href=\"http:\/\/uniblaga.eu\/wp-content\/uploads\/2016\/03\/20.21.2.5.pdf\"> Rum\u00e4nischen (179)<\/a><\/p>\n<p>III. \u00dcbersetzungswissenschaft und \u2013 kritik<\/p>\n<p><a href=\"http:\/\/uniblaga.eu\/wp-content\/uploads\/2016\/03\/20.21.3.1.pdf\">Ioana Constantin:<\/a><br \/>\n<a href=\"http:\/\/uniblaga.eu\/wp-content\/uploads\/2016\/03\/20.21.3.1.pdf\"> Die Problematik der intertextuellen Bez\u00fcge zur Bibel in<\/a><br \/>\n<a href=\"http:\/\/uniblaga.eu\/wp-content\/uploads\/2016\/03\/20.21.3.1.pdf\"> Goethes Faust und ihrer \u00dcbertragung. Ein Blick auf die<\/a><br \/>\n<a href=\"http:\/\/uniblaga.eu\/wp-content\/uploads\/2016\/03\/20.21.3.1.pdf\"> rum\u00e4nische \u00dcbersetzungen von Lucian Blaga und Stefan<\/a><br \/>\n<a href=\"http:\/\/uniblaga.eu\/wp-content\/uploads\/2016\/03\/20.21.3.1.pdf\"> Augustin Doinas (255)<\/a><\/p>","protected":false},"excerpt":{"rendered":"<p>Vorwort (5) Siegfried Habicher: Dr. Udo-Peter Wagner, ein Europ\u00e4er von Format, wurde 60 (6) I. Literaturwissenschaft und Landeskunde Udo-Peter Wagner: Die Paul Ernst Rezeption in Rum\u00e4nien (10) Maria Sass: Erinnerung und Identit\u00e4t in Erika Mitterers Roman Alle unsere Spiele (34) Delia Cot\u00e2rlea: Anemone Latzinas Reportagen und Reisetexte (51) Udo-Peter Wagner: In memoriam Oskar Pastior (65) &hellip; <a href=\"http:\/\/uniblaga.eu\/de\/germanistische-beitrage\/vol-20-21-2006\/\" class=\"more-link\"><span class=\"screen-reader-text\">Vol. 20-21, 2006<\/span> weiterlesen <span class=\"meta-nav\">&rarr;<\/span><\/a><\/p>\n","protected":false},"author":1,"featured_media":0,"parent":7,"menu_order":0,"comment_status":"closed","ping_status":"closed","template":"","meta":[],"_links":{"self":[{"href":"http:\/\/uniblaga.eu\/de\/wp-json\/wp\/v2\/pages\/175"}],"collection":[{"href":"http:\/\/uniblaga.eu\/de\/wp-json\/wp\/v2\/pages"}],"about":[{"href":"http:\/\/uniblaga.eu\/de\/wp-json\/wp\/v2\/types\/page"}],"author":[{"embeddable":true,"href":"http:\/\/uniblaga.eu\/de\/wp-json\/wp\/v2\/users\/1"}],"replies":[{"embeddable":true,"href":"http:\/\/uniblaga.eu\/de\/wp-json\/wp\/v2\/comments?post=175"}],"version-history":[{"count":4,"href":"http:\/\/uniblaga.eu\/de\/wp-json\/wp\/v2\/pages\/175\/revisions"}],"predecessor-version":[{"id":600,"href":"http:\/\/uniblaga.eu\/de\/wp-json\/wp\/v2\/pages\/175\/revisions\/600"}],"up":[{"embeddable":true,"href":"http:\/\/uniblaga.eu\/de\/wp-json\/wp\/v2\/pages\/7"}],"wp:attachment":[{"href":"http:\/\/uniblaga.eu\/de\/wp-json\/wp\/v2\/media?parent=175"}],"curies":[{"name":"wp","href":"https:\/\/api.w.org\/{rel}","templated":true}]}}