{"id":155,"date":"2016-03-24T13:27:09","date_gmt":"2016-03-24T13:27:09","guid":{"rendered":"http:\/\/uniblaga.eu\/?page_id=155"},"modified":"2025-11-07T08:47:10","modified_gmt":"2025-11-07T08:47:10","slug":"for-authors","status":"publish","type":"page","link":"http:\/\/uniblaga.eu\/de\/germanistische-beitrage\/for-authors\/","title":{"rendered":"F\u00fcr Autorinnen und Autoren"},"content":{"rendered":"<p><\/p>\n<p><strong>Artikeleinreichung<\/strong><\/p>\n<p>Die Einsendefrist f\u00fcr die Beitr\u00e4ge ist der 1. April des laufenden Jahres. F\u00fcr die Ver\u00f6ffentlichung werden keine Geb\u00fchren erhoben.<\/p>\n<p>Wir bitten die Autorinnen und Autoren die Aufs\u00e4tze (max. 10 Seiten) nach den Manuskriptrichtlinien (<a href=\"http:\/\/uniblaga.eu\/wp-content\/uploads\/2025\/10\/FormaIia.pdf\">PDF-Datei zum Herunterladen<\/a>) zu gestalten und unter dem Dokumenttitel Nachname_Vorname_GB_Bandnummer.doc zusammen mit dem Open Access-Formular (<a href=\"https:\/\/uniblaga.eu\/wp-content\/uploads\/2025\/10\/OA_License_GB.doc\">Word-Datei zum Herunterladen<\/a>) an die Mailadresse\u00a0 <a href=\"mailto:revista.germanistischebeitrage@ulbsibiu.ro\">revista.germanistischebeitrage@ulbsibiu.ro<\/a> zu schicken. Bitte reichen Sie den Aufsatz zusammen mit einem Abstract (200 W\u00f6rter), Schl\u00fcsselw\u00f6rtern, Titel\u00fcbersetzung in englischer Sprache und mit Angaben zu Ihrem akademischen Titel und Wirkungsort ein.<\/p>\n<p>Hinweise zur Gestaltung des Manuskriptes (PDF-Datei zum Herunterladen)<\/p>\n<p>Open Access-Formular (Word-Datei zum Herunterladen)<\/p>\n<p><\/p>\n\n\n<p><\/p>","protected":false},"excerpt":{"rendered":"<p>Artikeleinreichung Die Einsendefrist f\u00fcr die Beitr\u00e4ge ist der 1. April des laufenden Jahres. F\u00fcr die Ver\u00f6ffentlichung werden keine Geb\u00fchren erhoben. Wir bitten die Autorinnen und Autoren die Aufs\u00e4tze (max. 10 Seiten) nach den Manuskriptrichtlinien (PDF-Datei zum Herunterladen) zu gestalten und unter dem Dokumenttitel Nachname_Vorname_GB_Bandnummer.doc zusammen mit dem Open Access-Formular (Word-Datei zum Herunterladen) an die Mailadresse\u00a0 &hellip; <a href=\"http:\/\/uniblaga.eu\/de\/germanistische-beitrage\/for-authors\/\" class=\"more-link\"><span class=\"screen-reader-text\">F\u00fcr Autorinnen und Autoren<\/span> weiterlesen <span class=\"meta-nav\">&rarr;<\/span><\/a><\/p>\n","protected":false},"author":1,"featured_media":0,"parent":7,"menu_order":0,"comment_status":"closed","ping_status":"closed","template":"","meta":[],"_links":{"self":[{"href":"http:\/\/uniblaga.eu\/de\/wp-json\/wp\/v2\/pages\/155"}],"collection":[{"href":"http:\/\/uniblaga.eu\/de\/wp-json\/wp\/v2\/pages"}],"about":[{"href":"http:\/\/uniblaga.eu\/de\/wp-json\/wp\/v2\/types\/page"}],"author":[{"embeddable":true,"href":"http:\/\/uniblaga.eu\/de\/wp-json\/wp\/v2\/users\/1"}],"replies":[{"embeddable":true,"href":"http:\/\/uniblaga.eu\/de\/wp-json\/wp\/v2\/comments?post=155"}],"version-history":[{"count":86,"href":"http:\/\/uniblaga.eu\/de\/wp-json\/wp\/v2\/pages\/155\/revisions"}],"predecessor-version":[{"id":2114,"href":"http:\/\/uniblaga.eu\/de\/wp-json\/wp\/v2\/pages\/155\/revisions\/2114"}],"up":[{"embeddable":true,"href":"http:\/\/uniblaga.eu\/de\/wp-json\/wp\/v2\/pages\/7"}],"wp:attachment":[{"href":"http:\/\/uniblaga.eu\/de\/wp-json\/wp\/v2\/media?parent=155"}],"curies":[{"name":"wp","href":"https:\/\/api.w.org\/{rel}","templated":true}]}}