{"id":1326,"date":"2022-09-29T09:30:25","date_gmt":"2022-09-29T09:30:25","guid":{"rendered":"http:\/\/uniblaga.eu\/?page_id=1326"},"modified":"2022-10-26T06:12:21","modified_gmt":"2022-10-26T06:12:21","slug":"vol-48-2022","status":"publish","type":"page","link":"http:\/\/uniblaga.eu\/de\/vol-48-2022\/","title":{"rendered":"Band 48, 2022"},"content":{"rendered":"<p><\/p>\n\n\n\n<p><\/p>\n\n\n\n<p>Inhalt<\/p>\n\n\n\n<p>I. Literaturwissenschaft und Landeskunde <\/p>\n\n\n\n<p><br><a href=\"http:\/\/uniblaga.eu\/wp-content\/uploads\/2022\/48\/Fischer.pdf\">Markus FISCHER (Bukarest): <\/a><br><a href=\"http:\/\/uniblaga.eu\/wp-content\/uploads\/2022\/48\/Fischer.pdf\">Blaubl\u00fctige Dracula-Fantasie<\/a> <a href=\"http:\/\/uniblaga.eu\/wp-content\/uploads\/2022\/48\/Fischer.pdf\">mit idyllischer Coda &#8211; <\/a><br><a href=\"http:\/\/uniblaga.eu\/wp-content\/uploads\/2022\/48\/Fischer.pdf\">Dana Grigorceas dritter Roman <\/a><a href=\"http:\/\/uniblaga.eu\/wp-content\/uploads\/2022\/48\/Fischer.pdf\"><strong>Die nicht sterben<\/strong> \u2026\u2026\u2026&#8230;&#8230;\u2026.\u2026.. 15<\/a><\/p>\n\n\n\n<p><br><a href=\"http:\/\/uniblaga.eu\/wp-content\/uploads\/2022\/48\/Predoiu.pdf\">Grazziella PREDOIU (Temeswar): <\/a><br><a href=\"http:\/\/uniblaga.eu\/wp-content\/uploads\/2022\/48\/Predoiu.pdf\">Die Essayistik Herta M\u00fcllers\u2026&#8230;&#8230;&#8230;&#8230;&#8230;&#8230;&#8230;&#8230;&#8230;&#8230;&#8230;&#8230;&#8230;&#8230;&#8230;&#8230;&#8230;&#8230;&#8230;.. 34<\/a><br><\/p>\n\n\n\n<p><a href=\"http:\/\/uniblaga.eu\/wp-content\/uploads\/2022\/48\/SpiridonSerbu.pdf\">Claudia SPIRIDON-\u0218ERBU (Kronstadt): <\/a><br><a href=\"http:\/\/uniblaga.eu\/wp-content\/uploads\/2022\/48\/SpiridonSerbu.pdf\">Herta M\u00fcllers fiktionalisierter Raum, mit Karten lesen &#8211; <\/a><br><a href=\"http:\/\/uniblaga.eu\/wp-content\/uploads\/2022\/48\/SpiridonSerbu.pdf\">ein Beispiel aus der Praxis\u2026\u2026\u2026\u2026&#8230;&#8230;&#8230;&#8230;&#8230;&#8230;&#8230;&#8230;&#8230;&#8230;&#8230;&#8230;&#8230;&#8230;&#8230;.\u2026..\u2026.. 50<\/a><br><\/p>\n\n\n\n<p><a href=\"http:\/\/uniblaga.eu\/wp-content\/uploads\/2022\/48\/Dumitru.pdf\">Andreea DUMITRU (Hermannstadt): <\/a><br><a href=\"http:\/\/uniblaga.eu\/wp-content\/uploads\/2022\/48\/Dumitru.pdf\">Das Werden eines Schicksals. Die Stadt Klausenburg als Angelpunkt <\/a><br><a href=\"http:\/\/uniblaga.eu\/wp-content\/uploads\/2022\/48\/Dumitru.pdf\">einer Existenz in Eginald Schlattners <\/a><a href=\"http:\/\/uniblaga.eu\/wp-content\/uploads\/2022\/48\/Dumitru.pdf\">Roman <strong>Wasserzeichen<\/strong> .\u2026&#8230;.70<\/a><br><\/p>\n\n\n\n<p><a href=\"http:\/\/uniblaga.eu\/wp-content\/uploads\/2022\/48\/NubertDascaluRomitan.pdf\">Roxana NUBERT\/ Ana-Maria DASC\u0102LU-ROMI\u021aAN (Temeswar): <\/a><br><a href=\"http:\/\/uniblaga.eu\/wp-content\/uploads\/2022\/48\/NubertDascaluRomitan.pdf\">Der Schriftsteller Franz Xaver Kappus als Vertreter der literarischen <\/a><br><a href=\"http:\/\/uniblaga.eu\/wp-content\/uploads\/2022\/48\/NubertDascaluRomitan.pdf\">Moderne im Banat\u2026\u2026&#8230;&#8230;&#8230;&#8230;&#8230;&#8230;&#8230;&#8230;&#8230;&#8230;&#8230;&#8230;&#8230;&#8230;&#8230;&#8230;&#8230;&#8230;&#8230;&#8230;&#8230;&#8230;&#8230;&#8230;.\u2026 84<\/a><br><\/p>\n\n\n\n<p><a href=\"http:\/\/uniblaga.eu\/wp-content\/uploads\/2022\/48\/Galter.pdf\">Sunhild GALTER (Hermannstadt\/Sibiu): <\/a><br><a href=\"http:\/\/uniblaga.eu\/wp-content\/uploads\/2022\/48\/Galter.pdf\">Maria Haydls Dichtung als Erinnerungsort <\/a><a href=\"http:\/\/uniblaga.eu\/wp-content\/uploads\/2022\/48\/Galter.pdf\">siebenb\u00fcrgisch-s\u00e4chsischer<\/a> <a href=\"http:\/\/uniblaga.eu\/wp-content\/uploads\/2022\/48\/Galter.pdf\">Kultur? &#8230;&#8230;&#8230;&#8230;&#8230;&#8230;&#8230;&#8230;&#8230;&#8230;&#8230;&#8230;&#8230;&#8230;&#8230;&#8230;&#8230;&#8230;&#8230;&#8230;&#8230;&#8230;&#8230;&#8230;&#8230;&#8230;&#8230;\u2026&#8230;..114<br><\/a><\/p>\n\n\n\n<p><a href=\"http:\/\/uniblaga.eu\/wp-content\/uploads\/2022\/48\/Popa.pdf\">L\u0103cr\u0103mioara-Marilena POPA (Hermannstadt\/Sibiu): <\/a><br><a href=\"http:\/\/uniblaga.eu\/wp-content\/uploads\/2022\/48\/Popa.pdf\">Das T\u00fcrkenb\u00fcchlein des Ungenannten M\u00fchlb\u00e4chers &#8211; ein <\/a><br><a href=\"http:\/\/uniblaga.eu\/wp-content\/uploads\/2022\/48\/Popa.pdf\">vergessener <\/a><a href=\"http:\/\/uniblaga.eu\/wp-content\/uploads\/2022\/48\/Popa.pdf\">Bestseller des Mittelalters &#8211; heute wieder aktuell? 126<\/a><\/p>\n\n\n\n<p><br><a href=\"http:\/\/uniblaga.eu\/wp-content\/uploads\/2022\/48\/Stroia.pdf\">Marius-Daniel STROIA (Hermannstadt\/Sibiu): <\/a><br><a href=\"http:\/\/uniblaga.eu\/wp-content\/uploads\/2022\/48\/Stroia.pdf\">Schuld und Erl\u00f6sung in Traugott Teutschs Erz\u00e4hlung <\/a><br><a href=\"http:\/\/uniblaga.eu\/wp-content\/uploads\/2022\/48\/Stroia.pdf\">\u201eDer Wortmann\u201c\u2026\u2026\u2026\u2026&#8230;..\u2026&#8230;&#8230;&#8230;&#8230;&#8230;&#8230;&#8230;&#8230;&#8230;&#8230;&#8230;&#8230;&#8230;&#8230;&#8230;&#8230;\u2026\u2026\u2026 136<\/a><\/p>\n\n\n\n<p><br><a href=\"http:\/\/uniblaga.eu\/wp-content\/uploads\/2022\/48\/CraciunFischer.pdf\">Ioana CR\u0102CIUN-FISCHER (Bukarest): <\/a><br><a href=\"http:\/\/uniblaga.eu\/wp-content\/uploads\/2022\/48\/CraciunFischer.pdf\">\u201cAus jeder Schw\u00e4che schmiede ich ein Schwert.\u201d J\u00fcdische Identit\u00e4t und weibliches Selbstbewusstsein in Klara blums Lyrik \u2026&#8230;&#8230;..155<\/a><\/p>\n\n\n\n<p><\/p>\n\n\n\n<p><a href=\"http:\/\/uniblaga.eu\/wp-content\/uploads\/2022\/48\/Nowikiewicz.pdf\">El\u1e91bieta NOWIKIEWICZ (Polen): <\/a><br><a href=\"http:\/\/uniblaga.eu\/wp-content\/uploads\/2022\/48\/Nowikiewicz.pdf\">Amerikabild (er) des Reiseberichterstatters und Reiseschriftstellers <\/a><br><a href=\"http:\/\/uniblaga.eu\/wp-content\/uploads\/2022\/48\/Nowikiewicz.pdf\">A.E. Johann \u2026\u2026\u2026\u2026\u2026\u2026\u2026\u2026\u2026\u2026&#8230;.\u2026\u2026\u2026\u2026\u2026\u2026\u2026&#8230;&#8230;&#8230;&#8230;&#8230;&#8230;&#8230;&#8230;\u2026&#8230;&#8230; 172<\/a><\/p>\n\n\n\n<p><br><a href=\"http:\/\/uniblaga.eu\/wp-content\/uploads\/2022\/48\/Karlstedt.pdf\">Ana KARLSTEDT (Bukarest): <\/a><br><a href=\"http:\/\/uniblaga.eu\/wp-content\/uploads\/2022\/48\/Karlstedt.pdf\">Fremdheitskonstruktionen in Karin G\u00fcndischs Roman <\/a><strong><a href=\"http:\/\/uniblaga.eu\/wp-content\/uploads\/2022\/48\/Karlstedt.pdf\">COSMIN. <\/a><\/strong><br><strong><a href=\"http:\/\/uniblaga.eu\/wp-content\/uploads\/2022\/48\/Karlstedt.pdf\">Von einem der auszog, das Leben <\/a><\/strong><strong><a href=\"http:\/\/uniblaga.eu\/wp-content\/uploads\/2022\/48\/Karlstedt.pdf\">zu lernen<\/a><\/strong><a href=\"http:\/\/uniblaga.eu\/wp-content\/uploads\/2022\/48\/Karlstedt.pdf\">\u2026\u2026\u2026\u2026\u2026&#8230;&#8230;&#8230;&#8230;&#8230;&#8230;..193<\/a><\/p>\n\n\n\n<p><br><a href=\"http:\/\/uniblaga.eu\/wp-content\/uploads\/2022\/48\/Tugui-Caraba.pdf\">Teodora \u021aUGUI-CARABA (Hermannstadt\/Sibiu): <\/a><br><a href=\"http:\/\/uniblaga.eu\/wp-content\/uploads\/2022\/48\/Tugui-Caraba.pdf\">Die mythische Erz\u00e4hlwelt des Wassertales nach Anton Joseph-Ilk: phantastische Gestalten und ihre Symolik&#8230;&#8230;&#8230;&#8230;&#8230;&#8230;&#8230;&#8230;&#8230;&#8230;&#8230;&#8230;&#8230;.208<\/a><\/p>\n\n\n\n<p><br>II. Sprach- und \u00dcbersetzungswissenschaft<\/p>\n\n\n\n<p><br><a href=\"http:\/\/uniblaga.eu\/wp-content\/uploads\/2022\/48\/Sava.pdf\">Doris SAVA (Hermannstadt\/Sibiu): <\/a><br><a href=\"http:\/\/uniblaga.eu\/wp-content\/uploads\/2022\/48\/Sava.pdf\"><strong>Nix f\u00fcr die Katz<\/strong>: Laienlexikografie\u2026\u2026\u2026\u2026\u2026\u2026\u2026\u2026&#8230;..\u2026&#8230;&#8230;.\u2026\u2026 225<\/a><\/p>\n\n\n\n<p><br><a href=\"http:\/\/uniblaga.eu\/wp-content\/uploads\/2022\/48\/Haldewang.pdf\">Sigrid HALDENWANG (Hermannstadt\/Sibiu): <\/a><br><a href=\"http:\/\/uniblaga.eu\/wp-content\/uploads\/2022\/48\/Haldewang.pdf\">Das Substantiv Pom\u0101n\u01dd,die damit belegten Wortbildungskonstruktionen und das Verb pomenin in den siebenb\u00fcrgisch-<\/a><br><a href=\"http:\/\/uniblaga.eu\/wp-content\/uploads\/2022\/48\/Haldewang.pdf\">s\u00e4chsischen Mundarten \u2026\u2026&#8230;&#8230;&#8230;&#8230;&#8230;&#8230;&#8230;&#8230;&#8230;&#8230;&#8230;&#8230;&#8230;&#8230;&#8230;&#8230;&#8230;..\u2026. 243<\/a><\/p>\n\n\n\n<p><br><a href=\"http:\/\/uniblaga.eu\/wp-content\/uploads\/2022\/48\/Tichy.pdf\">Ellen TICHY (Prishtina\/ Berlin)\/Blerta ISMAJLI (Prishtina):<br>F\u00f6rderung der deutschen Sprache durch die Ausw\u00e4rtige Kultur- <\/a><br><a href=\"http:\/\/uniblaga.eu\/wp-content\/uploads\/2022\/48\/Tichy.pdf\">und Bildungspolitik Deutschland: ein Triple-Win-Modell?\u2026.258<\/a><\/p>\n\n\n\n<p><br><a href=\"http:\/\/uniblaga.eu\/wp-content\/uploads\/2022\/48\/Constantin.pdf\">Ioana CONSTANTIN (Hermannstadt\/Sibiu): <\/a><br><a href=\"http:\/\/uniblaga.eu\/wp-content\/uploads\/2022\/48\/Constantin.pdf\">\u00dcbersetzen zwischen <\/a><a href=\"http:\/\/uniblaga.eu\/wp-content\/uploads\/2022\/48\/Constantin.pdf\">Kompetenz and Identit\u00e4t \u2026\u2026\u2026\u2026\u2026\u2026. 278<\/a><\/p>\n\n\n\n<p><br><a href=\"http:\/\/uniblaga.eu\/wp-content\/uploads\/2022\/48\/Schuppener.pdf\">Georg SCHUPPENER (\u00dast\u00ed nad Labem): <\/a><br><a href=\"http:\/\/uniblaga.eu\/wp-content\/uploads\/2022\/48\/Schuppener.pdf\">Sprache und Kultur der deutschen Holzf\u00e4ller in den Kleinen <\/a><br><a href=\"http:\/\/uniblaga.eu\/wp-content\/uploads\/2022\/48\/Schuppener.pdf\">Karpaten&#8230;&#8230;&#8230;&#8230;&#8230;&#8230;&#8230;&#8230;&#8230;&#8230;&#8230;&#8230;&#8230;&#8230;&#8230;&#8230;&#8230;&#8230;&#8230;&#8230;&#8230;&#8230;&#8230;&#8230;&#8230;&#8230;.\u2026&#8230;.. 293<\/a><\/p>\n\n\n\n<p><br><a href=\"http:\/\/uniblaga.eu\/wp-content\/uploads\/2022\/48\/Berdie.pdf\">Adeline-Alexandra BERDIE (Hermannstadt\/Sibiu): <\/a><br><a href=\"http:\/\/uniblaga.eu\/wp-content\/uploads\/2022\/48\/Berdie.pdf\">Mehrsprachigkeit in Mediasch. Ein Beitrag zur Linguistik <\/a><br><a href=\"http:\/\/uniblaga.eu\/wp-content\/uploads\/2022\/48\/Berdie.pdf\">Landscape..\u2026..\u2026&#8230;&#8230;&#8230;&#8230;&#8230;&#8230;&#8230;&#8230;&#8230;&#8230;&#8230;&#8230;&#8230;&#8230;&#8230;&#8230;&#8230;&#8230;&#8230;&#8230;&#8230;&#8230;&#8230;&#8230;\u2026. 305<\/a><\/p>\n\n\n\n<p><br>III. B\u00fccherschau<\/p>\n\n\n\n<p><br><a href=\"http:\/\/uniblaga.eu\/wp-content\/uploads\/2022\/48\/Sass1.pdf\">Maria SASS (Hermannstadt\/Sibiu): <\/a><br><a href=\"http:\/\/uniblaga.eu\/wp-content\/uploads\/2022\/48\/Sass1.pdf\">Zum mittelalterlichen Dichter und Philosophen Dante <\/a><br><a href=\"http:\/\/uniblaga.eu\/wp-content\/uploads\/2022\/48\/Sass1.pdf\">Aligheri (1265-1321)\u2026..\u2026\u2026\u2026&#8230;&#8230;&#8230;&#8230;&#8230;&#8230;&#8230;&#8230;&#8230;&#8230;&#8230;&#8230;&#8230;&#8230;..\u2026&#8230;.\u2026 315<\/a><\/p>\n\n\n\n<p><br><a href=\"http:\/\/uniblaga.eu\/wp-content\/uploads\/2022\/48\/Sass2.pdf\">Maria SASS (Hermannstadt\/Sibiu): <\/a><br><a href=\"http:\/\/uniblaga.eu\/wp-content\/uploads\/2022\/48\/Sass2.pdf\">Rezension\u2026\u2026\u2026\u2026\u2026\u2026\u2026\u2026\u2026\u2026\u2026.\u2026\u2026&#8230;&#8230;&#8230;&#8230;&#8230;&#8230;&#8230;&#8230;&#8230;&#8230;&#8230;&#8230;\u2026&#8230;\u2026\u2026 322<\/a><\/p>\n\n\n\n<p><br><\/p>","protected":false},"excerpt":{"rendered":"<p>Inhalt I. Literaturwissenschaft und Landeskunde Markus FISCHER (Bukarest): Blaubl\u00fctige Dracula-Fantasie mit idyllischer Coda &#8211; Dana Grigorceas dritter Roman Die nicht sterben \u2026\u2026\u2026&#8230;&#8230;\u2026.\u2026.. 15 Grazziella PREDOIU (Temeswar): Die Essayistik Herta M\u00fcllers\u2026&#8230;&#8230;&#8230;&#8230;&#8230;&#8230;&#8230;&#8230;&#8230;&#8230;&#8230;&#8230;&#8230;&#8230;&#8230;&#8230;&#8230;&#8230;&#8230;.. 34 Claudia SPIRIDON-\u0218ERBU (Kronstadt): Herta M\u00fcllers fiktionalisierter Raum, mit Karten lesen &#8211; ein Beispiel aus der Praxis\u2026\u2026\u2026\u2026&#8230;&#8230;&#8230;&#8230;&#8230;&#8230;&#8230;&#8230;&#8230;&#8230;&#8230;&#8230;&#8230;&#8230;&#8230;.\u2026..\u2026.. 50 Andreea DUMITRU (Hermannstadt): Das Werden eines Schicksals. &hellip; <a href=\"http:\/\/uniblaga.eu\/de\/vol-48-2022\/\" class=\"more-link\"><span class=\"screen-reader-text\">Band 48, 2022<\/span> weiterlesen <span class=\"meta-nav\">&rarr;<\/span><\/a><\/p>\n","protected":false},"author":1,"featured_media":0,"parent":0,"menu_order":0,"comment_status":"closed","ping_status":"closed","template":"","meta":[],"_links":{"self":[{"href":"http:\/\/uniblaga.eu\/de\/wp-json\/wp\/v2\/pages\/1326"}],"collection":[{"href":"http:\/\/uniblaga.eu\/de\/wp-json\/wp\/v2\/pages"}],"about":[{"href":"http:\/\/uniblaga.eu\/de\/wp-json\/wp\/v2\/types\/page"}],"author":[{"embeddable":true,"href":"http:\/\/uniblaga.eu\/de\/wp-json\/wp\/v2\/users\/1"}],"replies":[{"embeddable":true,"href":"http:\/\/uniblaga.eu\/de\/wp-json\/wp\/v2\/comments?post=1326"}],"version-history":[{"count":108,"href":"http:\/\/uniblaga.eu\/de\/wp-json\/wp\/v2\/pages\/1326\/revisions"}],"predecessor-version":[{"id":1579,"href":"http:\/\/uniblaga.eu\/de\/wp-json\/wp\/v2\/pages\/1326\/revisions\/1579"}],"wp:attachment":[{"href":"http:\/\/uniblaga.eu\/de\/wp-json\/wp\/v2\/media?parent=1326"}],"curies":[{"name":"wp","href":"https:\/\/api.w.org\/{rel}","templated":true}]}}