{"id":129,"date":"2016-03-24T13:04:26","date_gmt":"2016-03-24T13:04:26","guid":{"rendered":"http:\/\/uniblaga.eu\/?page_id=129"},"modified":"2016-03-28T13:50:05","modified_gmt":"2016-03-28T13:50:05","slug":"vol-28-2011","status":"publish","type":"page","link":"http:\/\/uniblaga.eu\/de\/germanistische-beitrage\/vol-28-2011\/","title":{"rendered":"Vol. 28, 2011"},"content":{"rendered":"<p><\/p>\n<p class=\"style1\"><a href=\"http:\/\/uniblaga.eu\/wp-content\/uploads\/2016\/03\/VorwortGB28.pdf\">Vorwort (11)<\/a><\/p>\n<p class=\"style1\"><strong><span style=\"color: #000000;\">I. Literaturwissenschaft und Landeskunde<\/span><\/strong><\/p>\n<p class=\"style1\"><a href=\"http:\/\/uniblaga.eu\/wp-content\/uploads\/2016\/03\/28.1.1.pdf\"><strong>Roxana Nubert<\/strong> (Timi\u015foara\/Temeswar):<\/a><br \/>\n<a href=\"http:\/\/uniblaga.eu\/wp-content\/uploads\/2016\/03\/28.1.1.pdf\"> Oskar Walter Cisek als Mittler zwischen deutscher und rum\u00e4nischer<\/a><br \/>\n<a href=\"http:\/\/uniblaga.eu\/wp-content\/uploads\/2016\/03\/28.1.1.pdf\"> Kultur &#8211; Mit besondererder Ber\u00fccksichtigung der<em> Kulturnachrichten aus\u00a0Rum\u00e4nien<\/em> und seiner Beitr\u00e4ge in siebenb\u00fcrgisch-s\u00e4chsichen Periodika (15)<\/a><\/p>\n<p class=\"style1\"><a href=\"http:\/\/uniblaga.eu\/wp-content\/uploads\/2016\/03\/28.1.2.pdf\"><strong>Maria Sass<\/strong> (Sibiu\/Hermannstadt):<\/a><br \/>\n<a href=\"http:\/\/uniblaga.eu\/wp-content\/uploads\/2016\/03\/28.1.2.pdf\"> <em>Kontakt und Wirkungsmacht<\/em>. Interkulturelle Aspekte aus dem<\/a><br \/>\n<a href=\"http:\/\/uniblaga.eu\/wp-content\/uploads\/2016\/03\/28.1.2.pdf\"> rum\u00e4niendeutschen Kulturfeld (39)<\/a><\/p>\n<p class=\"style1\"><a href=\"http:\/\/uniblaga.eu\/wp-content\/uploads\/2016\/03\/28.1.3.pdf\"><strong>Carmen Elisabeth Puchianu<\/strong> (Brasov\/Kronstadt):<\/a><br \/>\n<a href=\"http:\/\/uniblaga.eu\/wp-content\/uploads\/2016\/03\/28.1.3.pdf\"> Schreiben zwischen Kulturen. \u00dcberlegungen zum eigenen Werdegang\u00a0als deutschsprachige autorin in Rum\u00e4nien (42)<\/a><\/p>\n<p class=\"style1\"><a href=\"http:\/\/uniblaga.eu\/wp-content\/uploads\/2016\/03\/28.1.4.pdf\"><strong>Gudrun Ittu<\/strong> (Sibiu\/Hermannstadt):<\/a><br \/>\n<a href=\"http:\/\/uniblaga.eu\/wp-content\/uploads\/2016\/03\/28.1.4.pdf\"> Vom Ministerialrat, gesch\u00e4tzten Publizisten und \u00dcbersetzer zum<\/a><br \/>\n<a href=\"http:\/\/uniblaga.eu\/wp-content\/uploads\/2016\/03\/28.1.4.pdf\"> mittellosen Bittsteller: Viktor Orendi-Hommenau (1870-1954)<\/a><br \/>\n<a href=\"http:\/\/uniblaga.eu\/wp-content\/uploads\/2016\/03\/28.1.4.pdf\"> im Jahre 1944 (56)<\/a><\/p>\n<p class=\"style1\"><a href=\"http:\/\/uniblaga.eu\/wp-content\/uploads\/2016\/03\/28.1.5.pdf\"><strong>Grazziella Predoiu<\/strong> (Temeswar):<\/a><br \/>\n<a href=\"http:\/\/uniblaga.eu\/wp-content\/uploads\/2016\/03\/28.1.5.pdf\"> Herta M\u00fcller &#8211; Mircea C\u0103rt\u0103rescu: ein Ann\u00e4herungsversuch (68)<\/a><\/p>\n<p class=\"style1\"><a href=\"http:\/\/uniblaga.eu\/wp-content\/uploads\/2016\/03\/28.1.6.pdf\"><strong>Sunhild Galter<\/strong> (Sibiu\/Hermannstadt):<\/a><br \/>\n<a href=\"http:\/\/uniblaga.eu\/wp-content\/uploads\/2016\/03\/28.1.6.pdf\"> Identit\u00e4tsverlust durch Integration in Lumini\u0163a Cioab\u0103s M\u00e4rchen\u00a0<em>Savia (<\/em>85)<\/a><\/p>\n<p class=\"style1\"><a href=\"http:\/\/uniblaga.eu\/wp-content\/uploads\/2016\/03\/28.1.7.pdf\"><strong>Delia Cot\u00e2rlea<\/strong> (Bra\u015fov\/Kronstadt):<\/a><br \/>\n<a href=\"http:\/\/uniblaga.eu\/wp-content\/uploads\/2016\/03\/28.1.7.pdf\"> Spielformen in der rum\u00e4niendeutschen und rum\u00e4nischen Lyrik der siebziger Jahre. Ein komparatistischer Versuch (93)<\/a><\/p>\n<p><a href=\"http:\/\/uniblaga.eu\/wp-content\/uploads\/2016\/03\/28.1.8.pdf\"><strong>Andreea Dumitru (Iacob)<\/strong> (Sibiu\/Hermannstadt):<\/a><br \/>\n<a href=\"http:\/\/uniblaga.eu\/wp-content\/uploads\/2016\/03\/28.1.8.pdf\"> Fremd- und Eigenbild in Eginald Schlattners <em>Die schiefe Fassade<br \/>\nder Kindheit. Erfundene Familienkunde<\/em>\u00a0(120)<\/a><\/p>\n<p class=\"style1\"><a href=\"http:\/\/uniblaga.eu\/wp-content\/uploads\/2016\/03\/28.1.9.pdf\"><strong>Marianne Koch (Bucuresti\/Bukarest)<\/strong>:<\/a><br \/>\n<a href=\"http:\/\/uniblaga.eu\/wp-content\/uploads\/2016\/03\/28.1.9.pdf\"> (Fremd) Sprachenunterricht and den Schulen der Siebenb\u00fcrger<\/a><br \/>\n<a href=\"http:\/\/uniblaga.eu\/wp-content\/uploads\/2016\/03\/28.1.9.pdf\"> Sachsen .(132)<\/a><\/p>\n<p><a href=\"http:\/\/uniblaga.eu\/wp-content\/uploads\/2016\/03\/28.1.10.pdf\"><strong>Rodica Ofelia Miclea<\/strong> (Sibiu\/Hermannstadt):<\/a><br \/>\n<a href=\"http:\/\/uniblaga.eu\/wp-content\/uploads\/2016\/03\/28.1.10.pdf\"> Am deutschen B\u00fcrgermeisterwesen soll Balkanien genesen?<\/a><br \/>\n<a href=\"http:\/\/uniblaga.eu\/wp-content\/uploads\/2016\/03\/28.1.10.pdf\"> Einige Bemerkungen zur Funktionalit\u00e4t von positiven Stereotypen<\/a><br \/>\n<a href=\"http:\/\/uniblaga.eu\/wp-content\/uploads\/2016\/03\/28.1.10.pdf\"> in kritischen Zeiten (149)<\/a><\/p>\n<p class=\"style1\"><a href=\"http:\/\/uniblaga.eu\/wp-content\/uploads\/2016\/03\/28.1.11.pdf\"><strong>Carmen Popa <\/strong>(Hermannstadt):<\/a><br \/>\n<a href=\"http:\/\/uniblaga.eu\/wp-content\/uploads\/2016\/03\/28.1.11.pdf\"> Rum\u00e4nisch-deutsche Lulturbeziehungen und interkulturelle<\/a><br \/>\n<a href=\"http:\/\/uniblaga.eu\/wp-content\/uploads\/2016\/03\/28.1.11.pdf\"> \u00dcberschneidungen in der Hermannst\u00e4dter rum\u00e4nischen Presse<\/a><br \/>\n<a href=\"http:\/\/uniblaga.eu\/wp-content\/uploads\/2016\/03\/28.1.11.pdf\"> des ausgehenden 19. Jhs (170)<\/a><\/p>\n<p class=\"style1\"><strong>II. Sprachwissenschaft<\/strong><\/p>\n<p class=\"style1\"><a href=\"http:\/\/uniblaga.eu\/wp-content\/uploads\/2016\/03\/28.2.1.pdf\"><strong>Ioan L\u0103z\u0103rescu\/Ileana-Maria Ratcu<\/strong> (Bukarest):<\/a><br \/>\n<a href=\"http:\/\/uniblaga.eu\/wp-content\/uploads\/2016\/03\/28.2.1.pdf\"> Rum\u00e4nischer Verwaltungswortschatz als Ergebnis des<\/a><br \/>\n<a href=\"http:\/\/uniblaga.eu\/wp-content\/uploads\/2016\/03\/28.2.1.pdf\"> Zusammenspiels von autochtonem und fremdem Wortgut<\/a><br \/>\n<a href=\"http:\/\/uniblaga.eu\/wp-content\/uploads\/2016\/03\/28.2.1.pdf\"> am Beispiel deutscher Entlehnungen (181)<\/a><\/p>\n<p class=\"style1\"><a href=\"http:\/\/uniblaga.eu\/wp-content\/uploads\/2016\/03\/28.2.2.pdf\"><strong>Sigrid Haldenwang<\/strong> (Sibiu\/Hermannstadt):<\/a><br \/>\n<a href=\"http:\/\/uniblaga.eu\/wp-content\/uploads\/2016\/03\/28.2.2.pdf\"> Vergleichende Untersuchung bez\u00fcglich Verben im Sinne von<\/a><br \/>\n<a href=\"http:\/\/uniblaga.eu\/wp-content\/uploads\/2016\/03\/28.2.2.pdf\"> &#8222;st\u00f6bernd suchen, kramen, w\u00fchlen&#8220; im Siebenb\u00fcrgisch-S\u00e4chsischen W\u00f6rterbuch (SSWB) und im Nordsiebenb\u00fcrgisch-S\u00e4chsischen W\u00f6rterbuch NSSWB) (190)<\/a><\/p>\n<p><a href=\"http:\/\/uniblaga.eu\/wp-content\/uploads\/2016\/03\/28.2.3.pdf\"><strong>Dana Janetta Dogaru<\/strong> (Sibiu\/Hermannstadt):<\/a><br \/>\n<a href=\"http:\/\/uniblaga.eu\/wp-content\/uploads\/2016\/03\/28.2.3.pdf\"> Syntaktische Muster in siebenb\u00fcrgischen Gerichtsprotokollen<\/a><br \/>\n<a href=\"http:\/\/uniblaga.eu\/wp-content\/uploads\/2016\/03\/28.2.3.pdf\"> vom Ende des 17. Jahrhunderts (203)<\/a><\/p>\n<p><a href=\"http:\/\/uniblaga.eu\/wp-content\/uploads\/2016\/03\/28.2.4.pdf\"><strong>Doris Sava<\/strong> (Sibiu\/Hermannstadt):<\/a><br \/>\n<a href=\"http:\/\/uniblaga.eu\/wp-content\/uploads\/2016\/03\/28.2.4.pdf\"> &#8222;Zur lexikografischen Darbietung der Phraseologismen<\/a><br \/>\n<a href=\"http:\/\/uniblaga.eu\/wp-content\/uploads\/2016\/03\/28.2.4.pdf\"> im deutsch-rum\u00e4nischen Gro\u00dfw\u00f6rterbuch der Rum\u00e4nischen<\/a><br \/>\n<a href=\"http:\/\/uniblaga.eu\/wp-content\/uploads\/2016\/03\/28.2.4.pdf\"> Akademie in seiner Neuauflage (3\/2007) (225)<\/a><\/p>\n<p><strong>III. Das aktuelle Thema<\/strong><\/p>\n<p class=\"style1\"><a href=\"http:\/\/uniblaga.eu\/wp-content\/uploads\/2016\/03\/28.3.1.pdf\"><strong>Horst Schuller <\/strong>(Hermannstadt\/Heidelberg):<\/a><br \/>\n<a href=\"http:\/\/uniblaga.eu\/wp-content\/uploads\/2016\/03\/28.3.1.pdf\"> Erg\u00e4nzungen und Witerf\u00fchrung der bibliografischen<\/a><br \/>\n<a href=\"http:\/\/uniblaga.eu\/wp-content\/uploads\/2016\/03\/28.3.1.pdf\"> Angaben zu Horst Schuller in &#8222;Germanistische Beitr\u00e4ge&#8220; [GBS]<\/a><br \/>\n<a href=\"http:\/\/uniblaga.eu\/wp-content\/uploads\/2016\/03\/28.3.1.pdf\"> (Sibiu\/Hermannstadt), Nr. 13\/14, 2001, S. 32-113.<\/a><br \/>\n<a href=\"http:\/\/uniblaga.eu\/wp-content\/uploads\/2016\/03\/28.3.1.pdf\"> (Stand: Januar 2011) (261)<\/a><\/p>\n<p><strong>IV. B\u00fccherschau<\/strong><\/p>\n<p class=\"style1\"><a href=\"http:\/\/uniblaga.eu\/wp-content\/uploads\/2016\/03\/28.4.1.pdf\">Rezension <strong>Cot\u00e2rlea, Delia<\/strong>: Schreiben unter der Diktatur.<\/a><br \/>\n<a href=\"http:\/\/uniblaga.eu\/wp-content\/uploads\/2016\/03\/28.4.1.pdf\"> Die Lyrik von Anemone Latzina. Ein monographischer Versuch (273)<\/a><\/p>\n<p><\/p>","protected":false},"excerpt":{"rendered":"<p>Vorwort (11) I. Literaturwissenschaft und Landeskunde Roxana Nubert (Timi\u015foara\/Temeswar): Oskar Walter Cisek als Mittler zwischen deutscher und rum\u00e4nischer Kultur &#8211; Mit besondererder Ber\u00fccksichtigung der Kulturnachrichten aus\u00a0Rum\u00e4nien und seiner Beitr\u00e4ge in siebenb\u00fcrgisch-s\u00e4chsichen Periodika (15) Maria Sass (Sibiu\/Hermannstadt): Kontakt und Wirkungsmacht. Interkulturelle Aspekte aus dem rum\u00e4niendeutschen Kulturfeld (39) Carmen Elisabeth Puchianu (Brasov\/Kronstadt): Schreiben zwischen Kulturen. \u00dcberlegungen zum &hellip; <a href=\"http:\/\/uniblaga.eu\/de\/germanistische-beitrage\/vol-28-2011\/\" class=\"more-link\"><span class=\"screen-reader-text\">Vol. 28, 2011<\/span> weiterlesen <span class=\"meta-nav\">&rarr;<\/span><\/a><\/p>\n","protected":false},"author":1,"featured_media":0,"parent":7,"menu_order":0,"comment_status":"closed","ping_status":"closed","template":"","meta":[],"_links":{"self":[{"href":"http:\/\/uniblaga.eu\/de\/wp-json\/wp\/v2\/pages\/129"}],"collection":[{"href":"http:\/\/uniblaga.eu\/de\/wp-json\/wp\/v2\/pages"}],"about":[{"href":"http:\/\/uniblaga.eu\/de\/wp-json\/wp\/v2\/types\/page"}],"author":[{"embeddable":true,"href":"http:\/\/uniblaga.eu\/de\/wp-json\/wp\/v2\/users\/1"}],"replies":[{"embeddable":true,"href":"http:\/\/uniblaga.eu\/de\/wp-json\/wp\/v2\/comments?post=129"}],"version-history":[{"count":5,"href":"http:\/\/uniblaga.eu\/de\/wp-json\/wp\/v2\/pages\/129\/revisions"}],"predecessor-version":[{"id":506,"href":"http:\/\/uniblaga.eu\/de\/wp-json\/wp\/v2\/pages\/129\/revisions\/506"}],"up":[{"embeddable":true,"href":"http:\/\/uniblaga.eu\/de\/wp-json\/wp\/v2\/pages\/7"}],"wp:attachment":[{"href":"http:\/\/uniblaga.eu\/de\/wp-json\/wp\/v2\/media?parent=129"}],"curies":[{"name":"wp","href":"https:\/\/api.w.org\/{rel}","templated":true}]}}