{"id":127,"date":"2016-03-24T13:04:01","date_gmt":"2016-03-24T13:04:01","guid":{"rendered":"http:\/\/uniblaga.eu\/?page_id=127"},"modified":"2016-03-28T13:49:39","modified_gmt":"2016-03-28T13:49:39","slug":"vol-29-2011","status":"publish","type":"page","link":"http:\/\/uniblaga.eu\/de\/germanistische-beitrage\/vol-29-2011\/","title":{"rendered":"Vol. 29, 2011"},"content":{"rendered":"<p><\/p>\n<p class=\"style1\"><a href=\"http:\/\/uniblaga.eu\/wp-content\/uploads\/2016\/03\/Vorwort29.pdf\">Vorwort (11)<\/a><\/p>\n<p class=\"style1\"><strong><span style=\"color: #000000;\">I. Literaturwissenschaft und Landeskunde<\/span><\/strong><\/p>\n<p class=\"style1\"><a href=\"http:\/\/uniblaga.eu\/wp-content\/uploads\/2016\/03\/29.1.1.pdf\"><strong>Mariana-Virginia L\u00e3z\u00e3rescu:<\/strong><\/a><br \/>\n<a href=\"http:\/\/uniblaga.eu\/wp-content\/uploads\/2016\/03\/29.1.1.pdf\"> &#8222;<em>Wenn ich sterbe, will ich endlich mit allen Poren, allen Organen,<br \/>\nan etwas N\u00fctzliches denken<\/em>.&#8220; Zum Gedenken an die Germanistin,<\/a><br \/>\n<a href=\"http:\/\/uniblaga.eu\/wp-content\/uploads\/2016\/03\/29.1.1.pdf\"> Dichterin und \u00dcbersetzerin Liana Corciu (15)<\/a><\/p>\n<p class=\"style1\"><a href=\"http:\/\/uniblaga.eu\/wp-content\/uploads\/2016\/03\/29.1.2.pdf\"><strong>Maria Sass:<\/strong><\/a><br \/>\n<a href=\"http:\/\/uniblaga.eu\/wp-content\/uploads\/2016\/03\/29.1.2.pdf\"> Magischer Realismus als <em>verdeckte<\/em> Schreibweise, am Beispiel<\/a><br \/>\n<a href=\"http:\/\/uniblaga.eu\/wp-content\/uploads\/2016\/03\/29.1.2.pdf\"> von Erika Mitterer und Gabriel Garc\u00eda M\u00e1rquez (26)<\/a><\/p>\n<p class=\"style1\"><a href=\"http:\/\/uniblaga.eu\/wp-content\/uploads\/2016\/03\/29.1.3.pdf\"><strong>Thomas Schares:<\/strong><\/a><br \/>\n<a href=\"http:\/\/uniblaga.eu\/wp-content\/uploads\/2016\/03\/29.1.3.pdf\"> Doppelt zelebrierte Interkulturalit\u00e4t: Der Film <em>Offset<\/em> (D\/F\/CH 2005)<\/a><br \/>\n<a href=\"http:\/\/uniblaga.eu\/wp-content\/uploads\/2016\/03\/29.1.3.pdf\"> als Abdruck der deutsch-rum\u00e4nischen Beziehungen (58)<\/a><\/p>\n<p class=\"style1\"><a href=\"http:\/\/uniblaga.eu\/wp-content\/uploads\/2016\/03\/29.1.4.pdf\"><strong>Sunhild, Galter:<\/strong><\/a><br \/>\n<a href=\"http:\/\/uniblaga.eu\/wp-content\/uploads\/2016\/03\/29.1.4.pdf\"> Vernetzte Welten in Daniel Kehlmanns <em>Ruhm<\/em> \u2013<\/a><br \/>\n<a href=\"http:\/\/uniblaga.eu\/wp-content\/uploads\/2016\/03\/29.1.4.pdf\"> Schicksal oder Chance? (86)<\/a><\/p>\n<p class=\"style1\"><a href=\"http:\/\/uniblaga.eu\/wp-content\/uploads\/2016\/03\/29.1.5.pdf\"><strong>Tanja Becker:<\/strong><\/a><br \/>\n<a href=\"http:\/\/uniblaga.eu\/wp-content\/uploads\/2016\/03\/29.1.5.pdf\"> <em>Die Quelle des Lebens, der Liebe. Des Hasses und des Todes.<\/em>:<\/a><br \/>\n<a href=\"http:\/\/uniblaga.eu\/wp-content\/uploads\/2016\/03\/29.1.5.pdf\"> Mutter-Tochter Beziehungen bei Herta M\u00fcller, Aglaja Veteranyi,<\/a><br \/>\n<a href=\"http:\/\/uniblaga.eu\/wp-content\/uploads\/2016\/03\/29.1.5.pdf\"> Carmen Francesca Banciu und Gabriela Adamesteanu (98)<\/a><\/p>\n<p class=\"style1\"><a href=\"http:\/\/uniblaga.eu\/wp-content\/uploads\/2016\/03\/29.1.6.pdf\"><strong>Robert G. Elekes<\/strong>:<\/a><br \/>\n<a href=\"http:\/\/uniblaga.eu\/wp-content\/uploads\/2016\/03\/29.1.6.pdf\"> Interkulturelle Philosophie und Kulturtheorie<\/a><br \/>\n<a href=\"http:\/\/uniblaga.eu\/wp-content\/uploads\/2016\/03\/29.1.6.pdf\"> im Spannungsfeld von Moderne und Postmoderne (119)<\/a><\/p>\n<p class=\"style1\"><a href=\"http:\/\/uniblaga.eu\/wp-content\/uploads\/2016\/03\/29.1.7.pdf\"><strong>Gabriela Sandor:<\/strong><\/a><br \/>\n<a href=\"http:\/\/uniblaga.eu\/wp-content\/uploads\/2016\/03\/29.1.7.pdf\"> Aspekte kulturellen Transfers in Oscar Walter Ciseks Die Tatarin (129)<\/a><\/p>\n<p><a href=\"http:\/\/uniblaga.eu\/wp-content\/uploads\/2016\/03\/29.1.8.pdf\"><strong>Ramona Stephan:<\/strong><\/a><br \/>\n<a href=\"http:\/\/uniblaga.eu\/wp-content\/uploads\/2016\/03\/29.1.8.pdf\"> Die siebenb\u00fcrgisch-s\u00e4chsischen M\u00e4rchenforscher Pauline<\/a><br \/>\n<a href=\"http:\/\/uniblaga.eu\/wp-content\/uploads\/2016\/03\/29.1.8.pdf\"> und Adolf Schullerus (141)<\/a><\/p>\n<p class=\"style1\"><strong>II. Sprachwissenschaft<\/strong><\/p>\n<p class=\"style1\"><a href=\"http:\/\/uniblaga.eu\/wp-content\/uploads\/2016\/03\/29.2.1.pdf\"><strong>Adina-Lucia Nistor:<\/strong><\/a><br \/>\n<a href=\"http:\/\/uniblaga.eu\/wp-content\/uploads\/2016\/03\/29.2.1.pdf\"> Digitale Familiennnamengeographie und Bev\u00f6lkerungsmigration<\/a><br \/>\n<a href=\"http:\/\/uniblaga.eu\/wp-content\/uploads\/2016\/03\/29.2.1.pdf\"> am Beispiel des Namens <em>Lutsch (<\/em>153)<\/a><\/p>\n<p><a href=\"http:\/\/uniblaga.eu\/wp-content\/uploads\/2016\/03\/29.2.2.pdf\"><strong>Doris Sava:<\/strong><\/a><br \/>\n<a href=\"http:\/\/uniblaga.eu\/wp-content\/uploads\/2016\/03\/29.2.2.pdf\"> Zur Darstellung und Vermittlung von Phraseologismen<\/a><br \/>\n<a href=\"http:\/\/uniblaga.eu\/wp-content\/uploads\/2016\/03\/29.2.2.pdf\"> in phraseologischen \u00dcbungssammlungen (160)<\/a><\/p>\n<p><a href=\"http:\/\/uniblaga.eu\/wp-content\/uploads\/2016\/03\/29.2.3.pdf\"><strong>Liana Iunesch:<\/strong><\/a><br \/>\n<a href=\"http:\/\/uniblaga.eu\/wp-content\/uploads\/2016\/03\/29.2.3.pdf\"> Zu Sprachkompetenz und Sprachkontakt an Schulen<\/a><br \/>\n<a href=\"http:\/\/uniblaga.eu\/wp-content\/uploads\/2016\/03\/29.2.3.pdf\"> mit deutscher Unterrichtssprache in Rum\u00e4nien (175)<\/a><\/p>\n<p><strong>III. \u00dcbersetzungswissenschaft<\/strong><\/p>\n<p class=\"style1\"><a href=\"http:\/\/uniblaga.eu\/wp-content\/uploads\/2016\/03\/29.3.1.pdf\"><strong>Ioana Constantin:<\/strong><\/a><br \/>\n<a href=\"http:\/\/uniblaga.eu\/wp-content\/uploads\/2016\/03\/29.3.1.pdf\"> \u00dcber Treue und Untreue in der \u00dcbersetzung. Von den Belles<\/a><br \/>\n<a href=\"http:\/\/uniblaga.eu\/wp-content\/uploads\/2016\/03\/29.3.1.pdf\"> Infid\u00e8les zum feministischen Paradigma (191)<\/a><\/p>\n<p><a href=\"http:\/\/uniblaga.eu\/wp-content\/uploads\/2016\/03\/29.3.2.pdf\"><strong>Georgiana-Simona Marin:<\/strong><\/a><br \/>\n<a href=\"http:\/\/uniblaga.eu\/wp-content\/uploads\/2016\/03\/29.2.5.pdf\"> Von der \u00dcbersetzbarkeit oder Un\u00fcbersetzbarkeit des Rechts (198)<\/a><br \/>\n<strong><br \/>\n<a href=\"http:\/\/uniblaga.eu\/wp-content\/uploads\/2016\/03\/29.3.3.pdf\">Mihai I. Crudu:<\/a><\/strong><br \/>\n<a href=\"http:\/\/uniblaga.eu\/wp-content\/uploads\/2016\/03\/29.3.3.pdf\"> Das Kulturem als perilinguistische Vorstellung<\/a><br \/>\n<a href=\"http:\/\/uniblaga.eu\/wp-content\/uploads\/2016\/03\/29.3.3.pdf\"> im \u00dcbersetzungsakt. Am Beispiel eines Romans<\/a><br \/>\n<a href=\"http:\/\/uniblaga.eu\/wp-content\/uploads\/2016\/03\/29.3.3.pdf\"> von Aglaja Veteranyi (210)<\/a><\/p>\n<p><strong>IV. B\u00fccherschau<\/strong><\/p>\n<p class=\"style1\"><a href=\"http:\/\/uniblaga.eu\/wp-content\/uploads\/2016\/03\/29.4.1.pdf\"><strong>Maria Sass:<\/strong><\/a><br \/>\n<a href=\"http:\/\/uniblaga.eu\/wp-content\/uploads\/2016\/03\/29.4.1.pdf\"> &#8222;Zwischen den Welten&#8220;. Zimmermann, Silvia Irina:<\/a><br \/>\n<a href=\"http:\/\/uniblaga.eu\/wp-content\/uploads\/2016\/03\/29.4.1.pdf\"> Der Zauber des fernen K\u00f6nigreichs. Carmen Sylvas<\/a><br \/>\n<a href=\"http:\/\/uniblaga.eu\/wp-content\/uploads\/2016\/03\/29.4.1.pdf\"> Pelesch-M\u00e4rchen. Rezension (229)<\/a><\/p>\n<p class=\"style1\"><a href=\"http:\/\/uniblaga.eu\/wp-content\/uploads\/2016\/03\/29.4.1.pdf\"><strong>Doris Sava:<\/strong><\/a><br \/>\n<a href=\"http:\/\/uniblaga.eu\/wp-content\/uploads\/2016\/03\/29.4.1.pdf\"> Literarische Zentrenbildung in Ostmittel- und S\u00fcdosteuropa:<\/a><br \/>\n<a href=\"http:\/\/uniblaga.eu\/wp-content\/uploads\/2016\/03\/29.4.1.pdf\"> Hermannstadt\/Sibiu, Laibach\/Ljubljana und weitere Fallbeispiele.<\/a><br \/>\n<a href=\"http:\/\/uniblaga.eu\/wp-content\/uploads\/2016\/03\/29.4.1.pdf\"> Hrsg. von Mira Miladinovi\u00e6 Zalaznik, Maria Sass, Stefan Sienerth.<\/a><br \/>\n<a href=\"http:\/\/uniblaga.eu\/wp-content\/uploads\/2016\/03\/29.4.1.pdf\"> Rezension (235)<\/a><\/p>\n<p class=\"style1\"><a href=\"http:\/\/uniblaga.eu\/wp-content\/uploads\/2016\/03\/29.4.3.pdf\"><strong>Verzeichnis der AutorInnen (<\/strong>244)<\/a><\/p>\n<p><\/p>","protected":false},"excerpt":{"rendered":"<p>Vorwort (11) I. Literaturwissenschaft und Landeskunde Mariana-Virginia L\u00e3z\u00e3rescu: &#8222;Wenn ich sterbe, will ich endlich mit allen Poren, allen Organen, an etwas N\u00fctzliches denken.&#8220; Zum Gedenken an die Germanistin, Dichterin und \u00dcbersetzerin Liana Corciu (15) Maria Sass: Magischer Realismus als verdeckte Schreibweise, am Beispiel von Erika Mitterer und Gabriel Garc\u00eda M\u00e1rquez (26) Thomas Schares: Doppelt zelebrierte &hellip; <a href=\"http:\/\/uniblaga.eu\/de\/germanistische-beitrage\/vol-29-2011\/\" class=\"more-link\"><span class=\"screen-reader-text\">Vol. 29, 2011<\/span> weiterlesen <span class=\"meta-nav\">&rarr;<\/span><\/a><\/p>\n","protected":false},"author":1,"featured_media":0,"parent":7,"menu_order":0,"comment_status":"closed","ping_status":"closed","template":"","meta":[],"_links":{"self":[{"href":"http:\/\/uniblaga.eu\/de\/wp-json\/wp\/v2\/pages\/127"}],"collection":[{"href":"http:\/\/uniblaga.eu\/de\/wp-json\/wp\/v2\/pages"}],"about":[{"href":"http:\/\/uniblaga.eu\/de\/wp-json\/wp\/v2\/types\/page"}],"author":[{"embeddable":true,"href":"http:\/\/uniblaga.eu\/de\/wp-json\/wp\/v2\/users\/1"}],"replies":[{"embeddable":true,"href":"http:\/\/uniblaga.eu\/de\/wp-json\/wp\/v2\/comments?post=127"}],"version-history":[{"count":5,"href":"http:\/\/uniblaga.eu\/de\/wp-json\/wp\/v2\/pages\/127\/revisions"}],"predecessor-version":[{"id":505,"href":"http:\/\/uniblaga.eu\/de\/wp-json\/wp\/v2\/pages\/127\/revisions\/505"}],"up":[{"embeddable":true,"href":"http:\/\/uniblaga.eu\/de\/wp-json\/wp\/v2\/pages\/7"}],"wp:attachment":[{"href":"http:\/\/uniblaga.eu\/de\/wp-json\/wp\/v2\/media?parent=127"}],"curies":[{"name":"wp","href":"https:\/\/api.w.org\/{rel}","templated":true}]}}