{"id":113,"date":"2016-03-24T12:59:07","date_gmt":"2016-03-24T12:59:07","guid":{"rendered":"http:\/\/uniblaga.eu\/?page_id=113"},"modified":"2016-03-28T13:53:40","modified_gmt":"2016-03-28T13:53:40","slug":"vol-31-2012","status":"publish","type":"page","link":"http:\/\/uniblaga.eu\/de\/germanistische-beitrage\/vol-31-2012\/","title":{"rendered":"Vol. 31, 2012"},"content":{"rendered":"<p><\/p>\n<p class=\"style1\">Vorwort (11)<\/p>\n<p class=\"style1\"><strong><span style=\"color: #000000;\">I. Literaturwissenschaft und Landeskunde<\/span><\/strong><\/p>\n<p class=\"style1\"><a href=\"http:\/\/uniblaga.eu\/wp-content\/uploads\/2016\/03\/31.1.1.pdf\"><strong>Sunhild, Galter (Sibiu\/Hermannstadt):<\/strong><\/a><br \/>\n<a href=\"http:\/\/uniblaga.eu\/wp-content\/uploads\/2016\/03\/31.1.1.pdf\"> (Fast) ein literarisches Motiv: Effi Briest hin und zur\u00fcck (15)<\/a><\/p>\n<p class=\"style1\"><a href=\"http:\/\/uniblaga.eu\/wp-content\/uploads\/2016\/03\/31.1.2.pdf\"><strong>Veronica Buciuman (Oradea\/Gro\u00dfwardein):<\/strong><\/a><br \/>\n<a href=\"http:\/\/uniblaga.eu\/wp-content\/uploads\/2016\/03\/31.1.2.pdf\"> &#8222;Mein Land riecht [&#8230;] wie das Esen meiner Mutter.&#8220;<\/a><br \/>\n<a href=\"http:\/\/uniblaga.eu\/wp-content\/uploads\/2016\/03\/31.1.2.pdf\"> Heimatvisionen in Herta M\u00fcllers Atemschaukel und in Aglaja<\/a><br \/>\n<a href=\"http:\/\/uniblaga.eu\/wp-content\/uploads\/2016\/03\/31.1.2.pdf\"> Veteranyis &#8222;Warum das Kind in der Polenta kocht (27)<\/a><\/p>\n<p class=\"style1\"><a href=\"http:\/\/uniblaga.eu\/wp-content\/uploads\/2016\/03\/31.1.3.pdf\"><strong>Iulia Elena Zup (Iassy)<\/strong><strong>:<\/strong><\/a><br \/>\n<a href=\"http:\/\/uniblaga.eu\/wp-content\/uploads\/2016\/03\/31.1.3.pdf\"> Der rum\u00e4nische Raum im Werk von C\u0103t\u0103lin Dorian Florescu (45)<\/a><\/p>\n<p class=\"style1\"><a href=\"http:\/\/uniblaga.eu\/wp-content\/uploads\/2016\/03\/31.1.4.pdf\"><strong>Ioan-Mirel H\u0103bean (Sibiu\/Hermannstadt)<\/strong>:<\/a><br \/>\n<a href=\"http:\/\/uniblaga.eu\/wp-content\/uploads\/2016\/03\/31.1.4.pdf\"> Aspekte der deutschen Eliade-Rezeption.<\/a><br \/>\n<a href=\"http:\/\/uniblaga.eu\/wp-content\/uploads\/2016\/03\/31.1.4.pdf\"> Die indische Erfahrung\u00a0(57)<\/a><\/p>\n<p class=\"style1\"><a href=\"http:\/\/uniblaga.eu\/wp-content\/uploads\/2016\/03\/31.1.5.pdf\"><strong>Alina-Elena Chiril\u0103 (Iassy):<\/strong><\/a><br \/>\n<a href=\"http:\/\/uniblaga.eu\/wp-content\/uploads\/2016\/03\/31.1.5.pdf\"> Das Schreiben zwischen zwei Kulturen: Carmen Sylva (71)<\/a><\/p>\n<p class=\"style1\"><a href=\"http:\/\/uniblaga.eu\/wp-content\/uploads\/2016\/03\/31.1.6.pdf\"><strong>Robert G. Elekes (Bra\u015fov\/Kronstadt):<\/strong><\/a><br \/>\n<a href=\"http:\/\/uniblaga.eu\/wp-content\/uploads\/2016\/03\/31.1.6.pdf\"> Innovation und Interkulturalit\u0163t in der Neuen Literatur<\/a><br \/>\n<a href=\"http:\/\/uniblaga.eu\/wp-content\/uploads\/2016\/03\/31.1.6.pdf\"> am Anfang der 1970er Jahre (83)<\/a><\/p>\n<p><strong>II. Sprachwissenschaft<\/strong><\/p>\n<p class=\"style1\"><a href=\"http:\/\/uniblaga.eu\/wp-content\/uploads\/2016\/03\/31.2.1.pdf\"><strong>Csilla Ruff (Baia-Mare):<\/strong><\/a><br \/>\n<a href=\"http:\/\/uniblaga.eu\/wp-content\/uploads\/2016\/03\/31.2.1.pdf\"> Ein St\u00fcck wahre Geschichte aus der Zipserei (111)<\/a><\/p>\n<p class=\"style1\"><a href=\"http:\/\/uniblaga.eu\/wp-content\/uploads\/2016\/03\/31.2.2.pdf\"><strong>Rebecca Erika B\u0103ru\u0163ia (Baia-Mare)<\/strong>:<\/a><br \/>\n<a href=\"http:\/\/uniblaga.eu\/wp-content\/uploads\/2016\/03\/31.2.2.pdf\"> Aspekte der Interkulturalit\u00e4t im Sprachgebrauch der<\/a><br \/>\n<a href=\"http:\/\/uniblaga.eu\/wp-content\/uploads\/2016\/03\/31.2.2.pdf\"> Oberwischauer Gemeinschaft der Zipser Deutschen. Einige<\/a><br \/>\n<a href=\"http:\/\/uniblaga.eu\/wp-content\/uploads\/2016\/03\/31.2.2.pdf\"> Bemerkungen zu den Entlehnungen aus dem Rum\u00e4nischen und<\/a><br \/>\n<a href=\"http:\/\/uniblaga.eu\/wp-content\/uploads\/2016\/03\/31.2.2.pdf\"> Ungarischen in der Zipser Mundart (118)<\/a><\/p>\n<p class=\"style1\"><a href=\"http:\/\/uniblaga.eu\/wp-content\/uploads\/2016\/03\/31.2.3.pdf\"><strong>Marius Stroia (Sibiu\/Hermannstadt):<\/strong><\/a><br \/>\n<a href=\"http:\/\/uniblaga.eu\/wp-content\/uploads\/2016\/03\/31.2.3.pdf\"> Kommunikative und Kulturvermittelnde Rollen der Fremdsprachen<\/a><br \/>\n<a href=\"http:\/\/uniblaga.eu\/wp-content\/uploads\/2016\/03\/31.2.3.pdf\"> in der internationalen Kommunikation und ihre m\u00f6glichen<\/a><br \/>\n<a href=\"http:\/\/uniblaga.eu\/wp-content\/uploads\/2016\/03\/31.2.3.pdf\"> Konsequenzen f\u00fcr den curricullaren Stellenwert des<\/a><br \/>\n<a href=\"http:\/\/uniblaga.eu\/wp-content\/uploads\/2016\/03\/31.2.3.pdf\"> Fremdsprachenunterrichts (128)<\/a><\/p>\n<p class=\"style1\"><a href=\"http:\/\/uniblaga.eu\/wp-content\/uploads\/2016\/03\/31.2.4.pdf\"><strong>Patricia Serbac (Tg. Mures\/Neumarkt):<\/strong><\/a><br \/>\n<a href=\"http:\/\/uniblaga.eu\/wp-content\/uploads\/2016\/03\/31.2.4.pdf\"> Neue Forschungen \u00fcber Interferenzerscheinungen im Bereich des<\/a><br \/>\n<a href=\"http:\/\/uniblaga.eu\/wp-content\/uploads\/2016\/03\/31.2.4.pdf\"> Unterrichts im heutigen Rum\u00e4niendeutsch (142)<\/a><\/p>\n<p><strong>III. \u00dcbersetzungswissenschaft<\/strong> <strong>und -kritik<\/strong><\/p>\n<p class=\"style1\"><a href=\"http:\/\/uniblaga.eu\/wp-content\/uploads\/2016\/03\/31.3.1.pdf\"><strong>Nora C\u0103p\u0103\u0163\u00e2n\u0103 (Sibiu\/Hermannstadt):<br \/>\n<\/strong>\u00dcbersetzen im Germanistikunterricht. Einsatzm\u00f6glichkeiten<\/a><br \/>\n<a href=\"http:\/\/uniblaga.eu\/wp-content\/uploads\/2016\/03\/31.3.1.pdf\"> und Nutzen (155)<\/a><\/p>\n<p><a href=\"http:\/\/uniblaga.eu\/wp-content\/uploads\/2016\/03\/31.3.2.pdf\"><strong>L\u0103cr\u0103mioara Popa (Sibiu-Hermannstadt):<\/strong><\/a><br \/>\n<a href=\"http:\/\/uniblaga.eu\/wp-content\/uploads\/2016\/03\/31.3.2.pdf\"> Die Ballade von der Hochzeit mit der Sonne. \u00dcbersetzungsparadigmen<\/a><br \/>\n<a href=\"http:\/\/uniblaga.eu\/wp-content\/uploads\/2016\/03\/31.3.2.pdf\"> bei W. von Kotzebue, Johann Karl Schuller, A. Franken, Otto Hauser<\/a><br \/>\n<a href=\"http:\/\/uniblaga.eu\/wp-content\/uploads\/2016\/03\/31.3.2.pdf\"> und Hans Diplich\u00a0(163)<\/a><br \/>\n<strong><br \/>\n<\/strong><a href=\"http:\/\/uniblaga.eu\/wp-content\/uploads\/2016\/03\/31.3.3.pdf\"><strong>Georgiana-Simona Marin (Sibiu-Hermannstadt):<\/strong><\/a><br \/>\n<a href=\"http:\/\/uniblaga.eu\/wp-content\/uploads\/2016\/03\/31.3.3.pdf\"> Institutionsbezeichunungen als \u00dcbersetzungsproblem (176)<\/a><\/p>\n<p class=\"style1\"><a href=\"http:\/\/uniblaga.eu\/wp-content\/uploads\/2016\/03\/31.3.4.pdf\"><strong>Mihai Crudu (Suceava):<\/strong><\/a><br \/>\n<a href=\"http:\/\/uniblaga.eu\/wp-content\/uploads\/2016\/03\/31.3.4.pdf\"> \u00c4quivalenzverh\u00e4ltnisse onymischer Phraseme am Beispiel des<\/a><br \/>\n<a href=\"http:\/\/uniblaga.eu\/wp-content\/uploads\/2016\/03\/31.3.4.pdf\"> Deutschen und Rum\u00e4nischen. Zum interkulturellen Austausch durch \u00dcbersetzungen (185)<\/a><\/p>\n<p><strong>IV.<\/strong> <strong>Das aktuelle Thema<\/strong><\/p>\n<p class=\"style1\"><a href=\"http:\/\/uniblaga.eu\/wp-content\/uploads\/2016\/03\/31.4.1.pdf\"><strong>Maria Sass (Sibiu\/Hermannstadt):<\/strong><\/a><br \/>\n<a href=\"http:\/\/uniblaga.eu\/wp-content\/uploads\/2016\/03\/31.4.1.pdf\"> &#8222;\u00d6ffnung zum Andersartigen, Ann\u00e4herung an den Nachbarn!&#8220;<\/a><br \/>\n<a href=\"http:\/\/uniblaga.eu\/wp-content\/uploads\/2016\/03\/31.4.1.pdf\"> Gespr\u00e4ch mit dem Schriftsteller und Literaturkistoriker<\/a><br \/>\n<a href=\"http:\/\/uniblaga.eu\/wp-content\/uploads\/2016\/03\/31.4.1.pdf\"> Joachim Wittstock (201)<\/a><\/p>\n<p class=\"style1\"><strong>V. B\u00fccherschau<\/strong><\/p>\n<p class=\"style1\"><a href=\"http:\/\/uniblaga.eu\/wp-content\/uploads\/2016\/03\/31.5.1.pdf\"><strong>Maria Trappen (Sibiu\/Hermannstadt):<\/strong><\/a><br \/>\n<a href=\"http:\/\/uniblaga.eu\/wp-content\/uploads\/2016\/03\/31.5.1.pdf\"> Rum\u00e4nische Kulturstandards, au deutscher Sicht.<\/a><br \/>\n<a href=\"http:\/\/uniblaga.eu\/wp-content\/uploads\/2016\/03\/31.5.1.pdf\"> Rubatos, Adrienne; Thomas, Alexander. Beruflich in Rum\u00e4nien.<\/a><br \/>\n<a href=\"http:\/\/uniblaga.eu\/wp-content\/uploads\/2016\/03\/31.5.1.pdf\"> Trainingsprogramm f\u00fcr Manager, Fach- und F\u00fchrungskr\u00e4fte.<\/a><br \/>\n<a href=\"http:\/\/uniblaga.eu\/wp-content\/uploads\/2016\/03\/31.5.1.pdf\"> G\u00f6ttingen 2011 (213)<\/a><\/p>\n<p><a href=\"http:\/\/uniblaga.eu\/wp-content\/uploads\/2016\/03\/31.5.2.pdf\"><strong>Verzeichnis der AutorInnen (<\/strong>219)<\/a><\/p>","protected":false},"excerpt":{"rendered":"<p>Vorwort (11) I. Literaturwissenschaft und Landeskunde Sunhild, Galter (Sibiu\/Hermannstadt): (Fast) ein literarisches Motiv: Effi Briest hin und zur\u00fcck (15) Veronica Buciuman (Oradea\/Gro\u00dfwardein): &#8222;Mein Land riecht [&#8230;] wie das Esen meiner Mutter.&#8220; Heimatvisionen in Herta M\u00fcllers Atemschaukel und in Aglaja Veteranyis &#8222;Warum das Kind in der Polenta kocht (27) Iulia Elena Zup (Iassy): Der rum\u00e4nische Raum &hellip; <a href=\"http:\/\/uniblaga.eu\/de\/germanistische-beitrage\/vol-31-2012\/\" class=\"more-link\"><span class=\"screen-reader-text\">Vol. 31, 2012<\/span> weiterlesen <span class=\"meta-nav\">&rarr;<\/span><\/a><\/p>\n","protected":false},"author":1,"featured_media":0,"parent":7,"menu_order":0,"comment_status":"closed","ping_status":"closed","template":"","meta":[],"_links":{"self":[{"href":"http:\/\/uniblaga.eu\/de\/wp-json\/wp\/v2\/pages\/113"}],"collection":[{"href":"http:\/\/uniblaga.eu\/de\/wp-json\/wp\/v2\/pages"}],"about":[{"href":"http:\/\/uniblaga.eu\/de\/wp-json\/wp\/v2\/types\/page"}],"author":[{"embeddable":true,"href":"http:\/\/uniblaga.eu\/de\/wp-json\/wp\/v2\/users\/1"}],"replies":[{"embeddable":true,"href":"http:\/\/uniblaga.eu\/de\/wp-json\/wp\/v2\/comments?post=113"}],"version-history":[{"count":6,"href":"http:\/\/uniblaga.eu\/de\/wp-json\/wp\/v2\/pages\/113\/revisions"}],"predecessor-version":[{"id":511,"href":"http:\/\/uniblaga.eu\/de\/wp-json\/wp\/v2\/pages\/113\/revisions\/511"}],"up":[{"embeddable":true,"href":"http:\/\/uniblaga.eu\/de\/wp-json\/wp\/v2\/pages\/7"}],"wp:attachment":[{"href":"http:\/\/uniblaga.eu\/de\/wp-json\/wp\/v2\/media?parent=113"}],"curies":[{"name":"wp","href":"https:\/\/api.w.org\/{rel}","templated":true}]}}