{"id":111,"date":"2016-03-24T12:58:42","date_gmt":"2016-03-24T12:58:42","guid":{"rendered":"http:\/\/uniblaga.eu\/?page_id=111"},"modified":"2016-03-28T13:51:35","modified_gmt":"2016-03-28T13:51:35","slug":"vol-32-2013","status":"publish","type":"page","link":"http:\/\/uniblaga.eu\/de\/germanistische-beitrage\/vol-32-2013\/","title":{"rendered":"Vol. 32, 2013"},"content":{"rendered":"<p><\/p>\n<p class=\"style1\"><a href=\"http:\/\/uniblaga.eu\/wp-content\/uploads\/2016\/03\/Vorwort32.pdf\">Vorwort (9)<\/a><\/p>\n<p class=\"style1\"><strong><span style=\"color: #000000;\">I. Literaturwissenschaft und Landeskunde<\/span><\/strong><\/p>\n<p class=\"style1\"><a href=\"http:\/\/uniblaga.eu\/wp-content\/uploads\/2016\/03\/32.1.1.pdf\"><strong>Eugen Christ (Stuttgart):<\/strong><\/a><br \/>\n<a href=\"http:\/\/uniblaga.eu\/wp-content\/uploads\/2016\/03\/32.1.1.pdf\"> <em>Was die Seele nicht empfindet&#8230;<\/em> Wirkungsaspekte des literarischen<\/a><br \/>\n<a href=\"http:\/\/uniblaga.eu\/wp-content\/uploads\/2016\/03\/32.1.1.pdf\"> Stoffes des Dr. Faust in der rum\u00e4nischen Literatur (15)<\/a><\/p>\n<p class=\"style1\"><a href=\"http:\/\/uniblaga.eu\/wp-content\/uploads\/2016\/03\/32.1.2.pdf\"><strong>Joachim Wittstock (Sibiu\/Hermannstadt):<\/strong><\/a><br \/>\n<a href=\"http:\/\/uniblaga.eu\/wp-content\/uploads\/2016\/03\/32.1.2.pdf\"> &#8222;Schriftsteller in Hermannstadt\/Sibiu w\u00e4hrend der &#8222;Jahre der<\/a><br \/>\n<a href=\"http:\/\/uniblaga.eu\/wp-content\/uploads\/2016\/03\/32.1.2.pdf\"> Volksmacht&#8220; (vor und nach 1960) (24)<\/a><\/p>\n<p class=\"style1\"><a href=\"http:\/\/uniblaga.eu\/wp-content\/uploads\/2016\/03\/32.1.3.pdf\"><strong>Maria Sass (Sibiu\/Hermannstadt)<\/strong><strong>:<\/strong><\/a><br \/>\n<a href=\"http:\/\/uniblaga.eu\/wp-content\/uploads\/2016\/03\/32.1.3.pdf\"> Erinnerungsdiskurs und Identit\u00e4tskonstruktion in Carmen Elisabeth<\/a><br \/>\n<a href=\"http:\/\/uniblaga.eu\/wp-content\/uploads\/2016\/03\/32.1.3.pdf\"> Puchianus Roman Patula lacht (42)<\/a><\/p>\n<p class=\"style1\"><a href=\"http:\/\/uniblaga.eu\/wp-content\/uploads\/2016\/03\/32.1.4.pdf\"><strong>Gudrun-Liane Ittu (Sibiu\/Hermannstadt)<\/strong>:<\/a><br \/>\n<a href=\"http:\/\/uniblaga.eu\/wp-content\/uploads\/2016\/03\/32.1.4.pdf\"> Eigen- und Fremdbilder in den Schriften Regine Zieglers (1864-1925)\u00a0(63)<\/a><\/p>\n<p class=\"style1\"><a href=\"http:\/\/uniblaga.eu\/wp-content\/uploads\/2016\/03\/32.1.5.pdf\"><strong>Delia E\u015fianu (Iassy):<\/strong><\/a><br \/>\n<a href=\"http:\/\/uniblaga.eu\/wp-content\/uploads\/2016\/03\/32.1.5.pdf\"> Ringen mit dem Engel. Nelly Sachs und Nichita St\u0103nescu (74)<\/a><\/p>\n<p class=\"style1\"><a href=\"http:\/\/uniblaga.eu\/wp-content\/uploads\/2016\/03\/32.1.6.pdf\"><strong>Teodora-Bianca Moraru (Sibiu\/Hermannstadt):<\/strong><\/a><br \/>\n<a href=\"http:\/\/uniblaga.eu\/wp-content\/uploads\/2016\/03\/32.1.6.pdf\"> Identit\u00e4tserhalt bei Hans Bergel, Norman Manea und Herta M\u00fcller (89)<\/a><\/p>\n<p class=\"style1\"><a href=\"http:\/\/uniblaga.eu\/wp-content\/uploads\/2016\/03\/32.1.7.pdf\"><strong>Eugen Christ (Stuttgart):<\/strong><\/a><br \/>\n<a href=\"http:\/\/uniblaga.eu\/wp-content\/uploads\/2016\/03\/32.1.7.pdf\"> Der literarische Mythos des Dr. Faust &#8211; Ans\u00e4tze und Eckpunkte<\/a><br \/>\n<a href=\"http:\/\/uniblaga.eu\/wp-content\/uploads\/2016\/03\/32.1.7.pdf\"> einer Ph\u00e4nomenologie im \u00dcberblick (109)<\/a><\/p>\n<p class=\"style1\"><a href=\"http:\/\/uniblaga.eu\/wp-content\/uploads\/2016\/03\/32.1.8.pdf\"><strong>Gerhild-Ingrid Rudolf (Sibiu\/Hermannstadt):<\/strong><\/a><br \/>\n<a href=\"http:\/\/uniblaga.eu\/wp-content\/uploads\/2016\/03\/32.1.8.pdf\"> Drei Herangehensweisen an das transkulturelle Kinderbuch von Karin\u00a0G\u00fcndisch Gro\u00dfvaters H\u00e4hne. Betrachtungen aus Perspektiven der\u00a0Soziolinguistik, der Gastrosophie und der Migrationsliteratur (130)<\/a><\/p>\n<p class=\"style1\"><a href=\"http:\/\/uniblaga.eu\/wp-content\/uploads\/2016\/03\/32.1.9.pdf\"><strong>Ellen Tichy (Sibiu\/Hermannstadt):<\/strong><\/a><br \/>\n<a href=\"http:\/\/uniblaga.eu\/wp-content\/uploads\/2016\/03\/32.1.9.pdf\"> Die Europ\u00e4ische Charta der Regional- oder Minderheitensprachen &#8211;<\/a><br \/>\n<a href=\"http:\/\/uniblaga.eu\/wp-content\/uploads\/2016\/03\/32.1.9.pdf\"> Anwendung und Umsetzung in Rum\u00e4nien am Beispiel &#8222;Bildung&#8220; f\u00fcr<\/a><br \/>\n<a href=\"http:\/\/uniblaga.eu\/wp-content\/uploads\/2016\/03\/32.1.9.pdf\"> die deutsche Minderheit (143)<\/a><\/p>\n<p><strong>II. Sprachwissenschaft<\/strong><\/p>\n<p class=\"style1\"><a href=\"http:\/\/uniblaga.eu\/wp-content\/uploads\/2016\/03\/32.2.1.pdf\"><strong>Sigrid Haldenwang (Sibiu\/Hermannstadt):<\/strong><\/a><br \/>\n<a href=\"http:\/\/uniblaga.eu\/wp-content\/uploads\/2016\/03\/32.2.1.pdf\"> Nordsiebenb\u00fcrgische Volksnamen einiger Pflanzen (aus dem<\/a><br \/>\n<a href=\"http:\/\/uniblaga.eu\/wp-content\/uploads\/2016\/03\/32.2.1.pdf\"> Rum\u00e4nischen, auch Ungarischen entlehnt; Zusammensetzungen mit<\/a><br \/>\n<a href=\"http:\/\/uniblaga.eu\/wp-content\/uploads\/2016\/03\/32.2.1.pdf\"> entlehntem Bestimmungs- oder Grundwort; Lehn\u00fcbersetzungen) nach\u00a0bestimmten Kriterien gruppiert (161)<\/a><\/p>\n<p class=\"style1\"><a href=\"http:\/\/uniblaga.eu\/wp-content\/uploads\/2016\/03\/32.2.2.pdf\"><strong>Patrick Lavrits\/Simona Olaru-Posiar (Timisoara\/Temeswar<\/strong><strong>)<\/strong>:<\/a><br \/>\n<a href=\"http:\/\/uniblaga.eu\/wp-content\/uploads\/2016\/03\/32.2.2.pdf\"> Die sozialen und wirtschaftlichen Ver\u00e4nderungen bei den Banater<\/a><br \/>\n<a href=\"http:\/\/uniblaga.eu\/wp-content\/uploads\/2016\/03\/32.2.2.pdf\"> Schwaben in der zweiten H\u00e4lftedes 19. Jahrhunderts (178)<\/a><\/p>\n<p><strong>III. \u00dcbersetzungswissenschaft<\/strong> <strong>und -kritik<\/strong><\/p>\n<p class=\"style1\"><a href=\"http:\/\/uniblaga.eu\/wp-content\/uploads\/2016\/03\/32.3.3.pdf\"><strong>Ioana Constantin\/Carmen Popa (Sibiu\/Hermannstadt):<br \/>\n<\/strong>Schwierigkeiten bei der \u00dcbersetzung von Kanzleitexten am Beispiel<\/a><br \/>\n<a href=\"http:\/\/uniblaga.eu\/wp-content\/uploads\/2016\/03\/32.3.3.pdf\"> von Protokollen des Hermannst\u00e4dter Magistrats (195)<\/a><\/p>\n<p class=\"style1\"><strong>IV. B\u00fccherschau<\/strong><\/p>\n<p class=\"style1\"><a href=\"http:\/\/uniblaga.eu\/wp-content\/uploads\/2016\/03\/32.4.1.pdf\"><strong>Delia Cot\u00e2rlea: Rezension (<\/strong>207)<\/a><\/p>\n<p class=\"style1\"><a href=\"http:\/\/uniblaga.eu\/wp-content\/uploads\/2016\/03\/32.4.2.pdf\"><strong>Maria Sass: Rezension (<\/strong>212)<\/a><\/p>\n<p class=\"style1\"><a href=\"http:\/\/uniblaga.eu\/wp-content\/uploads\/2016\/03\/32.4.3.pdf\"><strong>Verzeichnis der AutorInnen (<\/strong>217)<\/a><\/p>\n<p><\/p>","protected":false},"excerpt":{"rendered":"<p>Vorwort (9) I. Literaturwissenschaft und Landeskunde Eugen Christ (Stuttgart): Was die Seele nicht empfindet&#8230; Wirkungsaspekte des literarischen Stoffes des Dr. Faust in der rum\u00e4nischen Literatur (15) Joachim Wittstock (Sibiu\/Hermannstadt): &#8222;Schriftsteller in Hermannstadt\/Sibiu w\u00e4hrend der &#8222;Jahre der Volksmacht&#8220; (vor und nach 1960) (24) Maria Sass (Sibiu\/Hermannstadt): Erinnerungsdiskurs und Identit\u00e4tskonstruktion in Carmen Elisabeth Puchianus Roman Patula lacht &hellip; <a href=\"http:\/\/uniblaga.eu\/de\/germanistische-beitrage\/vol-32-2013\/\" class=\"more-link\"><span class=\"screen-reader-text\">Vol. 32, 2013<\/span> weiterlesen <span class=\"meta-nav\">&rarr;<\/span><\/a><\/p>\n","protected":false},"author":1,"featured_media":0,"parent":7,"menu_order":0,"comment_status":"closed","ping_status":"closed","template":"","meta":[],"_links":{"self":[{"href":"http:\/\/uniblaga.eu\/de\/wp-json\/wp\/v2\/pages\/111"}],"collection":[{"href":"http:\/\/uniblaga.eu\/de\/wp-json\/wp\/v2\/pages"}],"about":[{"href":"http:\/\/uniblaga.eu\/de\/wp-json\/wp\/v2\/types\/page"}],"author":[{"embeddable":true,"href":"http:\/\/uniblaga.eu\/de\/wp-json\/wp\/v2\/users\/1"}],"replies":[{"embeddable":true,"href":"http:\/\/uniblaga.eu\/de\/wp-json\/wp\/v2\/comments?post=111"}],"version-history":[{"count":6,"href":"http:\/\/uniblaga.eu\/de\/wp-json\/wp\/v2\/pages\/111\/revisions"}],"predecessor-version":[{"id":508,"href":"http:\/\/uniblaga.eu\/de\/wp-json\/wp\/v2\/pages\/111\/revisions\/508"}],"up":[{"embeddable":true,"href":"http:\/\/uniblaga.eu\/de\/wp-json\/wp\/v2\/pages\/7"}],"wp:attachment":[{"href":"http:\/\/uniblaga.eu\/de\/wp-json\/wp\/v2\/media?parent=111"}],"curies":[{"name":"wp","href":"https:\/\/api.w.org\/{rel}","templated":true}]}}