{"id":107,"date":"2016-03-24T12:57:04","date_gmt":"2016-03-24T12:57:04","guid":{"rendered":"http:\/\/uniblaga.eu\/?page_id=107"},"modified":"2016-03-28T13:48:20","modified_gmt":"2016-03-28T13:48:20","slug":"vol-34-2014","status":"publish","type":"page","link":"http:\/\/uniblaga.eu\/de\/germanistische-beitrage\/vol-34-2014\/","title":{"rendered":"Vol. 34, 2014"},"content":{"rendered":"<p><\/p>\n<p class=\"style1\"><span class=\"style4\"><br \/>\n<\/span><a href=\"http:\/\/uniblaga.eu\/wp-content\/uploads\/2016\/03\/Vorwort34.pdf\">Vorwort (9)<\/a><\/p>\n<p class=\"style1\"><a href=\"http:\/\/uniblaga.eu\/wp-content\/uploads\/2016\/03\/34.1.1.pdf\"><strong>Eugen CHRIST(Stuttgart):\u00a0<\/strong>Jugendnetzwerk &#8222;Deutsch im Donauraum&#8220; &#8211; eine \u00dcberlegung (wert) (11)<\/a><\/p>\n<p class=\"style1\"><a href=\"http:\/\/uniblaga.eu\/wp-content\/uploads\/2016\/03\/34.1.2.pdf\"><strong>Peter DINES (PH Ludwigsburg):<\/strong><\/a><br \/>\n<a href=\"http:\/\/uniblaga.eu\/wp-content\/uploads\/2016\/03\/34.1.2.pdf\"> Die Kooperation der PH Ludwigsburg mit ihren Partnern im<\/a><br \/>\n<a href=\"http:\/\/uniblaga.eu\/wp-content\/uploads\/2016\/03\/34.1.2.pdf\"> Donau-Raum &#8211; Projekte, Erfahrungen, Perspektiven (24)<\/a><\/p>\n<p class=\"style1\"><a href=\"http:\/\/uniblaga.eu\/wp-content\/uploads\/2016\/03\/34.1.3.pdf\"><strong>Robert KOVAC \/Sanja NINKOVIC (Novi Sad)<\/strong><strong>:<\/strong><\/a><br \/>\n<a href=\"http:\/\/uniblaga.eu\/wp-content\/uploads\/2016\/03\/34.1.3.pdf\"> Deutsche Sprache und Kultur und Deutschlehrerausbildung in Serbien (37)<\/a><\/p>\n<p class=\"style1\"><a href=\"http:\/\/uniblaga.eu\/wp-content\/uploads\/2016\/03\/34.1.4.pdf\"><strong>Stephanie JUG\/Sanja CIMER (Osijek)<\/strong>:<\/a><br \/>\n<a href=\"http:\/\/uniblaga.eu\/wp-content\/uploads\/2016\/03\/34.1.4.pdf\"> Vergangenheit und Gegenwart der deutschen Spracheinfl\u00fcsse an<\/a><br \/>\n<a href=\"http:\/\/uniblaga.eu\/wp-content\/uploads\/2016\/03\/34.1.4.pdf\"> der Germanistikabteilung in Osijek\u00a0(50)<\/a><\/p>\n<p class=\"style1\"><a href=\"http:\/\/uniblaga.eu\/wp-content\/uploads\/2016\/03\/34.1.5.pdf\"><strong>Liana Regina IUNESCH (Hermannstadt\/Sibiu):<\/strong><\/a><br \/>\n<a href=\"http:\/\/uniblaga.eu\/wp-content\/uploads\/2016\/03\/34.1.5.pdf\"> Erlebnisp\u00e4dagogik als handlungsorientierter und interdisziplin\u00e4rer Deutschunterricht\u00a0(66)<\/a><\/p>\n<p class=\"style1\"><a href=\"http:\/\/uniblaga.eu\/wp-content\/uploads\/2016\/03\/34.1.6.pdf\"><strong>Gabor FRANK (P\u00e9cs\/F\u00fcnfkirchen):<\/strong><\/a><br \/>\n<a href=\"http:\/\/uniblaga.eu\/wp-content\/uploads\/2016\/03\/34.1.6.pdf\"> Deutschlehrerausbildung in Ungarn (87)<\/a><\/p>\n<p class=\"style1\"><a href=\"http:\/\/uniblaga.eu\/wp-content\/uploads\/2016\/03\/34.1.7.pdf\"><strong>Ellen TICHY (Sibiu\/Hermannstadt):<\/strong><\/a><br \/>\n<a href=\"http:\/\/uniblaga.eu\/wp-content\/uploads\/2016\/03\/34.1.7.pdf\"> Nimm Zwei: Zwei Kulturen &#8211; eine Heimat! Eine transkulturelle<\/a><br \/>\n<a href=\"http:\/\/uniblaga.eu\/wp-content\/uploads\/2016\/03\/34.1.7.pdf\"> Begegnung zwischen rum\u00e4nischen und deutschen Jugendlichen (96)<\/a><\/p>\n<p class=\"style1\"><a href=\"http:\/\/uniblaga.eu\/wp-content\/uploads\/2016\/03\/34.1.8.pdf\"><strong>Florentina ALEXANDRU (Bukarest):<\/strong><\/a><br \/>\n<a href=\"http:\/\/uniblaga.eu\/wp-content\/uploads\/2016\/03\/34.1.8.pdf\"> Die interkulturelle Dimension des Fremdsprachenunterrichts<\/a><br \/>\n<a href=\"http:\/\/uniblaga.eu\/wp-content\/uploads\/2016\/03\/34.1.8.pdf\"> in einem sprachlich-kulturell homogenen Kontext\u00a0(109)<\/a><\/p>\n<p class=\"style1\"><a href=\"http:\/\/uniblaga.eu\/wp-content\/uploads\/2016\/03\/34.1.9.pdf\"><strong>Adriana D\u0102NIL\u0102 (Bukarest)<\/strong>:<\/a><br \/>\n<a href=\"http:\/\/uniblaga.eu\/wp-content\/uploads\/2016\/03\/34.1.9.pdf\"> Einige Aspekte der h\u00f6lzernen Sprache in der deutschsprachigen<\/a><br \/>\n<a href=\"http:\/\/uniblaga.eu\/wp-content\/uploads\/2016\/03\/34.1.9.pdf\"> Presse aus Rum\u00e4nien in den 1950er und 1960er Jahren (138)<\/a><\/p>\n<p class=\"style1\"><a href=\"http:\/\/uniblaga.eu\/wp-content\/uploads\/2016\/03\/34.1.10.pdf\"><strong>Sanja NINKOVIC \/ Robert KOVAC (Novi Sad):<br \/>\n<\/strong>Ein interlingualer Vergleich von Phraseologismen in Numeralien (158)<\/a><\/p>\n<p><strong>Anlage:<\/strong><\/p>\n<p style=\"text-align: left;\"><a href=\"http:\/\/uniblaga.eu\/wp-content\/uploads\/2016\/03\/34.1.11.pdf\">Film, Sprache, Begegnung (Holdorf\/Maurer PH Ludwigsburg):Film &#8211; Sprache \u2013 Begegnung. Ein interkulturelles medienp\u00e4dagogisches Sprachf\u00f6rdersommercamp in Rum\u00e4nien (173)<\/a><\/p>\n<p><a href=\"http:\/\/uniblaga.eu\/wp-content\/uploads\/2016\/03\/34.1.12.pdf\">Zirkusp\u00e4dagogik:\u201eWarum der ganze Zirkus?\u201c\u00a0(189)<\/a><\/p>\n<p><a href=\"http:\/\/uniblaga.eu\/wp-content\/uploads\/2016\/03\/34.1.13.pdf\">Mediencamp: Medienp\u00e4dagogische Jugendbegegnung in<\/a><br \/>\n<a href=\"http:\/\/uniblaga.eu\/wp-content\/uploads\/2016\/03\/34.1.13.pdf\"> Sombor. Sprache \u2013 Medien &#8211; Interkulturalit\u00e4t:<\/a><br \/>\n<a href=\"http:\/\/uniblaga.eu\/wp-content\/uploads\/2016\/03\/34.1.13.pdf\"> 13.- 22.August 2013 (199)<\/a><\/p>","protected":false},"excerpt":{"rendered":"<p>Vorwort (9) Eugen CHRIST(Stuttgart):\u00a0Jugendnetzwerk &#8222;Deutsch im Donauraum&#8220; &#8211; eine \u00dcberlegung (wert) (11) Peter DINES (PH Ludwigsburg): Die Kooperation der PH Ludwigsburg mit ihren Partnern im Donau-Raum &#8211; Projekte, Erfahrungen, Perspektiven (24) Robert KOVAC \/Sanja NINKOVIC (Novi Sad): Deutsche Sprache und Kultur und Deutschlehrerausbildung in Serbien (37) Stephanie JUG\/Sanja CIMER (Osijek): Vergangenheit und Gegenwart der deutschen &hellip; <a href=\"http:\/\/uniblaga.eu\/de\/germanistische-beitrage\/vol-34-2014\/\" class=\"more-link\"><span class=\"screen-reader-text\">Vol. 34, 2014<\/span> weiterlesen <span class=\"meta-nav\">&rarr;<\/span><\/a><\/p>\n","protected":false},"author":1,"featured_media":0,"parent":7,"menu_order":0,"comment_status":"closed","ping_status":"closed","template":"","meta":[],"_links":{"self":[{"href":"http:\/\/uniblaga.eu\/de\/wp-json\/wp\/v2\/pages\/107"}],"collection":[{"href":"http:\/\/uniblaga.eu\/de\/wp-json\/wp\/v2\/pages"}],"about":[{"href":"http:\/\/uniblaga.eu\/de\/wp-json\/wp\/v2\/types\/page"}],"author":[{"embeddable":true,"href":"http:\/\/uniblaga.eu\/de\/wp-json\/wp\/v2\/users\/1"}],"replies":[{"embeddable":true,"href":"http:\/\/uniblaga.eu\/de\/wp-json\/wp\/v2\/comments?post=107"}],"version-history":[{"count":6,"href":"http:\/\/uniblaga.eu\/de\/wp-json\/wp\/v2\/pages\/107\/revisions"}],"predecessor-version":[{"id":502,"href":"http:\/\/uniblaga.eu\/de\/wp-json\/wp\/v2\/pages\/107\/revisions\/502"}],"up":[{"embeddable":true,"href":"http:\/\/uniblaga.eu\/de\/wp-json\/wp\/v2\/pages\/7"}],"wp:attachment":[{"href":"http:\/\/uniblaga.eu\/de\/wp-json\/wp\/v2\/media?parent=107"}],"curies":[{"name":"wp","href":"https:\/\/api.w.org\/{rel}","templated":true}]}}