{"id":105,"date":"2016-03-24T12:56:06","date_gmt":"2016-03-24T12:56:06","guid":{"rendered":"http:\/\/uniblaga.eu\/?page_id=105"},"modified":"2016-03-28T13:55:23","modified_gmt":"2016-03-28T13:55:23","slug":"vol-35-2014","status":"publish","type":"page","link":"http:\/\/uniblaga.eu\/de\/germanistische-beitrage\/vol-35-2014\/","title":{"rendered":"Band 35, 2014"},"content":{"rendered":"<p><a href=\"http:\/\/uniblaga.eu\/wp-content\/uploads\/2016\/03\/Vorwort35.pdf\">Vorwort\u00a0(9)<\/a><\/p>\n<p>I. Literaturwissenschaft und Landeskunde<\/p>\n<p><a href=\"http:\/\/uniblaga.eu\/wp-content\/uploads\/2016\/03\/35.1.1.pdf\">Joachim WITTSTOCK (Sibiu\/Hermannstadt):<\/a><br \/>\n<a href=\"http:\/\/uniblaga.eu\/wp-content\/uploads\/2016\/03\/35.1.1.pdf\"> Nach Siebenb\u00fcrgen verschlagen? Vorspiegelung, realistische Sicht und Selbstt\u00e4uschung in Adolf Meschend\u00f6rfers Romandeb\u00fct &#8222;Lenore&#8220; (13)<\/a><\/p>\n<p><a href=\"http:\/\/uniblaga.eu\/wp-content\/uploads\/2016\/03\/35.1.2.pdf\">Delia COTARLEA (Brasov\/Kronstand):<\/a><br \/>\n<a href=\"http:\/\/uniblaga.eu\/wp-content\/uploads\/2016\/03\/35.1.2.pdf\"> Anemone Latzinas Tagebucheintr\u00e4ge und die Literatur der Moderne. Inter- und hypertextuelle Bez\u00fcge zu R. M. Filkes\u00a0Duineser Elegien (25)<\/a><\/p>\n<p><a href=\"http:\/\/uniblaga.eu\/wp-content\/uploads\/2016\/03\/35.1.3.pdf\">Maria SASS (Sibiu\/Hermannstadt):<\/a><br \/>\n<a href=\"http:\/\/uniblaga.eu\/wp-content\/uploads\/2016\/03\/35.1.3.pdf\"> Die Fiktion des Faktischen. Geschichte als Literatur, exemplarisch dargestellt am Werk des rum\u00e4niendeutschen Autors Rene F\u00fcl\u00f6p Miller Der heilige Teufel (42)<\/a><\/p>\n<p><a href=\"http:\/\/uniblaga.eu\/wp-content\/uploads\/2016\/03\/35.1.4.pdf\">Carmen Elisabeth PUCHIANU (Brasov\/Kronstadt):<\/a><br \/>\n<a href=\"http:\/\/uniblaga.eu\/wp-content\/uploads\/2016\/03\/35.1.4.pdf\"> Theater &#8211; eine Sache multipler Interrelationen (64)<\/a><\/p>\n<p><a href=\"http:\/\/uniblaga.eu\/wp-content\/uploads\/2016\/03\/35.1.5.pdf\">Sunhild GALTER (Hermannstadt\/Sibiu):<\/a><br \/>\n<a href=\"http:\/\/uniblaga.eu\/wp-content\/uploads\/2016\/03\/35.1.5.pdf\"> Grenzfall\u00a0von Merle Kr\u00f6ger &#8211; (auch) ein interkultureller Grenzfall (82)<\/a><\/p>\n<p><a href=\"http:\/\/uniblaga.eu\/wp-content\/uploads\/2016\/03\/35.1.6.pdf\">Maria IROD (Bukarest):<\/a><br \/>\n<a href=\"http:\/\/uniblaga.eu\/wp-content\/uploads\/2016\/03\/35.1.6.pdf\"> Poetologische Reflexion und Intertextualit\u00e4t in der neueren Prosa von Josef Winkler (95)<\/a><\/p>\n<p><a href=\"http:\/\/uniblaga.eu\/wp-content\/uploads\/2016\/03\/35.1.7.pdf\">Mohamed TABASSI (Gabes\/S\u00fcdtunesien):<\/a><br \/>\n<a href=\"http:\/\/uniblaga.eu\/wp-content\/uploads\/2016\/03\/35.1.7.pdf\"> &#8222;[I]m Fegefeuer von Diktaturen&#8220;. Die Darstellung arabischer Diktaturen im Prosawerk von Abbas Khider\u00a0(127)<\/a><\/p>\n<p><a href=\"http:\/\/uniblaga.eu\/wp-content\/uploads\/2016\/03\/35.1.8.pdf\">Gudrun-Liane Ittu (Sibiu\/Hermannstadt):<\/a><br \/>\n<a href=\"http:\/\/uniblaga.eu\/wp-content\/uploads\/2016\/03\/35.1.8.pdf\"> Mathilde Berner-Roth (1873-1934), eine schreibende Malerin (164)<\/a><\/p>\n<p><a href=\"http:\/\/uniblaga.eu\/wp-content\/uploads\/2016\/03\/35.1.9.pdf\">Adriana D\u0102NIL\u0102 (Bukarest):<\/a><br \/>\n<a href=\"http:\/\/uniblaga.eu\/wp-content\/uploads\/2016\/03\/35.1.9.pdf\"> Einige Aspekte der h\u00f6lzernen Sprache in der deutschsprachigen Presse aus Rum\u00e4nien in den 1950er und 1960er Jahren (180)<\/a><\/p>\n<p><a href=\"http:\/\/uniblaga.eu\/wp-content\/uploads\/2016\/03\/35.1.10.pdf\">Cristina DOGARU (Bukarest):<\/a><br \/>\n<a href=\"http:\/\/uniblaga.eu\/wp-content\/uploads\/2016\/03\/35.1.10.pdf\"> Die Rezeption der Eulenspiegel-Figur im rum\u00e4nischen Sprachraum (197)<\/a><\/p>\n<p>II: Sprachwissenschaft<\/p>\n<p><a href=\"http:\/\/uniblaga.eu\/wp-content\/uploads\/2016\/03\/35.2.1.pdf\">Adriana-Lucia NISTOR (IASSY):\u00a0Banater Schnitten, Pariser Stangen, Russische Elegante. Zur Reichweite siebenb\u00fcrgischer Kochrezepte\u00a0 (219)<\/a><\/p>\n<p><a href=\"http:\/\/uniblaga.eu\/wp-content\/uploads\/2016\/03\/35.2.2.pdf\">Sigrid HALDEWANG (Sibiu\/Hermannstadt):<\/a><br \/>\n<a href=\"http:\/\/uniblaga.eu\/wp-content\/uploads\/2016\/03\/35.2.2.pdf\"> In siebenb\u00fcrgischen Urkunden und im Siebenb\u00fcrgisch-S\u00e4chsischen belegte Lexeme, die sich auf festgelegte rechtliche Vereinbarungen und auf Pflichtleistungen beziehen, die einem bestimmten Zeitraum zuzuordnen sind (231)<\/a><\/p>\n<p><a href=\"http:\/\/uniblaga.eu\/wp-content\/uploads\/2016\/03\/35.2.3.pdf\">Doris SAVA (Sibiu\/Hermannstadt):\u00a0Zum Stilwert von Phraseologismen (251)<\/a><\/p>\n<p><a href=\"http:\/\/uniblaga.eu\/wp-content\/uploads\/2016\/03\/35.2.4.pdf\">Mihai CRUDU (Suceava): Zur phraseologischen Gebundenheit der Lexeme. Eine exemplarische Analyse am Beispiel deutscher Adjektive\u00a0(271)<\/a><\/p>\n<p><a href=\"http:\/\/uniblaga.eu\/wp-content\/uploads\/2016\/03\/35.2.5.pdf\">Ana KARLSTEDT (Bukarest):\u00a0Pr\u00e4missen f\u00fcr die Vermittlung interkultureller Kompetenzen im studienbegleitenden DaF Unterricht\u00a0(285)<\/a><\/p>\n<p>III. B\u00fccherschau<\/p>\n<p><a href=\"http:\/\/uniblaga.eu\/wp-content\/uploads\/2016\/03\/35.3.1.pdf\">Mihai CRUDU: Rezension (308)<\/a><\/p>","protected":false},"excerpt":{"rendered":"<p>Vorwort\u00a0(9) I. Literaturwissenschaft und Landeskunde Joachim WITTSTOCK (Sibiu\/Hermannstadt): Nach Siebenb\u00fcrgen verschlagen? Vorspiegelung, realistische Sicht und Selbstt\u00e4uschung in Adolf Meschend\u00f6rfers Romandeb\u00fct &#8222;Lenore&#8220; (13) Delia COTARLEA (Brasov\/Kronstand): Anemone Latzinas Tagebucheintr\u00e4ge und die Literatur der Moderne. Inter- und hypertextuelle Bez\u00fcge zu R. M. Filkes\u00a0Duineser Elegien (25) Maria SASS (Sibiu\/Hermannstadt): Die Fiktion des Faktischen. Geschichte als Literatur, exemplarisch dargestellt &hellip; <a href=\"http:\/\/uniblaga.eu\/de\/germanistische-beitrage\/vol-35-2014\/\" class=\"more-link\"><span class=\"screen-reader-text\">Band 35, 2014<\/span> weiterlesen <span class=\"meta-nav\">&rarr;<\/span><\/a><\/p>\n","protected":false},"author":1,"featured_media":0,"parent":7,"menu_order":0,"comment_status":"closed","ping_status":"closed","template":"","meta":[],"_links":{"self":[{"href":"http:\/\/uniblaga.eu\/de\/wp-json\/wp\/v2\/pages\/105"}],"collection":[{"href":"http:\/\/uniblaga.eu\/de\/wp-json\/wp\/v2\/pages"}],"about":[{"href":"http:\/\/uniblaga.eu\/de\/wp-json\/wp\/v2\/types\/page"}],"author":[{"embeddable":true,"href":"http:\/\/uniblaga.eu\/de\/wp-json\/wp\/v2\/users\/1"}],"replies":[{"embeddable":true,"href":"http:\/\/uniblaga.eu\/de\/wp-json\/wp\/v2\/comments?post=105"}],"version-history":[{"count":8,"href":"http:\/\/uniblaga.eu\/de\/wp-json\/wp\/v2\/pages\/105\/revisions"}],"predecessor-version":[{"id":514,"href":"http:\/\/uniblaga.eu\/de\/wp-json\/wp\/v2\/pages\/105\/revisions\/514"}],"up":[{"embeddable":true,"href":"http:\/\/uniblaga.eu\/de\/wp-json\/wp\/v2\/pages\/7"}],"wp:attachment":[{"href":"http:\/\/uniblaga.eu\/de\/wp-json\/wp\/v2\/media?parent=105"}],"curies":[{"name":"wp","href":"https:\/\/api.w.org\/{rel}","templated":true}]}}